{"id":10,"date":"2024-10-18T22:44:25","date_gmt":"2024-10-18T20:44:25","guid":{"rendered":"http:\/\/apelespetitsbignolais.fr\/?page_id=10"},"modified":"2025-09-23T17:04:20","modified_gmt":"2025-09-23T15:04:20","slug":"notre-ecole","status":"publish","type":"page","link":"https:\/\/apelespetitsbignolais.fr\/index.php\/notre-ecole\/","title":{"rendered":"Notre \u00e9cole"},"content":{"rendered":"\t\t<div data-elementor-type=\"wp-page\" data-elementor-id=\"10\" class=\"elementor elementor-10\">\n\t\t\t\t<div class=\"elementor-element elementor-element-04b6a53 e-con-full e-flex e-con e-parent\" data-id=\"04b6a53\" data-element_type=\"container\" data-e-type=\"container\">\n\t\t<div class=\"elementor-element elementor-element-75931b4 e-con-full e-flex e-con e-child\" data-id=\"75931b4\" data-element_type=\"container\" data-e-type=\"container\">\n\t\t\t\t<div class=\"elementor-element elementor-element-0b8c99f elementor-widget__width-initial elementor-widget-tablet__width-initial elementor-widget-mobile__width-initial elementor-widget elementor-widget-heading\" data-id=\"0b8c99f\" data-element_type=\"widget\" data-e-type=\"widget\" data-widget_type=\"heading.default\">\n\t\t\t\t<div class=\"elementor-widget-container\">\n\t\t\t\t\t<h3 class=\"elementor-heading-title elementor-size-default\">Notre \u00e9cole<\/h3>\t\t\t\t<\/div>\n\t\t\t\t<\/div>\n\t\t\t\t<\/div>\n\t\t\t\t<\/div>\n\t\t<div class=\"elementor-element elementor-element-0f50e49 e-con-full e-flex e-con e-parent\" data-id=\"0f50e49\" data-element_type=\"container\" data-e-type=\"container\" data-settings=\"{&quot;background_background&quot;:&quot;classic&quot;}\">\n\t\t\t\t<div class=\"elementor-element elementor-element-ebb6826 elementor-widget__width-inherit elementor-widget elementor-widget-image\" data-id=\"ebb6826\" data-element_type=\"widget\" data-e-type=\"widget\" data-widget_type=\"image.default\">\n\t\t\t\t<div class=\"elementor-widget-container\">\n\t\t\t\t\t\t\t\t\t\t\t\t\t\t\t<img fetchpriority=\"high\" decoding=\"async\" width=\"1024\" height=\"293\" src=\"https:\/\/apelespetitsbignolais.fr\/wp-content\/uploads\/2024\/10\/ecole-primaire-des-deux-bourgs-1024x293.jpg\" class=\"attachment-large size-large wp-image-121\" alt=\"Ecole maternelle et primaire\" srcset=\"https:\/\/apelespetitsbignolais.fr\/wp-content\/uploads\/2024\/10\/ecole-primaire-des-deux-bourgs-1024x293.jpg 1024w, https:\/\/apelespetitsbignolais.fr\/wp-content\/uploads\/2024\/10\/ecole-primaire-des-deux-bourgs-600x172.jpg 600w, https:\/\/apelespetitsbignolais.fr\/wp-content\/uploads\/2024\/10\/ecole-primaire-des-deux-bourgs-300x86.jpg 300w, https:\/\/apelespetitsbignolais.fr\/wp-content\/uploads\/2024\/10\/ecole-primaire-des-deux-bourgs-768x220.jpg 768w, https:\/\/apelespetitsbignolais.fr\/wp-content\/uploads\/2024\/10\/ecole-primaire-des-deux-bourgs-1536x440.jpg 1536w, https:\/\/apelespetitsbignolais.fr\/wp-content\/uploads\/2024\/10\/ecole-primaire-des-deux-bourgs.jpg 1920w\" sizes=\"(max-width: 1024px) 100vw, 1024px\" \/>\t\t\t\t\t\t\t\t\t\t\t\t\t\t\t<\/div>\n\t\t\t\t<\/div>\n\t\t\t\t<div class=\"elementor-element elementor-element-ffe9b56 elementor-widget elementor-widget-heading\" data-id=\"ffe9b56\" data-element_type=\"widget\" data-e-type=\"widget\" data-widget_type=\"heading.default\">\n\t\t\t\t<div class=\"elementor-widget-container\">\n\t\t\t\t\t<h1 class=\"elementor-heading-title elementor-size-default\">ECOLES MATERNELLE ET PRIMAIRE<\/h1>\t\t\t\t<\/div>\n\t\t\t\t<\/div>\n\t\t\t\t<div class=\"elementor-element elementor-element-af9634e elementor-widget__width-inherit elementor-widget elementor-widget-text-editor\" data-id=\"af9634e\" data-element_type=\"widget\" data-e-type=\"widget\" data-widget_type=\"text-editor.default\">\n\t\t\t\t<div class=\"elementor-widget-container\">\n\t\t\t\t\t\t\t\t\t<p><span style=\"color: #000000; font-family: var( --e-global-typography-text-font-family ), Sans-serif; font-weight: var( --e-global-typography-text-font-weight ); font-size: 18px;\">Pour l&rsquo;ann\u00e9e scolaire 2025\/2026, l\u2019\u00e9cole Primaire des deux bourgs accueille 60 \u00e9l\u00e8ves r\u00e9partis sur deux b\u00e2timents distincts.<\/span><\/p><p>Il y a trois classes \u00e0 double ou triple niveaux\u00a0.<\/p><p><span style=\"font-family: var( --e-global-typography-text-font-family ), Sans-serif; font-weight: var( --e-global-typography-text-font-weight );\">TPS\/PS\/MS\/GS : 23 \u00e9l\u00e8ves dont l&rsquo;enseignante est MME RONDAGS<\/span><\/p><p><span style=\"font-family: var( --e-global-typography-text-font-family ), Sans-serif; font-weight: var( --e-global-typography-text-font-weight );\">CP\/CE1\/CE2 : 21 \u00e9l\u00e8ves dont l&rsquo;enseignante est MME PHAM VAN XUA<\/span><\/p><p><span style=\"font-family: var( --e-global-typography-text-font-family ), Sans-serif; font-weight: var( --e-global-typography-text-font-weight );\">CM1\/CM2 : 16 \u00e9l\u00e8ves dont l&rsquo;enseignante et Directrice de l&rsquo;\u00e9cole est MME DOISNE<\/span><\/p>\t\t\t\t\t\t\t\t<\/div>\n\t\t\t\t<\/div>\n\t\t<div class=\"elementor-element elementor-element-147e440 e-flex e-con-boxed e-con e-child\" data-id=\"147e440\" data-element_type=\"container\" data-e-type=\"container\">\n\t\t\t\t\t<div class=\"e-con-inner\">\n\t\t\t\t<div class=\"elementor-element elementor-element-5cad374 elementor-widget elementor-widget-heading\" data-id=\"5cad374\" data-element_type=\"widget\" data-e-type=\"widget\" data-widget_type=\"heading.default\">\n\t\t\t\t<div class=\"elementor-widget-container\">\n\t\t\t\t\t<h2 class=\"elementor-heading-title elementor-size-default\">Classe de Maternelle<\/h2>\t\t\t\t<\/div>\n\t\t\t\t<\/div>\n\t\t\t\t<div class=\"elementor-element elementor-element-2f2a912 e-transform elementor-widget elementor-widget-image\" data-id=\"2f2a912\" data-element_type=\"widget\" data-e-type=\"widget\" data-settings=\"{&quot;_transform_scaleX_effect&quot;:{&quot;unit&quot;:&quot;px&quot;,&quot;size&quot;:1,&quot;sizes&quot;:[]},&quot;_transform_scaleX_effect_tablet&quot;:{&quot;unit&quot;:&quot;px&quot;,&quot;size&quot;:&quot;&quot;,&quot;sizes&quot;:[]},&quot;_transform_scaleX_effect_mobile&quot;:{&quot;unit&quot;:&quot;px&quot;,&quot;size&quot;:&quot;&quot;,&quot;sizes&quot;:[]},&quot;_transform_scaleY_effect&quot;:{&quot;unit&quot;:&quot;px&quot;,&quot;size&quot;:&quot;&quot;,&quot;sizes&quot;:[]},&quot;_transform_scaleY_effect_tablet&quot;:{&quot;unit&quot;:&quot;px&quot;,&quot;size&quot;:&quot;&quot;,&quot;sizes&quot;:[]},&quot;_transform_scaleY_effect_mobile&quot;:{&quot;unit&quot;:&quot;px&quot;,&quot;size&quot;:&quot;&quot;,&quot;sizes&quot;:[]}}\" data-widget_type=\"image.default\">\n\t\t\t\t<div class=\"elementor-widget-container\">\n\t\t\t\t\t\t\t\t\t\t\t\t\t\t\t<img decoding=\"async\" width=\"1024\" height=\"242\" src=\"https:\/\/apelespetitsbignolais.fr\/wp-content\/uploads\/2025\/01\/11-e1736347535170-1024x242.jpg\" class=\"attachment-large size-large wp-image-1114\" alt=\"\" srcset=\"https:\/\/apelespetitsbignolais.fr\/wp-content\/uploads\/2025\/01\/11-e1736347535170-1024x242.jpg 1024w, https:\/\/apelespetitsbignolais.fr\/wp-content\/uploads\/2025\/01\/11-e1736347535170-300x71.jpg 300w, https:\/\/apelespetitsbignolais.fr\/wp-content\/uploads\/2025\/01\/11-e1736347535170-768x182.jpg 768w, https:\/\/apelespetitsbignolais.fr\/wp-content\/uploads\/2025\/01\/11-e1736347535170-1536x364.jpg 1536w, https:\/\/apelespetitsbignolais.fr\/wp-content\/uploads\/2025\/01\/11-e1736347535170.jpg 2040w\" sizes=\"(max-width: 1024px) 100vw, 1024px\" \/>\t\t\t\t\t\t\t\t\t\t\t\t\t\t\t<\/div>\n\t\t\t\t<\/div>\n\t\t\t\t<div class=\"elementor-element elementor-element-7ad43d2 elementor-widget elementor-widget-text-editor\" data-id=\"7ad43d2\" data-element_type=\"widget\" data-e-type=\"widget\" data-widget_type=\"text-editor.default\">\n\t\t\t\t<div class=\"elementor-widget-container\">\n\t\t\t\t\t\t\t\t\t<p>Cette ann\u00e9e, la classe de maternelle accueille 23 \u00e9l\u00e8ves de trois niveaux diff\u00e9rents : PS, MS et GS. Ils sont r\u00e9partis comme suit : 8\/7\/8. Les effectifs par niveau sont donc assez homog\u00e8nes.<\/p><p>Mme Leslie RONDAGS est la ma\u00eetresse de la classe et est assist\u00e9e par Mme AUROY, son ATSEM.<\/p>\t\t\t\t\t\t\t\t<\/div>\n\t\t\t\t<\/div>\n\t\t\t\t\t<\/div>\n\t\t\t\t<\/div>\n\t\t\t\t<div class=\"elementor-element elementor-element-a080b9f elementor-widget elementor-widget-heading\" data-id=\"a080b9f\" data-element_type=\"widget\" data-e-type=\"widget\" data-widget_type=\"heading.default\">\n\t\t\t\t<div class=\"elementor-widget-container\">\n\t\t\t\t\t<h2 class=\"elementor-heading-title elementor-size-default\">Classe de CP\/CE1\/CE2 et CM1\/CM2<\/h2>\t\t\t\t<\/div>\n\t\t\t\t<\/div>\n\t\t\t\t<div class=\"elementor-element elementor-element-00d77a8 elementor-widget elementor-widget-image\" data-id=\"00d77a8\" data-element_type=\"widget\" data-e-type=\"widget\" data-widget_type=\"image.default\">\n\t\t\t\t<div class=\"elementor-widget-container\">\n\t\t\t\t\t\t\t\t\t\t\t\t\t\t\t<img decoding=\"async\" width=\"817\" height=\"485\" src=\"https:\/\/apelespetitsbignolais.fr\/wp-content\/uploads\/2025\/01\/4V3.png\" class=\"attachment-large size-large wp-image-1113\" alt=\"\" srcset=\"https:\/\/apelespetitsbignolais.fr\/wp-content\/uploads\/2025\/01\/4V3.png 817w, https:\/\/apelespetitsbignolais.fr\/wp-content\/uploads\/2025\/01\/4V3-300x178.png 300w, https:\/\/apelespetitsbignolais.fr\/wp-content\/uploads\/2025\/01\/4V3-768x456.png 768w\" sizes=\"(max-width: 817px) 100vw, 817px\" \/>\t\t\t\t\t\t\t\t\t\t\t\t\t\t\t<\/div>\n\t\t\t\t<\/div>\n\t\t\t\t<div class=\"elementor-element elementor-element-11f47b2 elementor-widget elementor-widget-text-editor\" data-id=\"11f47b2\" data-element_type=\"widget\" data-e-type=\"widget\" data-widget_type=\"text-editor.default\">\n\t\t\t\t<div class=\"elementor-widget-container\">\n\t\t\t\t\t\t\t\t\t<p>Les deux autres classes de l\u2019\u00e9cole se trouvent toutes les deux dans le m\u00eame b\u00e2timent \u00e0 proximit\u00e9 de la mairie.<\/p><p>Mme B\u00e9atrice PHAM VAN XUA a pris en charge la classe des CP\/CE1\/CE2 \u00e0 21 \u00e9l\u00e8ves r\u00e9partis comme suit 8 CP, 7 CE1, 6 CE2.<\/p><p>Mme Sol\u00e8ne DOISNE, quant \u00e0 elle, est responsable des CM1\/CM2 (avec 8 CM1 et 8 CM2) et assure la direction de l\u2019\u00e9cole. Elle est d\u00e9charg\u00e9e environ un lundi par mois selon un calendrier \u00e9tablit par la DSDEN de Bourges.<\/p>\t\t\t\t\t\t\t\t<\/div>\n\t\t\t\t<\/div>\n\t\t\t\t<div class=\"elementor-element elementor-element-006dd63 elementor-widget__width-inherit elementor-widget elementor-widget-text-editor\" data-id=\"006dd63\" data-element_type=\"widget\" data-e-type=\"widget\" data-widget_type=\"text-editor.default\">\n\t\t\t\t<div class=\"elementor-widget-container\">\n\t\t\t\t\t\t\t\t\t<h3>Projet 2025\/2026<\/h3><p>Le th\u00e8me de Paris a \u00e9t\u00e9 retenu comme fils conducteur pour les 3 classes de l\u2019\u00e9cole cette ann\u00e9e.<\/p><p>La capitale sera donc \u00e9tudi\u00e9e dans les diff\u00e9rentes classes sous toutes ses formes\u00a0: lecture, litt\u00e9rature, chant, architecture, arts, musique\u2026<\/p><p>Nous aimerions finaliser ce beau projet par\u00a0:<\/p><ul><li><p>Une sortie d\u2019une journ\u00e9e \u00e0 Paris pour les \u00e9l\u00e8ves du CP au CM2<\/p><\/li><li><p>Le spectacle de notre f\u00eate d\u2019\u00e9cole sur ce th\u00e8me\u00a0: le Vendredi 12 Juin 2026 \u00e0 partir de 17h30 avec l\u2019intervention d\u2019une danseuse pour sa mise en \u0153uvre qui interviendrait en amont pour 10 s\u00e9ances dans chacune des classes de l\u2019\u00e9cole.<\/p><\/li><\/ul><p>Nous sommes donc \u00e0 la recherche de financements pour mener \u00e0 bien ces deux projets qui laisseront \u00e0 coups s\u00fbrs de tr\u00e8s beaux souvenirs \u00e0 nos \u00e9l\u00e8ves.<\/p><p><u>En parall\u00e8le cette ann\u00e9e\u00a0:<\/u><\/p><ul><li><p>Randonn\u00e9es p\u00e9destres pour les 3 classes de notre \u00e9cole<\/p><\/li><li><p>Randonn\u00e9es cyclistes du CE2 au CM2<\/p><\/li><li><p>Module v\u00e9lo du CP au CM2 avec mise \u00e0 disposition de la piste routi\u00e8re de la MAIF<\/p><\/li><li><p>Sortie scolaire de la maternelle (X1 ou 2 selon le budget et selon la\/les sortie(s) retenue(s))<\/p><\/li><li><p>Les risques domestiques seront \u00e9tudi\u00e9s en maternelle au travers d\u2019une exposition install\u00e9e dans leur salle de motricit\u00e9 en p\u00e9riode 1.<\/p><\/li><li><p>Le \u00ab\u00a0apprendre \u00e0 porter secours\u00a0\u00bb appel\u00e9 \u00e0 pr\u00e9sent \u00ab\u00a0Pr\u00e9vention et secours civiques\u00a0\u00bb sera abord\u00e9 du CP au CM2 au cours de l\u2019ann\u00e9e.<\/p><\/li><li><p>En attente de validation, un projet en partenariat avec l\u2019\u00e9cole d\u2019ing\u00e9nieur de Bourges pour la classe des CM1\/CM2, autour de la robotique.<\/p><\/li><\/ul>\t\t\t\t\t\t\t\t<\/div>\n\t\t\t\t<\/div>\n\t\t\t\t<div class=\"elementor-element elementor-element-db5ed90 elementor-widget elementor-widget-text-editor\" data-id=\"db5ed90\" data-element_type=\"widget\" data-e-type=\"widget\" data-widget_type=\"text-editor.default\">\n\t\t\t\t<div class=\"elementor-widget-container\">\n\t\t\t\t\t\t\t\t\t<p>Sol\u00e8ne DOISNE<\/p><p>Directrice de l&rsquo;\u00e9cole primaire<\/p>\t\t\t\t\t\t\t\t<\/div>\n\t\t\t\t<\/div>\n\t\t\t\t<div class=\"elementor-element elementor-element-83c1b91 elementor-widget__width-initial elementor-widget elementor-widget-image\" data-id=\"83c1b91\" data-element_type=\"widget\" data-e-type=\"widget\" data-widget_type=\"image.default\">\n\t\t\t\t<div class=\"elementor-widget-container\">\n\t\t\t\t\t\t\t\t\t\t\t\t\t\t\t<img loading=\"lazy\" decoding=\"async\" width=\"257\" height=\"257\" src=\"https:\/\/apelespetitsbignolais.fr\/wp-content\/uploads\/2025\/09\/tour-eiffel.jpg\" class=\"attachment-2048x2048 size-2048x2048 wp-image-1231\" alt=\"\" srcset=\"https:\/\/apelespetitsbignolais.fr\/wp-content\/uploads\/2025\/09\/tour-eiffel.jpg 257w, https:\/\/apelespetitsbignolais.fr\/wp-content\/uploads\/2025\/09\/tour-eiffel-150x150.jpg 150w, https:\/\/apelespetitsbignolais.fr\/wp-content\/uploads\/2025\/09\/tour-eiffel-186x185.jpg 186w, https:\/\/apelespetitsbignolais.fr\/wp-content\/uploads\/2025\/09\/tour-eiffel-220x220.jpg 220w, https:\/\/apelespetitsbignolais.fr\/wp-content\/uploads\/2025\/09\/tour-eiffel-60x60.jpg 60w\" sizes=\"(max-width: 257px) 100vw, 257px\" \/>\t\t\t\t\t\t\t\t\t\t\t\t\t\t\t<\/div>\n\t\t\t\t<\/div>\n\t\t\t\t<\/div>\n\t\t\t\t<\/div>\n\t\t","protected":false},"excerpt":{"rendered":"<p>Notre \u00e9cole ECOLES MATERNELLE ET PRIMAIRE Pour l&rsquo;ann\u00e9e scolaire 2025\/2026, l\u2019\u00e9cole Primaire des deux bourgs accueille 60 \u00e9l\u00e8ves r\u00e9partis sur deux b\u00e2timents distincts. Il y a trois classes \u00e0 double ou triple niveaux\u00a0. TPS\/PS\/MS\/GS : 23 \u00e9l\u00e8ves dont l&rsquo;enseignante est &hellip; <\/p>\n","protected":false},"author":1,"featured_media":0,"parent":0,"menu_order":0,"comment_status":"closed","ping_status":"closed","template":"","meta":{"footnotes":""},"class_list":["post-10","page","type-page","status-publish","hentry"],"yoast_head":"<!-- This site is optimized with the Yoast SEO plugin v27.3 - https:\/\/yoast.com\/product\/yoast-seo-wordpress\/ -->\n<title>Ecole primaire de Bigny Vallenay - Les Petits Bignolais<\/title>\n<meta name=\"description\" content=\"Ecole primaire - L&#039;Association de Parents d&#039;Eleves Les Petits Bignolais vous pr\u00e9sente son \u00e9cole primaire de Bigny Vallenay.\" \/>\n<meta name=\"robots\" content=\"index, follow, max-snippet:-1, max-image-preview:large, max-video-preview:-1\" \/>\n<link rel=\"canonical\" href=\"https:\/\/apelespetitsbignolais.fr\/index.php\/notre-ecole\/\" \/>\n<meta property=\"og:locale\" content=\"fr_FR\" \/>\n<meta property=\"og:type\" content=\"article\" \/>\n<meta property=\"og:title\" content=\"Ecole primaire de Bigny Vallenay - Les Petits Bignolais\" \/>\n<meta property=\"og:description\" content=\"Ecole primaire - L&#039;Association de Parents d&#039;Eleves Les Petits Bignolais vous pr\u00e9sente son \u00e9cole primaire de Bigny Vallenay.\" \/>\n<meta property=\"og:url\" content=\"https:\/\/apelespetitsbignolais.fr\/index.php\/notre-ecole\/\" \/>\n<meta property=\"og:site_name\" content=\"Les Petits Bignolais\" \/>\n<meta property=\"article:modified_time\" content=\"2025-09-23T15:04:20+00:00\" \/>\n<meta property=\"og:image\" content=\"https:\/\/apelespetitsbignolais.fr\/wp-content\/uploads\/2024\/10\/ecole-primaire-des-deux-bourgs.jpg\" \/>\n\t<meta property=\"og:image:width\" content=\"1920\" \/>\n\t<meta property=\"og:image:height\" content=\"550\" \/>\n\t<meta property=\"og:image:type\" content=\"image\/jpeg\" \/>\n<meta name=\"twitter:card\" content=\"summary_large_image\" \/>\n<meta name=\"twitter:label1\" content=\"Dur\u00e9e de lecture estim\u00e9e\" \/>\n\t<meta name=\"twitter:data1\" content=\"4 minutes\" \/>\n<script type=\"application\/ld+json\" class=\"yoast-schema-graph\">{\"@context\":\"https:\\\/\\\/schema.org\",\"@graph\":[{\"@type\":\"WebPage\",\"@id\":\"https:\\\/\\\/apelespetitsbignolais.fr\\\/index.php\\\/notre-ecole\\\/\",\"url\":\"https:\\\/\\\/apelespetitsbignolais.fr\\\/index.php\\\/notre-ecole\\\/\",\"name\":\"Ecole primaire de Bigny Vallenay - Les Petits Bignolais\",\"isPartOf\":{\"@id\":\"https:\\\/\\\/apelespetitsbignolais.fr\\\/#website\"},\"primaryImageOfPage\":{\"@id\":\"https:\\\/\\\/apelespetitsbignolais.fr\\\/index.php\\\/notre-ecole\\\/#primaryimage\"},\"image\":{\"@id\":\"https:\\\/\\\/apelespetitsbignolais.fr\\\/index.php\\\/notre-ecole\\\/#primaryimage\"},\"thumbnailUrl\":\"http:\\\/\\\/apelespetitsbignolais.fr\\\/wp-content\\\/uploads\\\/2024\\\/10\\\/ecole-primaire-des-deux-bourgs-1024x293.jpg\",\"datePublished\":\"2024-10-18T20:44:25+00:00\",\"dateModified\":\"2025-09-23T15:04:20+00:00\",\"description\":\"Ecole primaire - L'Association de Parents d'Eleves Les Petits Bignolais vous pr\u00e9sente son \u00e9cole primaire de Bigny Vallenay.\",\"breadcrumb\":{\"@id\":\"https:\\\/\\\/apelespetitsbignolais.fr\\\/index.php\\\/notre-ecole\\\/#breadcrumb\"},\"inLanguage\":\"fr-FR\",\"potentialAction\":[{\"@type\":\"ReadAction\",\"target\":[\"https:\\\/\\\/apelespetitsbignolais.fr\\\/index.php\\\/notre-ecole\\\/\"]}]},{\"@type\":\"ImageObject\",\"inLanguage\":\"fr-FR\",\"@id\":\"https:\\\/\\\/apelespetitsbignolais.fr\\\/index.php\\\/notre-ecole\\\/#primaryimage\",\"url\":\"http:\\\/\\\/apelespetitsbignolais.fr\\\/wp-content\\\/uploads\\\/2024\\\/10\\\/ecole-primaire-des-deux-bourgs-1024x293.jpg\",\"contentUrl\":\"http:\\\/\\\/apelespetitsbignolais.fr\\\/wp-content\\\/uploads\\\/2024\\\/10\\\/ecole-primaire-des-deux-bourgs-1024x293.jpg\"},{\"@type\":\"BreadcrumbList\",\"@id\":\"https:\\\/\\\/apelespetitsbignolais.fr\\\/index.php\\\/notre-ecole\\\/#breadcrumb\",\"itemListElement\":[{\"@type\":\"ListItem\",\"position\":1,\"name\":\"Accueil\",\"item\":\"https:\\\/\\\/apelespetitsbignolais.fr\\\/\"},{\"@type\":\"ListItem\",\"position\":2,\"name\":\"Notre \u00e9cole\"}]},{\"@type\":\"WebSite\",\"@id\":\"https:\\\/\\\/apelespetitsbignolais.fr\\\/#website\",\"url\":\"https:\\\/\\\/apelespetitsbignolais.fr\\\/\",\"name\":\"APE Les Petits Bignolais\",\"description\":\"Association des parents d&#039;\u00e9l\u00e8ves des \u00e9coles maternelle et primaire  de Bigny Vallenay\",\"publisher\":{\"@id\":\"https:\\\/\\\/apelespetitsbignolais.fr\\\/#organization\"},\"potentialAction\":[{\"@type\":\"SearchAction\",\"target\":{\"@type\":\"EntryPoint\",\"urlTemplate\":\"https:\\\/\\\/apelespetitsbignolais.fr\\\/?s={search_term_string}\"},\"query-input\":{\"@type\":\"PropertyValueSpecification\",\"valueRequired\":true,\"valueName\":\"search_term_string\"}}],\"inLanguage\":\"fr-FR\"},{\"@type\":\"Organization\",\"@id\":\"https:\\\/\\\/apelespetitsbignolais.fr\\\/#organization\",\"name\":\"APE Les Petits Bignolais\",\"url\":\"https:\\\/\\\/apelespetitsbignolais.fr\\\/\",\"logo\":{\"@type\":\"ImageObject\",\"inLanguage\":\"fr-FR\",\"@id\":\"https:\\\/\\\/apelespetitsbignolais.fr\\\/#\\\/schema\\\/logo\\\/image\\\/\",\"url\":\"https:\\\/\\\/apelespetitsbignolais.fr\\\/wp-content\\\/uploads\\\/2024\\\/10\\\/cropped-LOGO-SITE.jpg\",\"contentUrl\":\"https:\\\/\\\/apelespetitsbignolais.fr\\\/wp-content\\\/uploads\\\/2024\\\/10\\\/cropped-LOGO-SITE.jpg\",\"width\":1314,\"height\":558,\"caption\":\"APE Les Petits Bignolais\"},\"image\":{\"@id\":\"https:\\\/\\\/apelespetitsbignolais.fr\\\/#\\\/schema\\\/logo\\\/image\\\/\"}}]}<\/script>\n<!-- \/ Yoast SEO plugin. -->","yoast_head_json":{"title":"Ecole primaire de Bigny Vallenay - Les Petits Bignolais","description":"Ecole primaire - L'Association de Parents d'Eleves Les Petits Bignolais vous pr\u00e9sente son \u00e9cole primaire de Bigny Vallenay.","robots":{"index":"index","follow":"follow","max-snippet":"max-snippet:-1","max-image-preview":"max-image-preview:large","max-video-preview":"max-video-preview:-1"},"canonical":"https:\/\/apelespetitsbignolais.fr\/index.php\/notre-ecole\/","og_locale":"fr_FR","og_type":"article","og_title":"Ecole primaire de Bigny Vallenay - Les Petits Bignolais","og_description":"Ecole primaire - L'Association de Parents d'Eleves Les Petits Bignolais vous pr\u00e9sente son \u00e9cole primaire de Bigny Vallenay.","og_url":"https:\/\/apelespetitsbignolais.fr\/index.php\/notre-ecole\/","og_site_name":"Les Petits Bignolais","article_modified_time":"2025-09-23T15:04:20+00:00","og_image":[{"width":1920,"height":550,"url":"https:\/\/apelespetitsbignolais.fr\/wp-content\/uploads\/2024\/10\/ecole-primaire-des-deux-bourgs.jpg","type":"image\/jpeg"}],"twitter_card":"summary_large_image","twitter_misc":{"Dur\u00e9e de lecture estim\u00e9e":"4 minutes"},"schema":{"@context":"https:\/\/schema.org","@graph":[{"@type":"WebPage","@id":"https:\/\/apelespetitsbignolais.fr\/index.php\/notre-ecole\/","url":"https:\/\/apelespetitsbignolais.fr\/index.php\/notre-ecole\/","name":"Ecole primaire de Bigny Vallenay - Les Petits Bignolais","isPartOf":{"@id":"https:\/\/apelespetitsbignolais.fr\/#website"},"primaryImageOfPage":{"@id":"https:\/\/apelespetitsbignolais.fr\/index.php\/notre-ecole\/#primaryimage"},"image":{"@id":"https:\/\/apelespetitsbignolais.fr\/index.php\/notre-ecole\/#primaryimage"},"thumbnailUrl":"http:\/\/apelespetitsbignolais.fr\/wp-content\/uploads\/2024\/10\/ecole-primaire-des-deux-bourgs-1024x293.jpg","datePublished":"2024-10-18T20:44:25+00:00","dateModified":"2025-09-23T15:04:20+00:00","description":"Ecole primaire - L'Association de Parents d'Eleves Les Petits Bignolais vous pr\u00e9sente son \u00e9cole primaire de Bigny Vallenay.","breadcrumb":{"@id":"https:\/\/apelespetitsbignolais.fr\/index.php\/notre-ecole\/#breadcrumb"},"inLanguage":"fr-FR","potentialAction":[{"@type":"ReadAction","target":["https:\/\/apelespetitsbignolais.fr\/index.php\/notre-ecole\/"]}]},{"@type":"ImageObject","inLanguage":"fr-FR","@id":"https:\/\/apelespetitsbignolais.fr\/index.php\/notre-ecole\/#primaryimage","url":"http:\/\/apelespetitsbignolais.fr\/wp-content\/uploads\/2024\/10\/ecole-primaire-des-deux-bourgs-1024x293.jpg","contentUrl":"http:\/\/apelespetitsbignolais.fr\/wp-content\/uploads\/2024\/10\/ecole-primaire-des-deux-bourgs-1024x293.jpg"},{"@type":"BreadcrumbList","@id":"https:\/\/apelespetitsbignolais.fr\/index.php\/notre-ecole\/#breadcrumb","itemListElement":[{"@type":"ListItem","position":1,"name":"Accueil","item":"https:\/\/apelespetitsbignolais.fr\/"},{"@type":"ListItem","position":2,"name":"Notre \u00e9cole"}]},{"@type":"WebSite","@id":"https:\/\/apelespetitsbignolais.fr\/#website","url":"https:\/\/apelespetitsbignolais.fr\/","name":"APE Les Petits Bignolais","description":"Association des parents d&#039;\u00e9l\u00e8ves des \u00e9coles maternelle et primaire  de Bigny Vallenay","publisher":{"@id":"https:\/\/apelespetitsbignolais.fr\/#organization"},"potentialAction":[{"@type":"SearchAction","target":{"@type":"EntryPoint","urlTemplate":"https:\/\/apelespetitsbignolais.fr\/?s={search_term_string}"},"query-input":{"@type":"PropertyValueSpecification","valueRequired":true,"valueName":"search_term_string"}}],"inLanguage":"fr-FR"},{"@type":"Organization","@id":"https:\/\/apelespetitsbignolais.fr\/#organization","name":"APE Les Petits Bignolais","url":"https:\/\/apelespetitsbignolais.fr\/","logo":{"@type":"ImageObject","inLanguage":"fr-FR","@id":"https:\/\/apelespetitsbignolais.fr\/#\/schema\/logo\/image\/","url":"https:\/\/apelespetitsbignolais.fr\/wp-content\/uploads\/2024\/10\/cropped-LOGO-SITE.jpg","contentUrl":"https:\/\/apelespetitsbignolais.fr\/wp-content\/uploads\/2024\/10\/cropped-LOGO-SITE.jpg","width":1314,"height":558,"caption":"APE Les Petits Bignolais"},"image":{"@id":"https:\/\/apelespetitsbignolais.fr\/#\/schema\/logo\/image\/"}}]}},"_links":{"self":[{"href":"https:\/\/apelespetitsbignolais.fr\/index.php\/wp-json\/wp\/v2\/pages\/10","targetHints":{"allow":["GET"]}}],"collection":[{"href":"https:\/\/apelespetitsbignolais.fr\/index.php\/wp-json\/wp\/v2\/pages"}],"about":[{"href":"https:\/\/apelespetitsbignolais.fr\/index.php\/wp-json\/wp\/v2\/types\/page"}],"author":[{"embeddable":true,"href":"https:\/\/apelespetitsbignolais.fr\/index.php\/wp-json\/wp\/v2\/users\/1"}],"replies":[{"embeddable":true,"href":"https:\/\/apelespetitsbignolais.fr\/index.php\/wp-json\/wp\/v2\/comments?post=10"}],"version-history":[{"count":183,"href":"https:\/\/apelespetitsbignolais.fr\/index.php\/wp-json\/wp\/v2\/pages\/10\/revisions"}],"predecessor-version":[{"id":1341,"href":"https:\/\/apelespetitsbignolais.fr\/index.php\/wp-json\/wp\/v2\/pages\/10\/revisions\/1341"}],"wp:attachment":[{"href":"https:\/\/apelespetitsbignolais.fr\/index.php\/wp-json\/wp\/v2\/media?parent=10"}],"curies":[{"name":"wp","href":"https:\/\/api.w.org\/{rel}","templated":true}]}}