{"id":24,"date":"2024-10-18T22:52:28","date_gmt":"2024-10-18T20:52:28","guid":{"rendered":"http:\/\/apelespetitsbignolais.fr\/?page_id=24"},"modified":"2025-10-22T13:52:49","modified_gmt":"2025-10-22T11:52:49","slug":"mentions-legales","status":"publish","type":"page","link":"https:\/\/apelespetitsbignolais.fr\/index.php\/mentions-legales\/","title":{"rendered":"Mentions legales"},"content":{"rendered":"\t\t<div data-elementor-type=\"wp-page\" data-elementor-id=\"24\" class=\"elementor elementor-24\">\n\t\t\t\t<div class=\"elementor-element elementor-element-d0e64d4 e-flex e-con-boxed e-con e-parent\" data-id=\"d0e64d4\" data-element_type=\"container\" data-e-type=\"container\">\n\t\t\t\t\t<div class=\"e-con-inner\">\n\t\t\t\t<div class=\"elementor-element elementor-element-b66ab7c elementor-widget elementor-widget-heading\" data-id=\"b66ab7c\" data-element_type=\"widget\" data-e-type=\"widget\" data-widget_type=\"heading.default\">\n\t\t\t\t<div class=\"elementor-widget-container\">\n\t\t\t\t\t<h2 class=\"elementor-heading-title elementor-size-default\">MENTIONS L\u00c9GALES, CONDITIONS G\u00c9N\u00c9RALES D'UTILISATION ET POLITIQUE DE CONFIDENTIALIT\u00c9\n<\/h2>\t\t\t\t<\/div>\n\t\t\t\t<\/div>\n\t\t\t\t<div class=\"elementor-element elementor-element-3f84fcb elementor-widget elementor-widget-text-editor\" data-id=\"3f84fcb\" data-element_type=\"widget\" data-e-type=\"widget\" data-widget_type=\"text-editor.default\">\n\t\t\t\t<div class=\"elementor-widget-container\">\n\t\t\t\t\t\t\t\t\t<div dir=\"auto\"><h3 dir=\"auto\" data-olk-copy-source=\"MessageBody\">\u00c9diteur du site<\/h3><div dir=\"auto\">Association : APE Les Petits Bignolais \u00a0<\/div><div dir=\"auto\">Num\u00e9ro RNA : W182001434<\/div><div dir=\"auto\">Si\u00e8ge social : Avenue Hubert Gaullier, 18190 Vallenay \u00a0<\/div><div dir=\"auto\">T\u00e9l\u00e9phone : 06 27 95 59 96 \u00a0<\/div><div dir=\"auto\">Email : apelespetitsbignolais@gmail.com\u00a0<\/div><div dir=\"auto\">Repr\u00e9sentante l\u00e9gale : Mme SILVERI Alicia, Pr\u00e9sidente \u00a0<\/div><div dir=\"auto\">Directeur de la publication : M. JOUNEAU Cyril<\/div><div dir=\"auto\">\u00a0<\/div><h3 dir=\"auto\">H\u00e9bergeur<\/h3><div dir=\"auto\">OVH SAS \u00a0<\/div><div dir=\"auto\">2 Rue Kellermann \u00a0<\/div><div dir=\"auto\">59100 Roubaix \u00a0<\/div><div dir=\"auto\">T\u00e9l\u00e9phone : 09 72 10 10 07<\/div><div dir=\"auto\">\u00a0<\/div><h3 dir=\"auto\">Conditions G\u00e9n\u00e9rales d&rsquo;Utilisation<\/h3><div dir=\"auto\">\u00a0<\/div><h4 dir=\"auto\">Article 1 : Objet<\/h4><div dir=\"auto\">Les pr\u00e9sentes CGU encadrent l&rsquo;utilisation du site internet de l&rsquo;APE Les Petits Bignolais. En acc\u00e9dant au site, l&rsquo;utilisateur accepte sans r\u00e9serve les pr\u00e9sentes conditions.<\/div><div dir=\"auto\">\u00a0<\/div><h4 dir=\"auto\">Article 2 : Mentions restrictives<\/h4><div dir=\"auto\">Le contenu du site est la propri\u00e9t\u00e9 exclusive de l&rsquo;APE Les Petits Bignolais. La reproduction de tout ou partie de ce contenu est strictement interdite sauf autorisation pr\u00e9alable.<\/div><div dir=\"auto\">\u00a0<\/div><h4 dir=\"auto\">Article 3 : Activit\u00e9s commerciales<\/h4><div dir=\"auto\">L&rsquo;association propose p\u00e9riodiquement des ventes de produits (chocolats, sapins, biscuits, etc.) dans le cadre d&rsquo;op\u00e9rations commerciales temporaires. Les conditions sp\u00e9cifiques de chaque vente seront pr\u00e9cis\u00e9es lors du lancement de l&rsquo;op\u00e9ration.<\/div><div dir=\"auto\">\u00a0<\/div><h4 dir=\"auto\">Article 4 : Responsabilit\u00e9<\/h4><div dir=\"auto\">L&rsquo;association s&rsquo;efforce d&rsquo;assurer l&rsquo;exactitude des informations diffus\u00e9es sur son site mais ne peut garantir l&rsquo;absence totale d&rsquo;erreurs. Elle se r\u00e9serve le droit de modifier le contenu \u00e0 tout moment.<\/div><div dir=\"auto\">\u00a0<\/div><h3 dir=\"auto\">Politique de confidentialit\u00e9 et Protection des donn\u00e9es (RGPD)<\/h3><div dir=\"auto\">\u00a0<\/div><h4 dir=\"auto\">Article 1 : Collecte des donn\u00e9es<\/h4><div dir=\"auto\">L&rsquo;APE Les Petits Bignolais collecte les donn\u00e9es personnelles suivantes :<\/div><div dir=\"auto\">&#8211; Nom et pr\u00e9nom<\/div><div dir=\"auto\">&#8211; Adresse postale<\/div><div dir=\"auto\">&#8211; Adresse email<\/div><div dir=\"auto\">\u00a0<\/div><h4 dir=\"auto\">Article 2 : Utilisation des donn\u00e9es<\/h4><div dir=\"auto\">Ces donn\u00e9es sont utilis\u00e9es pour :<\/div><div dir=\"auto\">&#8211; La gestion des bons de commande<\/div><div dir=\"auto\">&#8211; L&rsquo;envoi de newsletters d&rsquo;information<\/div><div dir=\"auto\">&#8211; La communication sur les activit\u00e9s de l&rsquo;association<\/div><div dir=\"auto\">\u00a0<\/div><h4 dir=\"auto\">Article 3 : Base l\u00e9gale<\/h4><div dir=\"auto\">Le traitement de vos donn\u00e9es repose sur :<\/div><div dir=\"auto\">&#8211; L&rsquo;ex\u00e9cution du contrat pour les commandes<\/div><div dir=\"auto\">&#8211; Votre consentement pour l&rsquo;envoi de newsletters<\/div><div dir=\"auto\">&#8211; L&rsquo;int\u00e9r\u00eat l\u00e9gitime de l&rsquo;association pour la communication avec ses membres<\/div><div dir=\"auto\">\u00a0<\/div><h4 dir=\"auto\">Article 4 : Destinataires des donn\u00e9es<\/h4><div dir=\"auto\">Les donn\u00e9es collect\u00e9es sont strictement destin\u00e9es \u00e0 l&rsquo;usage interne de l&rsquo;association. Aucune donn\u00e9e n&rsquo;est transmise \u00e0 des tiers.<\/div><div dir=\"auto\">\u00a0<\/div><h4 dir=\"auto\">Article 5 : Dur\u00e9e de conservation<\/h4><div dir=\"auto\">Les donn\u00e9es personnelles sont conserv\u00e9es pendant une dur\u00e9e de 3 ans \u00e0 compter de la derni\u00e8re interaction.<\/div><div dir=\"auto\">\u00a0<\/div><h4 dir=\"auto\">Article 6 : Droits des personnes<\/h4><div dir=\"auto\">Conform\u00e9ment au RGPD, vous disposez des droits suivants :<\/div><div dir=\"auto\">&#8211; Droit d&rsquo;acc\u00e8s<\/div><div dir=\"auto\">&#8211; Droit de rectification<\/div><div dir=\"auto\">&#8211; Droit d&rsquo;effacement<\/div><div dir=\"auto\">&#8211; Droit \u00e0 la limitation du traitement<\/div><div dir=\"auto\">&#8211; Droit d&rsquo;opposition<\/div><div dir=\"auto\">&#8211; Droit \u00e0 la portabilit\u00e9<\/div><div dir=\"auto\">\u00a0<\/div><div dir=\"auto\">Pour exercer ces droits, contactez-nous \u00e0 : contact@apelespetitsbignolais.fr<\/div><div dir=\"auto\">\u00a0<\/div><h4 dir=\"auto\">Article 7 : Cookies<\/h4><div dir=\"auto\">Le site utilise des cookies techniques essentiels au fonctionnement du site. En naviguant sur le site, vous acceptez l&rsquo;utilisation de ces cookies.<\/div><div dir=\"auto\">\u00a0<\/div><div dir=\"auto\">Types de cookies utilis\u00e9s :<\/div><div dir=\"auto\">&#8211; Cookies techniques de session<\/div><div dir=\"auto\">&#8211; Cookies de mesure d&rsquo;audience<\/div><div dir=\"auto\">\u00a0<\/div><h4 dir=\"auto\">Article 8 : Modification<\/h4><div dir=\"auto\">L&rsquo;association se r\u00e9serve le droit de modifier cette politique de confidentialit\u00e9 \u00e0 tout moment. Les utilisateurs seront inform\u00e9s des changements par une notification sur le site.<\/div><div dir=\"auto\">\u00a0<\/div><h4 dir=\"auto\">Article 9 : Contact DPO<\/h4><div dir=\"auto\">Pour toute question relative \u00e0 la protection de vos donn\u00e9es, contactez notre D\u00e9l\u00e9gu\u00e9e \u00e0 la Protection des Donn\u00e9es :<\/div><div dir=\"auto\">Mme SILVERI Alicia<\/div><div dir=\"auto\">contact@apelespetitsbignolais.fr<\/div><\/div><div dir=\"auto\">\u00a0<\/div><div dir=\"auto\">\u00a0<\/div><div dir=\"auto\">Date de derni\u00e8re mise \u00e0 jour : 22\/10\/2025<\/div>\t\t\t\t\t\t\t\t<\/div>\n\t\t\t\t<\/div>\n\t\t\t\t\t<\/div>\n\t\t\t\t<\/div>\n\t\t\t\t<\/div>\n\t\t","protected":false},"excerpt":{"rendered":"<p>MENTIONS L\u00c9GALES, CONDITIONS G\u00c9N\u00c9RALES D&rsquo;UTILISATION ET POLITIQUE DE CONFIDENTIALIT\u00c9 \u00c9diteur du site Association : APE Les Petits Bignolais \u00a0Num\u00e9ro RNA : W182001434Si\u00e8ge social : Avenue Hubert Gaullier, 18190 Vallenay \u00a0T\u00e9l\u00e9phone : 06 27 95 59 96 \u00a0Email : apelespetitsbignolais@gmail.com\u00a0Repr\u00e9sentante l\u00e9gale &hellip; <\/p>\n","protected":false},"author":1,"featured_media":0,"parent":0,"menu_order":0,"comment_status":"closed","ping_status":"closed","template":"","meta":{"footnotes":""},"class_list":["post-24","page","type-page","status-publish","hentry"],"yoast_head":"<!-- This site is optimized with the Yoast SEO plugin v27.3 - https:\/\/yoast.com\/product\/yoast-seo-wordpress\/ -->\n<title>Mentions legales - Les Petits Bignolais<\/title>\n<meta name=\"robots\" content=\"index, follow, max-snippet:-1, max-image-preview:large, max-video-preview:-1\" \/>\n<link rel=\"canonical\" href=\"https:\/\/apelespetitsbignolais.fr\/index.php\/mentions-legales\/\" \/>\n<meta property=\"og:locale\" content=\"fr_FR\" \/>\n<meta property=\"og:type\" content=\"article\" \/>\n<meta property=\"og:title\" content=\"Mentions legales - Les Petits Bignolais\" \/>\n<meta property=\"og:description\" content=\"MENTIONS L\u00c9GALES, CONDITIONS G\u00c9N\u00c9RALES D&rsquo;UTILISATION ET POLITIQUE DE CONFIDENTIALIT\u00c9 \u00c9diteur du site Association : APE Les Petits Bignolais \u00a0Num\u00e9ro RNA : W182001434Si\u00e8ge social : Avenue Hubert Gaullier, 18190 Vallenay \u00a0T\u00e9l\u00e9phone : 06 27 95 59 96 \u00a0Email : apelespetitsbignolais@gmail.com\u00a0Repr\u00e9sentante l\u00e9gale &hellip;\" \/>\n<meta property=\"og:url\" content=\"https:\/\/apelespetitsbignolais.fr\/index.php\/mentions-legales\/\" \/>\n<meta property=\"og:site_name\" content=\"Les Petits Bignolais\" \/>\n<meta property=\"article:modified_time\" content=\"2025-10-22T11:52:49+00:00\" \/>\n<meta name=\"twitter:card\" content=\"summary_large_image\" \/>\n<meta name=\"twitter:label1\" content=\"Dur\u00e9e de lecture estim\u00e9e\" \/>\n\t<meta name=\"twitter:data1\" content=\"3 minutes\" \/>\n<script type=\"application\/ld+json\" class=\"yoast-schema-graph\">{\"@context\":\"https:\\\/\\\/schema.org\",\"@graph\":[{\"@type\":\"WebPage\",\"@id\":\"https:\\\/\\\/apelespetitsbignolais.fr\\\/index.php\\\/mentions-legales\\\/\",\"url\":\"https:\\\/\\\/apelespetitsbignolais.fr\\\/index.php\\\/mentions-legales\\\/\",\"name\":\"Mentions legales - Les Petits Bignolais\",\"isPartOf\":{\"@id\":\"https:\\\/\\\/apelespetitsbignolais.fr\\\/#website\"},\"datePublished\":\"2024-10-18T20:52:28+00:00\",\"dateModified\":\"2025-10-22T11:52:49+00:00\",\"breadcrumb\":{\"@id\":\"https:\\\/\\\/apelespetitsbignolais.fr\\\/index.php\\\/mentions-legales\\\/#breadcrumb\"},\"inLanguage\":\"fr-FR\",\"potentialAction\":[{\"@type\":\"ReadAction\",\"target\":[\"https:\\\/\\\/apelespetitsbignolais.fr\\\/index.php\\\/mentions-legales\\\/\"]}]},{\"@type\":\"BreadcrumbList\",\"@id\":\"https:\\\/\\\/apelespetitsbignolais.fr\\\/index.php\\\/mentions-legales\\\/#breadcrumb\",\"itemListElement\":[{\"@type\":\"ListItem\",\"position\":1,\"name\":\"Accueil\",\"item\":\"https:\\\/\\\/apelespetitsbignolais.fr\\\/\"},{\"@type\":\"ListItem\",\"position\":2,\"name\":\"Mentions legales\"}]},{\"@type\":\"WebSite\",\"@id\":\"https:\\\/\\\/apelespetitsbignolais.fr\\\/#website\",\"url\":\"https:\\\/\\\/apelespetitsbignolais.fr\\\/\",\"name\":\"APE Les Petits Bignolais\",\"description\":\"Association des parents d&#039;\u00e9l\u00e8ves des \u00e9coles maternelle et primaire  de Bigny Vallenay\",\"publisher\":{\"@id\":\"https:\\\/\\\/apelespetitsbignolais.fr\\\/#organization\"},\"potentialAction\":[{\"@type\":\"SearchAction\",\"target\":{\"@type\":\"EntryPoint\",\"urlTemplate\":\"https:\\\/\\\/apelespetitsbignolais.fr\\\/?s={search_term_string}\"},\"query-input\":{\"@type\":\"PropertyValueSpecification\",\"valueRequired\":true,\"valueName\":\"search_term_string\"}}],\"inLanguage\":\"fr-FR\"},{\"@type\":\"Organization\",\"@id\":\"https:\\\/\\\/apelespetitsbignolais.fr\\\/#organization\",\"name\":\"APE Les Petits Bignolais\",\"url\":\"https:\\\/\\\/apelespetitsbignolais.fr\\\/\",\"logo\":{\"@type\":\"ImageObject\",\"inLanguage\":\"fr-FR\",\"@id\":\"https:\\\/\\\/apelespetitsbignolais.fr\\\/#\\\/schema\\\/logo\\\/image\\\/\",\"url\":\"https:\\\/\\\/apelespetitsbignolais.fr\\\/wp-content\\\/uploads\\\/2024\\\/10\\\/cropped-LOGO-SITE.jpg\",\"contentUrl\":\"https:\\\/\\\/apelespetitsbignolais.fr\\\/wp-content\\\/uploads\\\/2024\\\/10\\\/cropped-LOGO-SITE.jpg\",\"width\":1314,\"height\":558,\"caption\":\"APE Les Petits Bignolais\"},\"image\":{\"@id\":\"https:\\\/\\\/apelespetitsbignolais.fr\\\/#\\\/schema\\\/logo\\\/image\\\/\"}}]}<\/script>\n<!-- \/ Yoast SEO plugin. -->","yoast_head_json":{"title":"Mentions legales - Les Petits Bignolais","robots":{"index":"index","follow":"follow","max-snippet":"max-snippet:-1","max-image-preview":"max-image-preview:large","max-video-preview":"max-video-preview:-1"},"canonical":"https:\/\/apelespetitsbignolais.fr\/index.php\/mentions-legales\/","og_locale":"fr_FR","og_type":"article","og_title":"Mentions legales - Les Petits Bignolais","og_description":"MENTIONS L\u00c9GALES, CONDITIONS G\u00c9N\u00c9RALES D&rsquo;UTILISATION ET POLITIQUE DE CONFIDENTIALIT\u00c9 \u00c9diteur du site Association : APE Les Petits Bignolais \u00a0Num\u00e9ro RNA : W182001434Si\u00e8ge social : Avenue Hubert Gaullier, 18190 Vallenay \u00a0T\u00e9l\u00e9phone : 06 27 95 59 96 \u00a0Email : apelespetitsbignolais@gmail.com\u00a0Repr\u00e9sentante l\u00e9gale &hellip;","og_url":"https:\/\/apelespetitsbignolais.fr\/index.php\/mentions-legales\/","og_site_name":"Les Petits Bignolais","article_modified_time":"2025-10-22T11:52:49+00:00","twitter_card":"summary_large_image","twitter_misc":{"Dur\u00e9e de lecture estim\u00e9e":"3 minutes"},"schema":{"@context":"https:\/\/schema.org","@graph":[{"@type":"WebPage","@id":"https:\/\/apelespetitsbignolais.fr\/index.php\/mentions-legales\/","url":"https:\/\/apelespetitsbignolais.fr\/index.php\/mentions-legales\/","name":"Mentions legales - Les Petits Bignolais","isPartOf":{"@id":"https:\/\/apelespetitsbignolais.fr\/#website"},"datePublished":"2024-10-18T20:52:28+00:00","dateModified":"2025-10-22T11:52:49+00:00","breadcrumb":{"@id":"https:\/\/apelespetitsbignolais.fr\/index.php\/mentions-legales\/#breadcrumb"},"inLanguage":"fr-FR","potentialAction":[{"@type":"ReadAction","target":["https:\/\/apelespetitsbignolais.fr\/index.php\/mentions-legales\/"]}]},{"@type":"BreadcrumbList","@id":"https:\/\/apelespetitsbignolais.fr\/index.php\/mentions-legales\/#breadcrumb","itemListElement":[{"@type":"ListItem","position":1,"name":"Accueil","item":"https:\/\/apelespetitsbignolais.fr\/"},{"@type":"ListItem","position":2,"name":"Mentions legales"}]},{"@type":"WebSite","@id":"https:\/\/apelespetitsbignolais.fr\/#website","url":"https:\/\/apelespetitsbignolais.fr\/","name":"APE Les Petits Bignolais","description":"Association des parents d&#039;\u00e9l\u00e8ves des \u00e9coles maternelle et primaire  de Bigny Vallenay","publisher":{"@id":"https:\/\/apelespetitsbignolais.fr\/#organization"},"potentialAction":[{"@type":"SearchAction","target":{"@type":"EntryPoint","urlTemplate":"https:\/\/apelespetitsbignolais.fr\/?s={search_term_string}"},"query-input":{"@type":"PropertyValueSpecification","valueRequired":true,"valueName":"search_term_string"}}],"inLanguage":"fr-FR"},{"@type":"Organization","@id":"https:\/\/apelespetitsbignolais.fr\/#organization","name":"APE Les Petits Bignolais","url":"https:\/\/apelespetitsbignolais.fr\/","logo":{"@type":"ImageObject","inLanguage":"fr-FR","@id":"https:\/\/apelespetitsbignolais.fr\/#\/schema\/logo\/image\/","url":"https:\/\/apelespetitsbignolais.fr\/wp-content\/uploads\/2024\/10\/cropped-LOGO-SITE.jpg","contentUrl":"https:\/\/apelespetitsbignolais.fr\/wp-content\/uploads\/2024\/10\/cropped-LOGO-SITE.jpg","width":1314,"height":558,"caption":"APE Les Petits Bignolais"},"image":{"@id":"https:\/\/apelespetitsbignolais.fr\/#\/schema\/logo\/image\/"}}]}},"_links":{"self":[{"href":"https:\/\/apelespetitsbignolais.fr\/index.php\/wp-json\/wp\/v2\/pages\/24","targetHints":{"allow":["GET"]}}],"collection":[{"href":"https:\/\/apelespetitsbignolais.fr\/index.php\/wp-json\/wp\/v2\/pages"}],"about":[{"href":"https:\/\/apelespetitsbignolais.fr\/index.php\/wp-json\/wp\/v2\/types\/page"}],"author":[{"embeddable":true,"href":"https:\/\/apelespetitsbignolais.fr\/index.php\/wp-json\/wp\/v2\/users\/1"}],"replies":[{"embeddable":true,"href":"https:\/\/apelespetitsbignolais.fr\/index.php\/wp-json\/wp\/v2\/comments?post=24"}],"version-history":[{"count":10,"href":"https:\/\/apelespetitsbignolais.fr\/index.php\/wp-json\/wp\/v2\/pages\/24\/revisions"}],"predecessor-version":[{"id":1465,"href":"https:\/\/apelespetitsbignolais.fr\/index.php\/wp-json\/wp\/v2\/pages\/24\/revisions\/1465"}],"wp:attachment":[{"href":"https:\/\/apelespetitsbignolais.fr\/index.php\/wp-json\/wp\/v2\/media?parent=24"}],"curies":[{"name":"wp","href":"https:\/\/api.w.org\/{rel}","templated":true}]}}