{"id":474,"date":"2024-10-24T01:20:25","date_gmt":"2024-10-23T23:20:25","guid":{"rendered":"http:\/\/apelespetitsbignolais.fr\/?page_id=474"},"modified":"2024-11-03T22:33:09","modified_gmt":"2024-11-03T21:33:09","slug":"restauration-scolaire","status":"publish","type":"page","link":"https:\/\/apelespetitsbignolais.fr\/index.php\/restauration-scolaire\/","title":{"rendered":"Restauration scolaire"},"content":{"rendered":"\t\t<div data-elementor-type=\"wp-page\" data-elementor-id=\"474\" class=\"elementor elementor-474\">\n\t\t\t\t<div class=\"elementor-element elementor-element-1b79c1e e-flex e-con-boxed e-con e-parent\" data-id=\"1b79c1e\" data-element_type=\"container\" data-e-type=\"container\">\n\t\t\t\t\t<div class=\"e-con-inner\">\n\t\t<div class=\"elementor-element elementor-element-dc11187 e-con-full e-flex e-con e-child\" data-id=\"dc11187\" data-element_type=\"container\" data-e-type=\"container\">\n\t\t\t\t<div class=\"elementor-element elementor-element-0039118 elementor-widget__width-initial elementor-widget-tablet__width-initial elementor-widget elementor-widget-heading\" data-id=\"0039118\" data-element_type=\"widget\" data-e-type=\"widget\" data-widget_type=\"heading.default\">\n\t\t\t\t<div class=\"elementor-widget-container\">\n\t\t\t\t\t<h2 class=\"elementor-heading-title elementor-size-default\">Aide aux parents<\/h2>\t\t\t\t<\/div>\n\t\t\t\t<\/div>\n\t\t\t\t<\/div>\n\t\t\t\t\t<\/div>\n\t\t\t\t<\/div>\n\t\t<div class=\"elementor-element elementor-element-a4d96de e-con-full e-flex e-con e-parent\" data-id=\"a4d96de\" data-element_type=\"container\" data-e-type=\"container\" data-settings=\"{&quot;background_background&quot;:&quot;classic&quot;}\">\n\t\t\t\t<div class=\"elementor-element elementor-element-05d5cbe elementor-widget__width-initial elementor-widget elementor-widget-text-editor\" data-id=\"05d5cbe\" data-element_type=\"widget\" data-e-type=\"widget\" data-widget_type=\"text-editor.default\">\n\t\t\t\t<div class=\"elementor-widget-container\">\n\t\t\t\t\t\t\t\t\t<p>\u00a0<\/p><p><b><u>Restauration scolaire :\u00a0<\/u><\/b>\u00a0<\/p><p><span class=\"texte-bleu\"><strong>Prix du repas\u00a04.00 \u20ac<\/strong><\/span><\/p><p>Les menus sont \u00e9labor\u00e9s et livr\u00e9s par ALTEA\u00a0 PEP18<\/p><p><span class=\"texte-bleu\"><strong>Toute commande ou annulation de repas doit \u00eatre parvenue au plus tard le dimanche pour la semaine N+1.<br \/><\/strong><\/span><\/p><p><span class=\"texte-bleu\"><strong>Pass\u00e9 ce d\u00e9lai, les repas seront factur\u00e9s.<\/strong><\/span><\/p><p>exemple : commande le dimanche 15 septembre au plus tard pour la semaine du 23 au 27 septembre<\/p>\t\t\t\t\t\t\t\t<\/div>\n\t\t\t\t<\/div>\n\t\t\t\t<div class=\"elementor-element elementor-element-d3ece4e elementor-widget elementor-widget-button\" data-id=\"d3ece4e\" data-element_type=\"widget\" data-e-type=\"widget\" data-widget_type=\"button.default\">\n\t\t\t\t<div class=\"elementor-widget-container\">\n\t\t\t\t\t\t\t\t\t<div class=\"elementor-button-wrapper\">\n\t\t\t\t\t<a class=\"elementor-button elementor-button-link elementor-size-sm\" href=\"https:\/\/portail.berger-levrault.fr\/MairieDeVallenay18910\/accueil\" target=\"_blank\">\n\t\t\t\t\t\t<span class=\"elementor-button-content-wrapper\">\n\t\t\t\t\t\t<span class=\"elementor-button-icon\">\n\t\t\t\t<svg aria-hidden=\"true\" class=\"e-font-icon-svg e-fas-shopping-basket\" viewBox=\"0 0 576 512\" xmlns=\"http:\/\/www.w3.org\/2000\/svg\"><path d=\"M576 216v16c0 13.255-10.745 24-24 24h-8l-26.113 182.788C514.509 462.435 494.257 480 470.37 480H105.63c-23.887 0-44.139-17.565-47.518-41.212L32 256h-8c-13.255 0-24-10.745-24-24v-16c0-13.255 10.745-24 24-24h67.341l106.78-146.821c10.395-14.292 30.407-17.453 44.701-7.058 14.293 10.395 17.453 30.408 7.058 44.701L170.477 192h235.046L326.12 82.821c-10.395-14.292-7.234-34.306 7.059-44.701 14.291-10.395 34.306-7.235 44.701 7.058L484.659 192H552c13.255 0 24 10.745 24 24zM312 392V280c0-13.255-10.745-24-24-24s-24 10.745-24 24v112c0 13.255 10.745 24 24 24s24-10.745 24-24zm112 0V280c0-13.255-10.745-24-24-24s-24 10.745-24 24v112c0 13.255 10.745 24 24 24s24-10.745 24-24zm-224 0V280c0-13.255-10.745-24-24-24s-24 10.745-24 24v112c0 13.255 10.745 24 24 24s24-10.745 24-24z\"><\/path><\/svg>\t\t\t<\/span>\n\t\t\t\t\t\t\t\t\t<span class=\"elementor-button-text\">Portail Famille<\/span>\n\t\t\t\t\t<\/span>\n\t\t\t\t\t<\/a>\n\t\t\t\t<\/div>\n\t\t\t\t\t\t\t\t<\/div>\n\t\t\t\t<\/div>\n\t\t\t\t<div class=\"elementor-element elementor-element-e022e26 elementor-widget elementor-widget-button\" data-id=\"e022e26\" data-element_type=\"widget\" data-e-type=\"widget\" data-widget_type=\"button.default\">\n\t\t\t\t<div class=\"elementor-widget-container\">\n\t\t\t\t\t\t\t\t\t<div class=\"elementor-button-wrapper\">\n\t\t\t\t\t<a class=\"elementor-button elementor-button-link elementor-size-sm\" href=\"https:\/\/www.comcomabc.fr\/wp-content\/uploads\/2021\/10\/GuideFrontOffice-Portail-Famille-CDC-ABC.pdf\" target=\"_blank\">\n\t\t\t\t\t\t<span class=\"elementor-button-content-wrapper\">\n\t\t\t\t\t\t<span class=\"elementor-button-icon\">\n\t\t\t\t<svg aria-hidden=\"true\" class=\"e-font-icon-svg e-fas-info-circle\" viewBox=\"0 0 512 512\" xmlns=\"http:\/\/www.w3.org\/2000\/svg\"><path d=\"M256 8C119.043 8 8 119.083 8 256c0 136.997 111.043 248 248 248s248-111.003 248-248C504 119.083 392.957 8 256 8zm0 110c23.196 0 42 18.804 42 42s-18.804 42-42 42-42-18.804-42-42 18.804-42 42-42zm56 254c0 6.627-5.373 12-12 12h-88c-6.627 0-12-5.373-12-12v-24c0-6.627 5.373-12 12-12h12v-64h-12c-6.627 0-12-5.373-12-12v-24c0-6.627 5.373-12 12-12h64c6.627 0 12 5.373 12 12v100h12c6.627 0 12 5.373 12 12v24z\"><\/path><\/svg>\t\t\t<\/span>\n\t\t\t\t\t\t\t\t\t<span class=\"elementor-button-text\">Guide utilisateur portail famille<\/span>\n\t\t\t\t\t<\/span>\n\t\t\t\t\t<\/a>\n\t\t\t\t<\/div>\n\t\t\t\t\t\t\t\t<\/div>\n\t\t\t\t<\/div>\n\t\t\t\t<\/div>\n\t\t\t\t<\/div>\n\t\t","protected":false},"excerpt":{"rendered":"<p>Aide aux parents \u00a0 Restauration scolaire :\u00a0\u00a0 Prix du repas\u00a04.00 \u20ac Les menus sont \u00e9labor\u00e9s et livr\u00e9s par ALTEA\u00a0 PEP18 Toute commande ou annulation de repas doit \u00eatre parvenue au plus tard le dimanche pour la semaine N+1. Pass\u00e9 ce &hellip; <\/p>\n","protected":false},"author":1,"featured_media":0,"parent":0,"menu_order":0,"comment_status":"closed","ping_status":"closed","template":"elementor_header_footer","meta":{"footnotes":""},"class_list":["post-474","page","type-page","status-publish","hentry"],"yoast_head":"<!-- This site is optimized with the Yoast SEO plugin v27.3 - https:\/\/yoast.com\/product\/yoast-seo-wordpress\/ -->\n<title>Restauration scolaire - Les Petits Bignolais<\/title>\n<meta name=\"robots\" content=\"index, follow, max-snippet:-1, max-image-preview:large, max-video-preview:-1\" \/>\n<link rel=\"canonical\" href=\"https:\/\/apelespetitsbignolais.fr\/index.php\/restauration-scolaire\/\" \/>\n<meta property=\"og:locale\" content=\"fr_FR\" \/>\n<meta property=\"og:type\" content=\"article\" \/>\n<meta property=\"og:title\" content=\"Restauration scolaire - Les Petits Bignolais\" \/>\n<meta property=\"og:description\" content=\"Aide aux parents \u00a0 Restauration scolaire :\u00a0\u00a0 Prix du repas\u00a04.00 \u20ac Les menus sont \u00e9labor\u00e9s et livr\u00e9s par ALTEA\u00a0 PEP18 Toute commande ou annulation de repas doit \u00eatre parvenue au plus tard le dimanche pour la semaine N+1. Pass\u00e9 ce &hellip;\" \/>\n<meta property=\"og:url\" content=\"https:\/\/apelespetitsbignolais.fr\/index.php\/restauration-scolaire\/\" \/>\n<meta property=\"og:site_name\" content=\"Les Petits Bignolais\" \/>\n<meta property=\"article:modified_time\" content=\"2024-11-03T21:33:09+00:00\" \/>\n<meta name=\"twitter:card\" content=\"summary_large_image\" \/>\n<meta name=\"twitter:label1\" content=\"Dur\u00e9e de lecture estim\u00e9e\" \/>\n\t<meta name=\"twitter:data1\" content=\"1 minute\" \/>\n<script type=\"application\/ld+json\" class=\"yoast-schema-graph\">{\"@context\":\"https:\\\/\\\/schema.org\",\"@graph\":[{\"@type\":\"WebPage\",\"@id\":\"https:\\\/\\\/apelespetitsbignolais.fr\\\/index.php\\\/restauration-scolaire\\\/\",\"url\":\"https:\\\/\\\/apelespetitsbignolais.fr\\\/index.php\\\/restauration-scolaire\\\/\",\"name\":\"Restauration scolaire - Les Petits Bignolais\",\"isPartOf\":{\"@id\":\"https:\\\/\\\/apelespetitsbignolais.fr\\\/#website\"},\"datePublished\":\"2024-10-23T23:20:25+00:00\",\"dateModified\":\"2024-11-03T21:33:09+00:00\",\"breadcrumb\":{\"@id\":\"https:\\\/\\\/apelespetitsbignolais.fr\\\/index.php\\\/restauration-scolaire\\\/#breadcrumb\"},\"inLanguage\":\"fr-FR\",\"potentialAction\":[{\"@type\":\"ReadAction\",\"target\":[\"https:\\\/\\\/apelespetitsbignolais.fr\\\/index.php\\\/restauration-scolaire\\\/\"]}]},{\"@type\":\"BreadcrumbList\",\"@id\":\"https:\\\/\\\/apelespetitsbignolais.fr\\\/index.php\\\/restauration-scolaire\\\/#breadcrumb\",\"itemListElement\":[{\"@type\":\"ListItem\",\"position\":1,\"name\":\"Accueil\",\"item\":\"https:\\\/\\\/apelespetitsbignolais.fr\\\/\"},{\"@type\":\"ListItem\",\"position\":2,\"name\":\"Restauration scolaire\"}]},{\"@type\":\"WebSite\",\"@id\":\"https:\\\/\\\/apelespetitsbignolais.fr\\\/#website\",\"url\":\"https:\\\/\\\/apelespetitsbignolais.fr\\\/\",\"name\":\"APE Les Petits Bignolais\",\"description\":\"Association des parents d&#039;\u00e9l\u00e8ves des \u00e9coles maternelle et primaire  de Bigny Vallenay\",\"publisher\":{\"@id\":\"https:\\\/\\\/apelespetitsbignolais.fr\\\/#organization\"},\"potentialAction\":[{\"@type\":\"SearchAction\",\"target\":{\"@type\":\"EntryPoint\",\"urlTemplate\":\"https:\\\/\\\/apelespetitsbignolais.fr\\\/?s={search_term_string}\"},\"query-input\":{\"@type\":\"PropertyValueSpecification\",\"valueRequired\":true,\"valueName\":\"search_term_string\"}}],\"inLanguage\":\"fr-FR\"},{\"@type\":\"Organization\",\"@id\":\"https:\\\/\\\/apelespetitsbignolais.fr\\\/#organization\",\"name\":\"APE Les Petits Bignolais\",\"url\":\"https:\\\/\\\/apelespetitsbignolais.fr\\\/\",\"logo\":{\"@type\":\"ImageObject\",\"inLanguage\":\"fr-FR\",\"@id\":\"https:\\\/\\\/apelespetitsbignolais.fr\\\/#\\\/schema\\\/logo\\\/image\\\/\",\"url\":\"https:\\\/\\\/apelespetitsbignolais.fr\\\/wp-content\\\/uploads\\\/2024\\\/10\\\/cropped-LOGO-SITE.jpg\",\"contentUrl\":\"https:\\\/\\\/apelespetitsbignolais.fr\\\/wp-content\\\/uploads\\\/2024\\\/10\\\/cropped-LOGO-SITE.jpg\",\"width\":1314,\"height\":558,\"caption\":\"APE Les Petits Bignolais\"},\"image\":{\"@id\":\"https:\\\/\\\/apelespetitsbignolais.fr\\\/#\\\/schema\\\/logo\\\/image\\\/\"}}]}<\/script>\n<!-- \/ Yoast SEO plugin. -->","yoast_head_json":{"title":"Restauration scolaire - Les Petits Bignolais","robots":{"index":"index","follow":"follow","max-snippet":"max-snippet:-1","max-image-preview":"max-image-preview:large","max-video-preview":"max-video-preview:-1"},"canonical":"https:\/\/apelespetitsbignolais.fr\/index.php\/restauration-scolaire\/","og_locale":"fr_FR","og_type":"article","og_title":"Restauration scolaire - Les Petits Bignolais","og_description":"Aide aux parents \u00a0 Restauration scolaire :\u00a0\u00a0 Prix du repas\u00a04.00 \u20ac Les menus sont \u00e9labor\u00e9s et livr\u00e9s par ALTEA\u00a0 PEP18 Toute commande ou annulation de repas doit \u00eatre parvenue au plus tard le dimanche pour la semaine N+1. Pass\u00e9 ce &hellip;","og_url":"https:\/\/apelespetitsbignolais.fr\/index.php\/restauration-scolaire\/","og_site_name":"Les Petits Bignolais","article_modified_time":"2024-11-03T21:33:09+00:00","twitter_card":"summary_large_image","twitter_misc":{"Dur\u00e9e de lecture estim\u00e9e":"1 minute"},"schema":{"@context":"https:\/\/schema.org","@graph":[{"@type":"WebPage","@id":"https:\/\/apelespetitsbignolais.fr\/index.php\/restauration-scolaire\/","url":"https:\/\/apelespetitsbignolais.fr\/index.php\/restauration-scolaire\/","name":"Restauration scolaire - Les Petits Bignolais","isPartOf":{"@id":"https:\/\/apelespetitsbignolais.fr\/#website"},"datePublished":"2024-10-23T23:20:25+00:00","dateModified":"2024-11-03T21:33:09+00:00","breadcrumb":{"@id":"https:\/\/apelespetitsbignolais.fr\/index.php\/restauration-scolaire\/#breadcrumb"},"inLanguage":"fr-FR","potentialAction":[{"@type":"ReadAction","target":["https:\/\/apelespetitsbignolais.fr\/index.php\/restauration-scolaire\/"]}]},{"@type":"BreadcrumbList","@id":"https:\/\/apelespetitsbignolais.fr\/index.php\/restauration-scolaire\/#breadcrumb","itemListElement":[{"@type":"ListItem","position":1,"name":"Accueil","item":"https:\/\/apelespetitsbignolais.fr\/"},{"@type":"ListItem","position":2,"name":"Restauration scolaire"}]},{"@type":"WebSite","@id":"https:\/\/apelespetitsbignolais.fr\/#website","url":"https:\/\/apelespetitsbignolais.fr\/","name":"APE Les Petits Bignolais","description":"Association des parents d&#039;\u00e9l\u00e8ves des \u00e9coles maternelle et primaire  de Bigny Vallenay","publisher":{"@id":"https:\/\/apelespetitsbignolais.fr\/#organization"},"potentialAction":[{"@type":"SearchAction","target":{"@type":"EntryPoint","urlTemplate":"https:\/\/apelespetitsbignolais.fr\/?s={search_term_string}"},"query-input":{"@type":"PropertyValueSpecification","valueRequired":true,"valueName":"search_term_string"}}],"inLanguage":"fr-FR"},{"@type":"Organization","@id":"https:\/\/apelespetitsbignolais.fr\/#organization","name":"APE Les Petits Bignolais","url":"https:\/\/apelespetitsbignolais.fr\/","logo":{"@type":"ImageObject","inLanguage":"fr-FR","@id":"https:\/\/apelespetitsbignolais.fr\/#\/schema\/logo\/image\/","url":"https:\/\/apelespetitsbignolais.fr\/wp-content\/uploads\/2024\/10\/cropped-LOGO-SITE.jpg","contentUrl":"https:\/\/apelespetitsbignolais.fr\/wp-content\/uploads\/2024\/10\/cropped-LOGO-SITE.jpg","width":1314,"height":558,"caption":"APE Les Petits Bignolais"},"image":{"@id":"https:\/\/apelespetitsbignolais.fr\/#\/schema\/logo\/image\/"}}]}},"_links":{"self":[{"href":"https:\/\/apelespetitsbignolais.fr\/index.php\/wp-json\/wp\/v2\/pages\/474","targetHints":{"allow":["GET"]}}],"collection":[{"href":"https:\/\/apelespetitsbignolais.fr\/index.php\/wp-json\/wp\/v2\/pages"}],"about":[{"href":"https:\/\/apelespetitsbignolais.fr\/index.php\/wp-json\/wp\/v2\/types\/page"}],"author":[{"embeddable":true,"href":"https:\/\/apelespetitsbignolais.fr\/index.php\/wp-json\/wp\/v2\/users\/1"}],"replies":[{"embeddable":true,"href":"https:\/\/apelespetitsbignolais.fr\/index.php\/wp-json\/wp\/v2\/comments?post=474"}],"version-history":[{"count":7,"href":"https:\/\/apelespetitsbignolais.fr\/index.php\/wp-json\/wp\/v2\/pages\/474\/revisions"}],"predecessor-version":[{"id":894,"href":"https:\/\/apelespetitsbignolais.fr\/index.php\/wp-json\/wp\/v2\/pages\/474\/revisions\/894"}],"wp:attachment":[{"href":"https:\/\/apelespetitsbignolais.fr\/index.php\/wp-json\/wp\/v2\/media?parent=474"}],"curies":[{"name":"wp","href":"https:\/\/api.w.org\/{rel}","templated":true}]}}