{"id":477,"date":"2024-10-24T01:21:14","date_gmt":"2024-10-23T23:21:14","guid":{"rendered":"http:\/\/apelespetitsbignolais.fr\/?page_id=477"},"modified":"2025-09-21T16:45:22","modified_gmt":"2025-09-21T14:45:22","slug":"garderie-periscolaire","status":"publish","type":"page","link":"https:\/\/apelespetitsbignolais.fr\/index.php\/garderie-periscolaire\/","title":{"rendered":"Garderie p\u00e9riscolaire"},"content":{"rendered":"\t\t<div data-elementor-type=\"wp-page\" data-elementor-id=\"477\" class=\"elementor elementor-477\">\n\t\t\t\t<div class=\"elementor-element elementor-element-541b900 e-flex e-con-boxed e-con e-parent\" data-id=\"541b900\" data-element_type=\"container\" data-e-type=\"container\">\n\t\t\t\t\t<div class=\"e-con-inner\">\n\t\t<div class=\"elementor-element elementor-element-84c2660 e-con-full e-flex e-con e-child\" data-id=\"84c2660\" data-element_type=\"container\" data-e-type=\"container\">\n\t\t\t\t<div class=\"elementor-element elementor-element-1144718 elementor-widget__width-initial elementor-widget-tablet__width-initial elementor-widget elementor-widget-heading\" data-id=\"1144718\" data-element_type=\"widget\" data-e-type=\"widget\" data-widget_type=\"heading.default\">\n\t\t\t\t<div class=\"elementor-widget-container\">\n\t\t\t\t\t<h2 class=\"elementor-heading-title elementor-size-default\">Aide aux parents<\/h2>\t\t\t\t<\/div>\n\t\t\t\t<\/div>\n\t\t\t\t<\/div>\n\t\t\t\t\t<\/div>\n\t\t\t\t<\/div>\n\t\t<div class=\"elementor-element elementor-element-bc2d4fe e-con-full e-flex e-con e-parent\" data-id=\"bc2d4fe\" data-element_type=\"container\" data-e-type=\"container\" data-settings=\"{&quot;background_background&quot;:&quot;classic&quot;}\">\n\t\t\t\t<div class=\"elementor-element elementor-element-a6d7408 elementor-widget__width-initial elementor-widget elementor-widget-text-editor\" data-id=\"a6d7408\" data-element_type=\"widget\" data-e-type=\"widget\" data-widget_type=\"text-editor.default\">\n\t\t\t\t<div class=\"elementor-widget-container\">\n\t\t\t\t\t\t\t\t\t<p>\u00a0<\/p><p><strong><u>Service enfance jeunesse :\u00a0<\/u><\/strong><\/p><ul><li>Garderie p\u00e9riscolaire (\u00e0 la salle de cantine de l&rsquo;\u00e9cole de Bigny Vallenay) :<ul><li>Lundi \/ Mardi \/ Jeudi \/ Vendredi<ul><li>de 07h00 \u00e0 08h30 et de 16h30 \u00e0 18h30\u00a0<\/li><\/ul><\/li><\/ul><\/li><\/ul><ul><li>\u00a0Garderie p\u00e9riscolaire (au complexe p\u00e9riscolaire rue des charmilles \u00e0 Levet ou \u00e0 l&rsquo;accueil de loisir rue des \u00e9coles \u00e0 Venesmes) :<ul><li>Mercredi<ul><li>de 07h00 \u00e0 09h00\u00a0<\/li><li>de 09h00 \u00e0 13h00\u00a0<\/li><li>de 09h00 \u00e0 17h30\u00a0<\/li><li>de 17h30 \u00e0 18h30\u00a0<\/li><\/ul><\/li><\/ul><\/li><li>Garderie vacances scolaires (\u00e0 Levet, Venesmes ou Ligni\u00e8res) :<ul><li>\u00a0Pour plus de d\u00e9tails, voir le prospectus Enfance Jeunesse de la Communaut\u00e9 de Communes Arnon Boischaut Cher<\/li><\/ul><\/li><\/ul><div>\u00a0<\/div>\t\t\t\t\t\t\t\t<\/div>\n\t\t\t\t<\/div>\n\t\t\t\t<div class=\"elementor-element elementor-element-1ce9caa elementor-widget elementor-widget-button\" data-id=\"1ce9caa\" data-element_type=\"widget\" data-e-type=\"widget\" data-widget_type=\"button.default\">\n\t\t\t\t<div class=\"elementor-widget-container\">\n\t\t\t\t\t\t\t\t\t<div class=\"elementor-button-wrapper\">\n\t\t\t\t\t<a class=\"elementor-button elementor-button-link elementor-size-sm\" href=\"https:\/\/www.comcomabc.fr\/accueil\/enfance-jeunesse\/accueils-periscolaires-mercredis\/\" target=\"_blank\">\n\t\t\t\t\t\t<span class=\"elementor-button-content-wrapper\">\n\t\t\t\t\t\t<span class=\"elementor-button-icon\">\n\t\t\t\t<svg aria-hidden=\"true\" class=\"e-font-icon-svg e-fas-shopping-basket\" viewBox=\"0 0 576 512\" xmlns=\"http:\/\/www.w3.org\/2000\/svg\"><path d=\"M576 216v16c0 13.255-10.745 24-24 24h-8l-26.113 182.788C514.509 462.435 494.257 480 470.37 480H105.63c-23.887 0-44.139-17.565-47.518-41.212L32 256h-8c-13.255 0-24-10.745-24-24v-16c0-13.255 10.745-24 24-24h67.341l106.78-146.821c10.395-14.292 30.407-17.453 44.701-7.058 14.293 10.395 17.453 30.408 7.058 44.701L170.477 192h235.046L326.12 82.821c-10.395-14.292-7.234-34.306 7.059-44.701 14.291-10.395 34.306-7.235 44.701 7.058L484.659 192H552c13.255 0 24 10.745 24 24zM312 392V280c0-13.255-10.745-24-24-24s-24 10.745-24 24v112c0 13.255 10.745 24 24 24s24-10.745 24-24zm112 0V280c0-13.255-10.745-24-24-24s-24 10.745-24 24v112c0 13.255 10.745 24 24 24s24-10.745 24-24zm-224 0V280c0-13.255-10.745-24-24-24s-24 10.745-24 24v112c0 13.255 10.745 24 24 24s24-10.745 24-24z\"><\/path><\/svg>\t\t\t<\/span>\n\t\t\t\t\t\t\t\t\t<span class=\"elementor-button-text\">Site internet de la Communaut\u00e9 de Communes Arnon Boischaut Cher<\/span>\n\t\t\t\t\t<\/span>\n\t\t\t\t\t<\/a>\n\t\t\t\t<\/div>\n\t\t\t\t\t\t\t\t<\/div>\n\t\t\t\t<\/div>\n\t\t\t\t<div class=\"elementor-element elementor-element-bd71c34 elementor-widget elementor-widget-button\" data-id=\"bd71c34\" data-element_type=\"widget\" data-e-type=\"widget\" data-widget_type=\"button.default\">\n\t\t\t\t<div class=\"elementor-widget-container\">\n\t\t\t\t\t\t\t\t\t<div class=\"elementor-button-wrapper\">\n\t\t\t\t\t<a class=\"elementor-button elementor-button-link elementor-size-sm\" href=\"https:\/\/portail.berger-levrault.fr\/ComComArnonBoischautCher\/accueil\" target=\"_blank\">\n\t\t\t\t\t\t<span class=\"elementor-button-content-wrapper\">\n\t\t\t\t\t\t<span class=\"elementor-button-icon\">\n\t\t\t\t<svg aria-hidden=\"true\" class=\"e-font-icon-svg e-fas-shopping-basket\" viewBox=\"0 0 576 512\" xmlns=\"http:\/\/www.w3.org\/2000\/svg\"><path d=\"M576 216v16c0 13.255-10.745 24-24 24h-8l-26.113 182.788C514.509 462.435 494.257 480 470.37 480H105.63c-23.887 0-44.139-17.565-47.518-41.212L32 256h-8c-13.255 0-24-10.745-24-24v-16c0-13.255 10.745-24 24-24h67.341l106.78-146.821c10.395-14.292 30.407-17.453 44.701-7.058 14.293 10.395 17.453 30.408 7.058 44.701L170.477 192h235.046L326.12 82.821c-10.395-14.292-7.234-34.306 7.059-44.701 14.291-10.395 34.306-7.235 44.701 7.058L484.659 192H552c13.255 0 24 10.745 24 24zM312 392V280c0-13.255-10.745-24-24-24s-24 10.745-24 24v112c0 13.255 10.745 24 24 24s24-10.745 24-24zm112 0V280c0-13.255-10.745-24-24-24s-24 10.745-24 24v112c0 13.255 10.745 24 24 24s24-10.745 24-24zm-224 0V280c0-13.255-10.745-24-24-24s-24 10.745-24 24v112c0 13.255 10.745 24 24 24s24-10.745 24-24z\"><\/path><\/svg>\t\t\t<\/span>\n\t\t\t\t\t\t\t\t\t<span class=\"elementor-button-text\">Portail Famille<\/span>\n\t\t\t\t\t<\/span>\n\t\t\t\t\t<\/a>\n\t\t\t\t<\/div>\n\t\t\t\t\t\t\t\t<\/div>\n\t\t\t\t<\/div>\n\t\t\t\t<div class=\"elementor-element elementor-element-37b43a5 elementor-widget elementor-widget-button\" data-id=\"37b43a5\" data-element_type=\"widget\" data-e-type=\"widget\" data-widget_type=\"button.default\">\n\t\t\t\t<div class=\"elementor-widget-container\">\n\t\t\t\t\t\t\t\t\t<div class=\"elementor-button-wrapper\">\n\t\t\t\t\t<a class=\"elementor-button elementor-button-link elementor-size-sm\" href=\"https:\/\/www.comcomabc.fr\/wp-content\/uploads\/2021\/10\/GuideFrontOffice-Portail-Famille-CDC-ABC.pdf\" target=\"_blank\">\n\t\t\t\t\t\t<span class=\"elementor-button-content-wrapper\">\n\t\t\t\t\t\t<span class=\"elementor-button-icon\">\n\t\t\t\t<svg aria-hidden=\"true\" class=\"e-font-icon-svg e-fas-info-circle\" viewBox=\"0 0 512 512\" xmlns=\"http:\/\/www.w3.org\/2000\/svg\"><path d=\"M256 8C119.043 8 8 119.083 8 256c0 136.997 111.043 248 248 248s248-111.003 248-248C504 119.083 392.957 8 256 8zm0 110c23.196 0 42 18.804 42 42s-18.804 42-42 42-42-18.804-42-42 18.804-42 42-42zm56 254c0 6.627-5.373 12-12 12h-88c-6.627 0-12-5.373-12-12v-24c0-6.627 5.373-12 12-12h12v-64h-12c-6.627 0-12-5.373-12-12v-24c0-6.627 5.373-12 12-12h64c6.627 0 12 5.373 12 12v100h12c6.627 0 12 5.373 12 12v24z\"><\/path><\/svg>\t\t\t<\/span>\n\t\t\t\t\t\t\t\t\t<span class=\"elementor-button-text\">Guide utilisateur portail famille<\/span>\n\t\t\t\t\t<\/span>\n\t\t\t\t\t<\/a>\n\t\t\t\t<\/div>\n\t\t\t\t\t\t\t\t<\/div>\n\t\t\t\t<\/div>\n\t\t<div class=\"elementor-element elementor-element-9bb5902 e-grid e-con-boxed e-con e-child\" data-id=\"9bb5902\" data-element_type=\"container\" data-e-type=\"container\">\n\t\t\t\t\t<div class=\"e-con-inner\">\n\t\t\t\t<div class=\"elementor-element elementor-element-0570015 elementor-widget elementor-widget-image\" data-id=\"0570015\" data-element_type=\"widget\" data-e-type=\"widget\" data-widget_type=\"image.default\">\n\t\t\t\t<div class=\"elementor-widget-container\">\n\t\t\t\t\t\t\t\t\t\t\t\t\t\t\t\t<a href=\"http:\/\/apelespetitsbignolais.fr\/wp-content\/uploads\/2025\/09\/enfance-jeunesse-cdc-abc-2-2025-2026.png\" data-elementor-open-lightbox=\"yes\" data-elementor-lightbox-title=\"enfance jeunesse cdc abc 2 2025 2026\" data-e-action-hash=\"#elementor-action%3Aaction%3Dlightbox%26settings%3DeyJpZCI6MTI2MCwidXJsIjoiaHR0cHM6XC9cL2FwZWxlc3BldGl0c2JpZ25vbGFpcy5mclwvd3AtY29udGVudFwvdXBsb2Fkc1wvMjAyNVwvMDlcL2VuZmFuY2UtamV1bmVzc2UtY2RjLWFiYy0yLTIwMjUtMjAyNi5wbmcifQ%3D%3D\">\n\t\t\t\t\t\t\t<img fetchpriority=\"high\" decoding=\"async\" width=\"1024\" height=\"791\" src=\"https:\/\/apelespetitsbignolais.fr\/wp-content\/uploads\/2025\/09\/enfance-jeunesse-cdc-abc-2-2025-2026-1024x791.png\" class=\"attachment-large size-large wp-image-1260\" alt=\"\" srcset=\"https:\/\/apelespetitsbignolais.fr\/wp-content\/uploads\/2025\/09\/enfance-jeunesse-cdc-abc-2-2025-2026-1024x791.png 1024w, https:\/\/apelespetitsbignolais.fr\/wp-content\/uploads\/2025\/09\/enfance-jeunesse-cdc-abc-2-2025-2026-300x232.png 300w, https:\/\/apelespetitsbignolais.fr\/wp-content\/uploads\/2025\/09\/enfance-jeunesse-cdc-abc-2-2025-2026-768x593.png 768w, https:\/\/apelespetitsbignolais.fr\/wp-content\/uploads\/2025\/09\/enfance-jeunesse-cdc-abc-2-2025-2026-1536x1187.png 1536w, https:\/\/apelespetitsbignolais.fr\/wp-content\/uploads\/2025\/09\/enfance-jeunesse-cdc-abc-2-2025-2026.png 2000w\" sizes=\"(max-width: 1024px) 100vw, 1024px\" \/>\t\t\t\t\t\t\t\t<\/a>\n\t\t\t\t\t\t\t\t\t\t\t\t\t\t\t<\/div>\n\t\t\t\t<\/div>\n\t\t\t\t<div class=\"elementor-element elementor-element-5e4ccb8 elementor-widget elementor-widget-image\" data-id=\"5e4ccb8\" data-element_type=\"widget\" data-e-type=\"widget\" data-widget_type=\"image.default\">\n\t\t\t\t<div class=\"elementor-widget-container\">\n\t\t\t\t\t\t\t\t\t\t\t\t\t\t\t\t<a href=\"http:\/\/apelespetitsbignolais.fr\/wp-content\/uploads\/2025\/09\/enfance-jeunesse-cdc-abc-2025-2026.png\" data-elementor-open-lightbox=\"yes\" data-elementor-lightbox-title=\"enfance jeunesse cdc abc 2025 2026\" data-e-action-hash=\"#elementor-action%3Aaction%3Dlightbox%26settings%3DeyJpZCI6MTI1OSwidXJsIjoiaHR0cHM6XC9cL2FwZWxlc3BldGl0c2JpZ25vbGFpcy5mclwvd3AtY29udGVudFwvdXBsb2Fkc1wvMjAyNVwvMDlcL2VuZmFuY2UtamV1bmVzc2UtY2RjLWFiYy0yMDI1LTIwMjYucG5nIn0%3D\">\n\t\t\t\t\t\t\t<img decoding=\"async\" width=\"1024\" height=\"791\" src=\"https:\/\/apelespetitsbignolais.fr\/wp-content\/uploads\/2025\/09\/enfance-jeunesse-cdc-abc-2025-2026-1024x791.png\" class=\"attachment-large size-large wp-image-1259\" alt=\"\" srcset=\"https:\/\/apelespetitsbignolais.fr\/wp-content\/uploads\/2025\/09\/enfance-jeunesse-cdc-abc-2025-2026-1024x791.png 1024w, https:\/\/apelespetitsbignolais.fr\/wp-content\/uploads\/2025\/09\/enfance-jeunesse-cdc-abc-2025-2026-300x232.png 300w, https:\/\/apelespetitsbignolais.fr\/wp-content\/uploads\/2025\/09\/enfance-jeunesse-cdc-abc-2025-2026-768x593.png 768w, https:\/\/apelespetitsbignolais.fr\/wp-content\/uploads\/2025\/09\/enfance-jeunesse-cdc-abc-2025-2026-1536x1187.png 1536w, https:\/\/apelespetitsbignolais.fr\/wp-content\/uploads\/2025\/09\/enfance-jeunesse-cdc-abc-2025-2026.png 2000w\" sizes=\"(max-width: 1024px) 100vw, 1024px\" \/>\t\t\t\t\t\t\t\t<\/a>\n\t\t\t\t\t\t\t\t\t\t\t\t\t\t\t<\/div>\n\t\t\t\t<\/div>\n\t\t\t\t\t<\/div>\n\t\t\t\t<\/div>\n\t\t\t\t<\/div>\n\t\t\t\t<\/div>\n\t\t","protected":false},"excerpt":{"rendered":"<p>Aide aux parents \u00a0 Service enfance jeunesse :\u00a0 Garderie p\u00e9riscolaire (\u00e0 la salle de cantine de l&rsquo;\u00e9cole de Bigny Vallenay) : Lundi \/ Mardi \/ Jeudi \/ Vendredi de 07h00 \u00e0 08h30 et de 16h30 \u00e0 18h30\u00a0 \u00a0Garderie p\u00e9riscolaire (au &hellip; <\/p>\n","protected":false},"author":1,"featured_media":0,"parent":0,"menu_order":0,"comment_status":"closed","ping_status":"closed","template":"elementor_header_footer","meta":{"footnotes":""},"class_list":["post-477","page","type-page","status-publish","hentry"],"yoast_head":"<!-- This site is optimized with the Yoast SEO plugin v27.3 - https:\/\/yoast.com\/product\/yoast-seo-wordpress\/ -->\n<title>Garderie p\u00e9riscolaire - Les Petits Bignolais<\/title>\n<meta name=\"robots\" content=\"index, follow, max-snippet:-1, max-image-preview:large, max-video-preview:-1\" \/>\n<link rel=\"canonical\" href=\"https:\/\/apelespetitsbignolais.fr\/index.php\/garderie-periscolaire\/\" \/>\n<meta property=\"og:locale\" content=\"fr_FR\" \/>\n<meta property=\"og:type\" content=\"article\" \/>\n<meta property=\"og:title\" content=\"Garderie p\u00e9riscolaire - Les Petits Bignolais\" \/>\n<meta property=\"og:description\" content=\"Aide aux parents \u00a0 Service enfance jeunesse :\u00a0 Garderie p\u00e9riscolaire (\u00e0 la salle de cantine de l&rsquo;\u00e9cole de Bigny Vallenay) : Lundi \/ Mardi \/ Jeudi \/ Vendredi de 07h00 \u00e0 08h30 et de 16h30 \u00e0 18h30\u00a0 \u00a0Garderie p\u00e9riscolaire (au &hellip;\" \/>\n<meta property=\"og:url\" content=\"https:\/\/apelespetitsbignolais.fr\/index.php\/garderie-periscolaire\/\" \/>\n<meta property=\"og:site_name\" content=\"Les Petits Bignolais\" \/>\n<meta property=\"article:modified_time\" content=\"2025-09-21T14:45:22+00:00\" \/>\n<meta property=\"og:image\" content=\"https:\/\/apelespetitsbignolais.fr\/wp-content\/uploads\/2025\/09\/enfance-jeunesse-cdc-abc-2-2025-2026.png\" \/>\n\t<meta property=\"og:image:width\" content=\"2000\" \/>\n\t<meta property=\"og:image:height\" content=\"1545\" \/>\n\t<meta property=\"og:image:type\" content=\"image\/png\" \/>\n<meta name=\"twitter:card\" content=\"summary_large_image\" \/>\n<meta name=\"twitter:label1\" content=\"Dur\u00e9e de lecture estim\u00e9e\" \/>\n\t<meta name=\"twitter:data1\" content=\"1 minute\" \/>\n<script type=\"application\/ld+json\" class=\"yoast-schema-graph\">{\"@context\":\"https:\\\/\\\/schema.org\",\"@graph\":[{\"@type\":\"WebPage\",\"@id\":\"https:\\\/\\\/apelespetitsbignolais.fr\\\/index.php\\\/garderie-periscolaire\\\/\",\"url\":\"https:\\\/\\\/apelespetitsbignolais.fr\\\/index.php\\\/garderie-periscolaire\\\/\",\"name\":\"Garderie p\u00e9riscolaire - Les Petits Bignolais\",\"isPartOf\":{\"@id\":\"https:\\\/\\\/apelespetitsbignolais.fr\\\/#website\"},\"primaryImageOfPage\":{\"@id\":\"https:\\\/\\\/apelespetitsbignolais.fr\\\/index.php\\\/garderie-periscolaire\\\/#primaryimage\"},\"image\":{\"@id\":\"https:\\\/\\\/apelespetitsbignolais.fr\\\/index.php\\\/garderie-periscolaire\\\/#primaryimage\"},\"thumbnailUrl\":\"http:\\\/\\\/apelespetitsbignolais.fr\\\/wp-content\\\/uploads\\\/2025\\\/09\\\/enfance-jeunesse-cdc-abc-2-2025-2026-1024x791.png\",\"datePublished\":\"2024-10-23T23:21:14+00:00\",\"dateModified\":\"2025-09-21T14:45:22+00:00\",\"breadcrumb\":{\"@id\":\"https:\\\/\\\/apelespetitsbignolais.fr\\\/index.php\\\/garderie-periscolaire\\\/#breadcrumb\"},\"inLanguage\":\"fr-FR\",\"potentialAction\":[{\"@type\":\"ReadAction\",\"target\":[\"https:\\\/\\\/apelespetitsbignolais.fr\\\/index.php\\\/garderie-periscolaire\\\/\"]}]},{\"@type\":\"ImageObject\",\"inLanguage\":\"fr-FR\",\"@id\":\"https:\\\/\\\/apelespetitsbignolais.fr\\\/index.php\\\/garderie-periscolaire\\\/#primaryimage\",\"url\":\"https:\\\/\\\/apelespetitsbignolais.fr\\\/wp-content\\\/uploads\\\/2025\\\/09\\\/enfance-jeunesse-cdc-abc-2-2025-2026.png\",\"contentUrl\":\"https:\\\/\\\/apelespetitsbignolais.fr\\\/wp-content\\\/uploads\\\/2025\\\/09\\\/enfance-jeunesse-cdc-abc-2-2025-2026.png\",\"width\":2000,\"height\":1545},{\"@type\":\"BreadcrumbList\",\"@id\":\"https:\\\/\\\/apelespetitsbignolais.fr\\\/index.php\\\/garderie-periscolaire\\\/#breadcrumb\",\"itemListElement\":[{\"@type\":\"ListItem\",\"position\":1,\"name\":\"Accueil\",\"item\":\"https:\\\/\\\/apelespetitsbignolais.fr\\\/\"},{\"@type\":\"ListItem\",\"position\":2,\"name\":\"Garderie p\u00e9riscolaire\"}]},{\"@type\":\"WebSite\",\"@id\":\"https:\\\/\\\/apelespetitsbignolais.fr\\\/#website\",\"url\":\"https:\\\/\\\/apelespetitsbignolais.fr\\\/\",\"name\":\"APE Les Petits Bignolais\",\"description\":\"Association des parents d&#039;\u00e9l\u00e8ves des \u00e9coles maternelle et primaire  de Bigny Vallenay\",\"publisher\":{\"@id\":\"https:\\\/\\\/apelespetitsbignolais.fr\\\/#organization\"},\"potentialAction\":[{\"@type\":\"SearchAction\",\"target\":{\"@type\":\"EntryPoint\",\"urlTemplate\":\"https:\\\/\\\/apelespetitsbignolais.fr\\\/?s={search_term_string}\"},\"query-input\":{\"@type\":\"PropertyValueSpecification\",\"valueRequired\":true,\"valueName\":\"search_term_string\"}}],\"inLanguage\":\"fr-FR\"},{\"@type\":\"Organization\",\"@id\":\"https:\\\/\\\/apelespetitsbignolais.fr\\\/#organization\",\"name\":\"APE Les Petits Bignolais\",\"url\":\"https:\\\/\\\/apelespetitsbignolais.fr\\\/\",\"logo\":{\"@type\":\"ImageObject\",\"inLanguage\":\"fr-FR\",\"@id\":\"https:\\\/\\\/apelespetitsbignolais.fr\\\/#\\\/schema\\\/logo\\\/image\\\/\",\"url\":\"https:\\\/\\\/apelespetitsbignolais.fr\\\/wp-content\\\/uploads\\\/2024\\\/10\\\/cropped-LOGO-SITE.jpg\",\"contentUrl\":\"https:\\\/\\\/apelespetitsbignolais.fr\\\/wp-content\\\/uploads\\\/2024\\\/10\\\/cropped-LOGO-SITE.jpg\",\"width\":1314,\"height\":558,\"caption\":\"APE Les Petits Bignolais\"},\"image\":{\"@id\":\"https:\\\/\\\/apelespetitsbignolais.fr\\\/#\\\/schema\\\/logo\\\/image\\\/\"}}]}<\/script>\n<!-- \/ Yoast SEO plugin. -->","yoast_head_json":{"title":"Garderie p\u00e9riscolaire - Les Petits Bignolais","robots":{"index":"index","follow":"follow","max-snippet":"max-snippet:-1","max-image-preview":"max-image-preview:large","max-video-preview":"max-video-preview:-1"},"canonical":"https:\/\/apelespetitsbignolais.fr\/index.php\/garderie-periscolaire\/","og_locale":"fr_FR","og_type":"article","og_title":"Garderie p\u00e9riscolaire - Les Petits Bignolais","og_description":"Aide aux parents \u00a0 Service enfance jeunesse :\u00a0 Garderie p\u00e9riscolaire (\u00e0 la salle de cantine de l&rsquo;\u00e9cole de Bigny Vallenay) : Lundi \/ Mardi \/ Jeudi \/ Vendredi de 07h00 \u00e0 08h30 et de 16h30 \u00e0 18h30\u00a0 \u00a0Garderie p\u00e9riscolaire (au &hellip;","og_url":"https:\/\/apelespetitsbignolais.fr\/index.php\/garderie-periscolaire\/","og_site_name":"Les Petits Bignolais","article_modified_time":"2025-09-21T14:45:22+00:00","og_image":[{"width":2000,"height":1545,"url":"https:\/\/apelespetitsbignolais.fr\/wp-content\/uploads\/2025\/09\/enfance-jeunesse-cdc-abc-2-2025-2026.png","type":"image\/png"}],"twitter_card":"summary_large_image","twitter_misc":{"Dur\u00e9e de lecture estim\u00e9e":"1 minute"},"schema":{"@context":"https:\/\/schema.org","@graph":[{"@type":"WebPage","@id":"https:\/\/apelespetitsbignolais.fr\/index.php\/garderie-periscolaire\/","url":"https:\/\/apelespetitsbignolais.fr\/index.php\/garderie-periscolaire\/","name":"Garderie p\u00e9riscolaire - Les Petits Bignolais","isPartOf":{"@id":"https:\/\/apelespetitsbignolais.fr\/#website"},"primaryImageOfPage":{"@id":"https:\/\/apelespetitsbignolais.fr\/index.php\/garderie-periscolaire\/#primaryimage"},"image":{"@id":"https:\/\/apelespetitsbignolais.fr\/index.php\/garderie-periscolaire\/#primaryimage"},"thumbnailUrl":"http:\/\/apelespetitsbignolais.fr\/wp-content\/uploads\/2025\/09\/enfance-jeunesse-cdc-abc-2-2025-2026-1024x791.png","datePublished":"2024-10-23T23:21:14+00:00","dateModified":"2025-09-21T14:45:22+00:00","breadcrumb":{"@id":"https:\/\/apelespetitsbignolais.fr\/index.php\/garderie-periscolaire\/#breadcrumb"},"inLanguage":"fr-FR","potentialAction":[{"@type":"ReadAction","target":["https:\/\/apelespetitsbignolais.fr\/index.php\/garderie-periscolaire\/"]}]},{"@type":"ImageObject","inLanguage":"fr-FR","@id":"https:\/\/apelespetitsbignolais.fr\/index.php\/garderie-periscolaire\/#primaryimage","url":"https:\/\/apelespetitsbignolais.fr\/wp-content\/uploads\/2025\/09\/enfance-jeunesse-cdc-abc-2-2025-2026.png","contentUrl":"https:\/\/apelespetitsbignolais.fr\/wp-content\/uploads\/2025\/09\/enfance-jeunesse-cdc-abc-2-2025-2026.png","width":2000,"height":1545},{"@type":"BreadcrumbList","@id":"https:\/\/apelespetitsbignolais.fr\/index.php\/garderie-periscolaire\/#breadcrumb","itemListElement":[{"@type":"ListItem","position":1,"name":"Accueil","item":"https:\/\/apelespetitsbignolais.fr\/"},{"@type":"ListItem","position":2,"name":"Garderie p\u00e9riscolaire"}]},{"@type":"WebSite","@id":"https:\/\/apelespetitsbignolais.fr\/#website","url":"https:\/\/apelespetitsbignolais.fr\/","name":"APE Les Petits Bignolais","description":"Association des parents d&#039;\u00e9l\u00e8ves des \u00e9coles maternelle et primaire  de Bigny Vallenay","publisher":{"@id":"https:\/\/apelespetitsbignolais.fr\/#organization"},"potentialAction":[{"@type":"SearchAction","target":{"@type":"EntryPoint","urlTemplate":"https:\/\/apelespetitsbignolais.fr\/?s={search_term_string}"},"query-input":{"@type":"PropertyValueSpecification","valueRequired":true,"valueName":"search_term_string"}}],"inLanguage":"fr-FR"},{"@type":"Organization","@id":"https:\/\/apelespetitsbignolais.fr\/#organization","name":"APE Les Petits Bignolais","url":"https:\/\/apelespetitsbignolais.fr\/","logo":{"@type":"ImageObject","inLanguage":"fr-FR","@id":"https:\/\/apelespetitsbignolais.fr\/#\/schema\/logo\/image\/","url":"https:\/\/apelespetitsbignolais.fr\/wp-content\/uploads\/2024\/10\/cropped-LOGO-SITE.jpg","contentUrl":"https:\/\/apelespetitsbignolais.fr\/wp-content\/uploads\/2024\/10\/cropped-LOGO-SITE.jpg","width":1314,"height":558,"caption":"APE Les Petits Bignolais"},"image":{"@id":"https:\/\/apelespetitsbignolais.fr\/#\/schema\/logo\/image\/"}}]}},"_links":{"self":[{"href":"https:\/\/apelespetitsbignolais.fr\/index.php\/wp-json\/wp\/v2\/pages\/477","targetHints":{"allow":["GET"]}}],"collection":[{"href":"https:\/\/apelespetitsbignolais.fr\/index.php\/wp-json\/wp\/v2\/pages"}],"about":[{"href":"https:\/\/apelespetitsbignolais.fr\/index.php\/wp-json\/wp\/v2\/types\/page"}],"author":[{"embeddable":true,"href":"https:\/\/apelespetitsbignolais.fr\/index.php\/wp-json\/wp\/v2\/users\/1"}],"replies":[{"embeddable":true,"href":"https:\/\/apelespetitsbignolais.fr\/index.php\/wp-json\/wp\/v2\/comments?post=477"}],"version-history":[{"count":10,"href":"https:\/\/apelespetitsbignolais.fr\/index.php\/wp-json\/wp\/v2\/pages\/477\/revisions"}],"predecessor-version":[{"id":1287,"href":"https:\/\/apelespetitsbignolais.fr\/index.php\/wp-json\/wp\/v2\/pages\/477\/revisions\/1287"}],"wp:attachment":[{"href":"https:\/\/apelespetitsbignolais.fr\/index.php\/wp-json\/wp\/v2\/media?parent=477"}],"curies":[{"name":"wp","href":"https:\/\/api.w.org\/{rel}","templated":true}]}}