{"id":480,"date":"2024-10-24T01:21:54","date_gmt":"2024-10-23T23:21:54","guid":{"rendered":"http:\/\/apelespetitsbignolais.fr\/?page_id=480"},"modified":"2025-09-21T16:43:31","modified_gmt":"2025-09-21T14:43:31","slug":"garderie-kangoureve","status":"publish","type":"page","link":"https:\/\/apelespetitsbignolais.fr\/index.php\/garderie-kangoureve\/","title":{"rendered":"Garderie Kangoureve"},"content":{"rendered":"\t\t<div data-elementor-type=\"wp-page\" data-elementor-id=\"480\" class=\"elementor elementor-480\">\n\t\t\t\t<div class=\"elementor-element elementor-element-1eea247 e-flex e-con-boxed e-con e-parent\" data-id=\"1eea247\" data-element_type=\"container\" data-e-type=\"container\">\n\t\t\t\t\t<div class=\"e-con-inner\">\n\t\t<div class=\"elementor-element elementor-element-9ea6290 e-con-full e-flex e-con e-child\" data-id=\"9ea6290\" data-element_type=\"container\" data-e-type=\"container\">\n\t\t\t\t<div class=\"elementor-element elementor-element-b7fbcc6 elementor-widget__width-initial elementor-widget-tablet__width-initial elementor-widget elementor-widget-heading\" data-id=\"b7fbcc6\" data-element_type=\"widget\" data-e-type=\"widget\" data-widget_type=\"heading.default\">\n\t\t\t\t<div class=\"elementor-widget-container\">\n\t\t\t\t\t<h2 class=\"elementor-heading-title elementor-size-default\">Aide aux parents<\/h2>\t\t\t\t<\/div>\n\t\t\t\t<\/div>\n\t\t\t\t<\/div>\n\t\t\t\t\t<\/div>\n\t\t\t\t<\/div>\n\t\t<div class=\"elementor-element elementor-element-a730d4c e-con-full e-flex e-con e-parent\" data-id=\"a730d4c\" data-element_type=\"container\" data-e-type=\"container\" data-settings=\"{&quot;background_background&quot;:&quot;classic&quot;}\">\n\t\t\t\t<div class=\"elementor-element elementor-element-04e08da elementor-widget__width-initial elementor-widget elementor-widget-text-editor\" data-id=\"04e08da\" data-element_type=\"widget\" data-e-type=\"widget\" data-widget_type=\"text-editor.default\">\n\t\t\t\t<div class=\"elementor-widget-container\">\n\t\t\t\t\t\t\t\t\t<p>\u00a0<\/p><p><b><u>Halte garderie itin\u00e9rante Kangoureve (ACEPP 18) :<\/u><\/b><\/p><div>Pr\u00e9sent \u00e0 Venesmes, Levet et Ligni\u00e8res diff\u00e9rents jours de semaine (voir d\u00e9pliant Kangoureve).<\/div><div>\u00a0<\/div><p>Elle accueille les enfants de 0 \u00e0 6ans.\u00a0<\/p><p>Un v\u00e9hicule transporte le mat\u00e9riel n\u00e9cessaire \u00e0 l\u2019accueil\u00a0 et aux jeux des enfants (tables,\u00a0 chaises, lits, jeux,\u00a0 jouets, toboggan, piscine \u00e0 balles, v\u00e9los \u2026) et c\u2019est une \u00e9quipe de professionnels petite enfance qui s\u2019installe dans la salle mise \u00e0 disposition par la commune et agr\u00e9\u00e9e par la PMI. C\u2019est\u00a0 un lieu de vie convivial en milieu rural o\u00f9 les Parents peuvent se rencontrer et \u00e9changer.<\/p><p>Les tarifs horaires sont individualis\u00e9s en fonction des revenus.<\/p><p>Les inscriptions se font sur place.\u00a0Cette halte-garderie est ouverte \u00e0 toutes\u00a0 les familles r\u00e9sidentes ou non de la commune.<\/p><p>Renseignements : Kangour\u00eave T\u00e9l : 06 85 68 79 56<\/p><p>ARPPE en BERRY \u2013 ACEPP 18\u00a0 t\u00e9l : 02 48 30 77 95<\/p>\t\t\t\t\t\t\t\t<\/div>\n\t\t\t\t<\/div>\n\t\t\t\t<div class=\"elementor-element elementor-element-12b3b36 elementor-widget elementor-widget-button\" data-id=\"12b3b36\" data-element_type=\"widget\" data-e-type=\"widget\" data-widget_type=\"button.default\">\n\t\t\t\t<div class=\"elementor-widget-container\">\n\t\t\t\t\t\t\t\t\t<div class=\"elementor-button-wrapper\">\n\t\t\t\t\t<a class=\"elementor-button elementor-button-link elementor-size-sm\" href=\"https:\/\/www.comcomabc.fr\/accueil\/enfance-jeunesse\/relais-dassistants-maternels-parents-enfants\/\" target=\"_blank\">\n\t\t\t\t\t\t<span class=\"elementor-button-content-wrapper\">\n\t\t\t\t\t\t<span class=\"elementor-button-icon\">\n\t\t\t\t<svg aria-hidden=\"true\" class=\"e-font-icon-svg e-fas-info-circle\" viewBox=\"0 0 512 512\" xmlns=\"http:\/\/www.w3.org\/2000\/svg\"><path d=\"M256 8C119.043 8 8 119.083 8 256c0 136.997 111.043 248 248 248s248-111.003 248-248C504 119.083 392.957 8 256 8zm0 110c23.196 0 42 18.804 42 42s-18.804 42-42 42-42-18.804-42-42 18.804-42 42-42zm56 254c0 6.627-5.373 12-12 12h-88c-6.627 0-12-5.373-12-12v-24c0-6.627 5.373-12 12-12h12v-64h-12c-6.627 0-12-5.373-12-12v-24c0-6.627 5.373-12 12-12h64c6.627 0 12 5.373 12 12v100h12c6.627 0 12 5.373 12 12v24z\"><\/path><\/svg>\t\t\t<\/span>\n\t\t\t\t\t\t\t\t\t<span class=\"elementor-button-text\">Site internet de la Communaut\u00e9 de Communes Arnon Boischaut Cher<\/span>\n\t\t\t\t\t<\/span>\n\t\t\t\t\t<\/a>\n\t\t\t\t<\/div>\n\t\t\t\t\t\t\t\t<\/div>\n\t\t\t\t<\/div>\n\t\t<div class=\"elementor-element elementor-element-1a1f121 e-flex e-con-boxed e-con e-child\" data-id=\"1a1f121\" data-element_type=\"container\" data-e-type=\"container\">\n\t\t\t\t\t<div class=\"e-con-inner\">\n\t\t\t\t<div class=\"elementor-element elementor-element-4c8b4d6 elementor-widget elementor-widget-image\" data-id=\"4c8b4d6\" data-element_type=\"widget\" data-e-type=\"widget\" data-widget_type=\"image.default\">\n\t\t\t\t<div class=\"elementor-widget-container\">\n\t\t\t\t\t\t\t\t\t\t\t\t\t\t\t\t<a href=\"http:\/\/apelespetitsbignolais.fr\/wp-content\/uploads\/2025\/09\/cdc-abc-flyer-rv-rpe-des-kangous-page-002-e1756390407379.jpg\" data-elementor-open-lightbox=\"yes\" data-elementor-lightbox-title=\"cdc-abc-flyer-rv-rpe-des-kangous-page-002-e1756390407379\" data-e-action-hash=\"#elementor-action%3Aaction%3Dlightbox%26settings%3DeyJpZCI6MTI3MSwidXJsIjoiaHR0cHM6XC9cL2FwZWxlc3BldGl0c2JpZ25vbGFpcy5mclwvd3AtY29udGVudFwvdXBsb2Fkc1wvMjAyNVwvMDlcL2NkYy1hYmMtZmx5ZXItcnYtcnBlLWRlcy1rYW5nb3VzLXBhZ2UtMDAyLWUxNzU2MzkwNDA3Mzc5LmpwZyJ9\">\n\t\t\t\t\t\t\t<img fetchpriority=\"high\" decoding=\"async\" width=\"724\" height=\"1024\" src=\"https:\/\/apelespetitsbignolais.fr\/wp-content\/uploads\/2025\/09\/cdc-abc-flyer-rv-rpe-des-kangous-page-002-e1756390407379-724x1024.jpg\" class=\"attachment-large size-large wp-image-1271\" alt=\"\" srcset=\"https:\/\/apelespetitsbignolais.fr\/wp-content\/uploads\/2025\/09\/cdc-abc-flyer-rv-rpe-des-kangous-page-002-e1756390407379-724x1024.jpg 724w, https:\/\/apelespetitsbignolais.fr\/wp-content\/uploads\/2025\/09\/cdc-abc-flyer-rv-rpe-des-kangous-page-002-e1756390407379-212x300.jpg 212w, https:\/\/apelespetitsbignolais.fr\/wp-content\/uploads\/2025\/09\/cdc-abc-flyer-rv-rpe-des-kangous-page-002-e1756390407379-768x1087.jpg 768w, https:\/\/apelespetitsbignolais.fr\/wp-content\/uploads\/2025\/09\/cdc-abc-flyer-rv-rpe-des-kangous-page-002-e1756390407379-1086x1536.jpg 1086w, https:\/\/apelespetitsbignolais.fr\/wp-content\/uploads\/2025\/09\/cdc-abc-flyer-rv-rpe-des-kangous-page-002-e1756390407379.jpg 1239w\" sizes=\"(max-width: 724px) 100vw, 724px\" \/>\t\t\t\t\t\t\t\t<\/a>\n\t\t\t\t\t\t\t\t\t\t\t\t\t\t\t<\/div>\n\t\t\t\t<\/div>\n\t\t\t\t\t<\/div>\n\t\t\t\t<\/div>\n\t\t\t\t<\/div>\n\t\t\t\t<\/div>\n\t\t","protected":false},"excerpt":{"rendered":"<p>Aide aux parents \u00a0 Halte garderie itin\u00e9rante Kangoureve (ACEPP 18) : Pr\u00e9sent \u00e0 Venesmes, Levet et Ligni\u00e8res diff\u00e9rents jours de semaine (voir d\u00e9pliant Kangoureve).\u00a0 Elle accueille les enfants de 0 \u00e0 6ans.\u00a0 Un v\u00e9hicule transporte le mat\u00e9riel n\u00e9cessaire \u00e0 l\u2019accueil\u00a0 &hellip; <\/p>\n","protected":false},"author":1,"featured_media":0,"parent":0,"menu_order":0,"comment_status":"closed","ping_status":"closed","template":"elementor_header_footer","meta":{"footnotes":""},"class_list":["post-480","page","type-page","status-publish","hentry"],"yoast_head":"<!-- This site is optimized with the Yoast SEO plugin v27.3 - https:\/\/yoast.com\/product\/yoast-seo-wordpress\/ -->\n<title>Garderie Kangoureve - Les Petits Bignolais<\/title>\n<meta name=\"robots\" content=\"index, follow, max-snippet:-1, max-image-preview:large, max-video-preview:-1\" \/>\n<link rel=\"canonical\" href=\"https:\/\/apelespetitsbignolais.fr\/index.php\/garderie-kangoureve\/\" \/>\n<meta property=\"og:locale\" content=\"fr_FR\" \/>\n<meta property=\"og:type\" content=\"article\" \/>\n<meta property=\"og:title\" content=\"Garderie Kangoureve - Les Petits Bignolais\" \/>\n<meta property=\"og:description\" content=\"Aide aux parents \u00a0 Halte garderie itin\u00e9rante Kangoureve (ACEPP 18) : Pr\u00e9sent \u00e0 Venesmes, Levet et Ligni\u00e8res diff\u00e9rents jours de semaine (voir d\u00e9pliant Kangoureve).\u00a0 Elle accueille les enfants de 0 \u00e0 6ans.\u00a0 Un v\u00e9hicule transporte le mat\u00e9riel n\u00e9cessaire \u00e0 l\u2019accueil\u00a0 &hellip;\" \/>\n<meta property=\"og:url\" content=\"https:\/\/apelespetitsbignolais.fr\/index.php\/garderie-kangoureve\/\" \/>\n<meta property=\"og:site_name\" content=\"Les Petits Bignolais\" \/>\n<meta property=\"article:modified_time\" content=\"2025-09-21T14:43:31+00:00\" \/>\n<meta property=\"og:image\" content=\"https:\/\/apelespetitsbignolais.fr\/wp-content\/uploads\/2025\/09\/cdc-abc-flyer-rv-rpe-des-kangous-page-002-e1756390407379.jpg\" \/>\n\t<meta property=\"og:image:width\" content=\"1239\" \/>\n\t<meta property=\"og:image:height\" content=\"1753\" \/>\n\t<meta property=\"og:image:type\" content=\"image\/jpeg\" \/>\n<meta name=\"twitter:card\" content=\"summary_large_image\" \/>\n<meta name=\"twitter:label1\" content=\"Dur\u00e9e de lecture estim\u00e9e\" \/>\n\t<meta name=\"twitter:data1\" content=\"1 minute\" \/>\n<script type=\"application\/ld+json\" class=\"yoast-schema-graph\">{\"@context\":\"https:\\\/\\\/schema.org\",\"@graph\":[{\"@type\":\"WebPage\",\"@id\":\"https:\\\/\\\/apelespetitsbignolais.fr\\\/index.php\\\/garderie-kangoureve\\\/\",\"url\":\"https:\\\/\\\/apelespetitsbignolais.fr\\\/index.php\\\/garderie-kangoureve\\\/\",\"name\":\"Garderie Kangoureve - Les Petits Bignolais\",\"isPartOf\":{\"@id\":\"https:\\\/\\\/apelespetitsbignolais.fr\\\/#website\"},\"primaryImageOfPage\":{\"@id\":\"https:\\\/\\\/apelespetitsbignolais.fr\\\/index.php\\\/garderie-kangoureve\\\/#primaryimage\"},\"image\":{\"@id\":\"https:\\\/\\\/apelespetitsbignolais.fr\\\/index.php\\\/garderie-kangoureve\\\/#primaryimage\"},\"thumbnailUrl\":\"http:\\\/\\\/apelespetitsbignolais.fr\\\/wp-content\\\/uploads\\\/2025\\\/09\\\/cdc-abc-flyer-rv-rpe-des-kangous-page-002-e1756390407379-724x1024.jpg\",\"datePublished\":\"2024-10-23T23:21:54+00:00\",\"dateModified\":\"2025-09-21T14:43:31+00:00\",\"breadcrumb\":{\"@id\":\"https:\\\/\\\/apelespetitsbignolais.fr\\\/index.php\\\/garderie-kangoureve\\\/#breadcrumb\"},\"inLanguage\":\"fr-FR\",\"potentialAction\":[{\"@type\":\"ReadAction\",\"target\":[\"https:\\\/\\\/apelespetitsbignolais.fr\\\/index.php\\\/garderie-kangoureve\\\/\"]}]},{\"@type\":\"ImageObject\",\"inLanguage\":\"fr-FR\",\"@id\":\"https:\\\/\\\/apelespetitsbignolais.fr\\\/index.php\\\/garderie-kangoureve\\\/#primaryimage\",\"url\":\"https:\\\/\\\/apelespetitsbignolais.fr\\\/wp-content\\\/uploads\\\/2025\\\/09\\\/cdc-abc-flyer-rv-rpe-des-kangous-page-002-e1756390407379.jpg\",\"contentUrl\":\"https:\\\/\\\/apelespetitsbignolais.fr\\\/wp-content\\\/uploads\\\/2025\\\/09\\\/cdc-abc-flyer-rv-rpe-des-kangous-page-002-e1756390407379.jpg\",\"width\":1239,\"height\":1753},{\"@type\":\"BreadcrumbList\",\"@id\":\"https:\\\/\\\/apelespetitsbignolais.fr\\\/index.php\\\/garderie-kangoureve\\\/#breadcrumb\",\"itemListElement\":[{\"@type\":\"ListItem\",\"position\":1,\"name\":\"Accueil\",\"item\":\"https:\\\/\\\/apelespetitsbignolais.fr\\\/\"},{\"@type\":\"ListItem\",\"position\":2,\"name\":\"Garderie Kangoureve\"}]},{\"@type\":\"WebSite\",\"@id\":\"https:\\\/\\\/apelespetitsbignolais.fr\\\/#website\",\"url\":\"https:\\\/\\\/apelespetitsbignolais.fr\\\/\",\"name\":\"APE Les Petits Bignolais\",\"description\":\"Association des parents d&#039;\u00e9l\u00e8ves des \u00e9coles maternelle et primaire  de Bigny Vallenay\",\"publisher\":{\"@id\":\"https:\\\/\\\/apelespetitsbignolais.fr\\\/#organization\"},\"potentialAction\":[{\"@type\":\"SearchAction\",\"target\":{\"@type\":\"EntryPoint\",\"urlTemplate\":\"https:\\\/\\\/apelespetitsbignolais.fr\\\/?s={search_term_string}\"},\"query-input\":{\"@type\":\"PropertyValueSpecification\",\"valueRequired\":true,\"valueName\":\"search_term_string\"}}],\"inLanguage\":\"fr-FR\"},{\"@type\":\"Organization\",\"@id\":\"https:\\\/\\\/apelespetitsbignolais.fr\\\/#organization\",\"name\":\"APE Les Petits Bignolais\",\"url\":\"https:\\\/\\\/apelespetitsbignolais.fr\\\/\",\"logo\":{\"@type\":\"ImageObject\",\"inLanguage\":\"fr-FR\",\"@id\":\"https:\\\/\\\/apelespetitsbignolais.fr\\\/#\\\/schema\\\/logo\\\/image\\\/\",\"url\":\"https:\\\/\\\/apelespetitsbignolais.fr\\\/wp-content\\\/uploads\\\/2024\\\/10\\\/cropped-LOGO-SITE.jpg\",\"contentUrl\":\"https:\\\/\\\/apelespetitsbignolais.fr\\\/wp-content\\\/uploads\\\/2024\\\/10\\\/cropped-LOGO-SITE.jpg\",\"width\":1314,\"height\":558,\"caption\":\"APE Les Petits Bignolais\"},\"image\":{\"@id\":\"https:\\\/\\\/apelespetitsbignolais.fr\\\/#\\\/schema\\\/logo\\\/image\\\/\"}}]}<\/script>\n<!-- \/ Yoast SEO plugin. -->","yoast_head_json":{"title":"Garderie Kangoureve - Les Petits Bignolais","robots":{"index":"index","follow":"follow","max-snippet":"max-snippet:-1","max-image-preview":"max-image-preview:large","max-video-preview":"max-video-preview:-1"},"canonical":"https:\/\/apelespetitsbignolais.fr\/index.php\/garderie-kangoureve\/","og_locale":"fr_FR","og_type":"article","og_title":"Garderie Kangoureve - Les Petits Bignolais","og_description":"Aide aux parents \u00a0 Halte garderie itin\u00e9rante Kangoureve (ACEPP 18) : Pr\u00e9sent \u00e0 Venesmes, Levet et Ligni\u00e8res diff\u00e9rents jours de semaine (voir d\u00e9pliant Kangoureve).\u00a0 Elle accueille les enfants de 0 \u00e0 6ans.\u00a0 Un v\u00e9hicule transporte le mat\u00e9riel n\u00e9cessaire \u00e0 l\u2019accueil\u00a0 &hellip;","og_url":"https:\/\/apelespetitsbignolais.fr\/index.php\/garderie-kangoureve\/","og_site_name":"Les Petits Bignolais","article_modified_time":"2025-09-21T14:43:31+00:00","og_image":[{"width":1239,"height":1753,"url":"https:\/\/apelespetitsbignolais.fr\/wp-content\/uploads\/2025\/09\/cdc-abc-flyer-rv-rpe-des-kangous-page-002-e1756390407379.jpg","type":"image\/jpeg"}],"twitter_card":"summary_large_image","twitter_misc":{"Dur\u00e9e de lecture estim\u00e9e":"1 minute"},"schema":{"@context":"https:\/\/schema.org","@graph":[{"@type":"WebPage","@id":"https:\/\/apelespetitsbignolais.fr\/index.php\/garderie-kangoureve\/","url":"https:\/\/apelespetitsbignolais.fr\/index.php\/garderie-kangoureve\/","name":"Garderie Kangoureve - Les Petits Bignolais","isPartOf":{"@id":"https:\/\/apelespetitsbignolais.fr\/#website"},"primaryImageOfPage":{"@id":"https:\/\/apelespetitsbignolais.fr\/index.php\/garderie-kangoureve\/#primaryimage"},"image":{"@id":"https:\/\/apelespetitsbignolais.fr\/index.php\/garderie-kangoureve\/#primaryimage"},"thumbnailUrl":"http:\/\/apelespetitsbignolais.fr\/wp-content\/uploads\/2025\/09\/cdc-abc-flyer-rv-rpe-des-kangous-page-002-e1756390407379-724x1024.jpg","datePublished":"2024-10-23T23:21:54+00:00","dateModified":"2025-09-21T14:43:31+00:00","breadcrumb":{"@id":"https:\/\/apelespetitsbignolais.fr\/index.php\/garderie-kangoureve\/#breadcrumb"},"inLanguage":"fr-FR","potentialAction":[{"@type":"ReadAction","target":["https:\/\/apelespetitsbignolais.fr\/index.php\/garderie-kangoureve\/"]}]},{"@type":"ImageObject","inLanguage":"fr-FR","@id":"https:\/\/apelespetitsbignolais.fr\/index.php\/garderie-kangoureve\/#primaryimage","url":"https:\/\/apelespetitsbignolais.fr\/wp-content\/uploads\/2025\/09\/cdc-abc-flyer-rv-rpe-des-kangous-page-002-e1756390407379.jpg","contentUrl":"https:\/\/apelespetitsbignolais.fr\/wp-content\/uploads\/2025\/09\/cdc-abc-flyer-rv-rpe-des-kangous-page-002-e1756390407379.jpg","width":1239,"height":1753},{"@type":"BreadcrumbList","@id":"https:\/\/apelespetitsbignolais.fr\/index.php\/garderie-kangoureve\/#breadcrumb","itemListElement":[{"@type":"ListItem","position":1,"name":"Accueil","item":"https:\/\/apelespetitsbignolais.fr\/"},{"@type":"ListItem","position":2,"name":"Garderie Kangoureve"}]},{"@type":"WebSite","@id":"https:\/\/apelespetitsbignolais.fr\/#website","url":"https:\/\/apelespetitsbignolais.fr\/","name":"APE Les Petits Bignolais","description":"Association des parents d&#039;\u00e9l\u00e8ves des \u00e9coles maternelle et primaire  de Bigny Vallenay","publisher":{"@id":"https:\/\/apelespetitsbignolais.fr\/#organization"},"potentialAction":[{"@type":"SearchAction","target":{"@type":"EntryPoint","urlTemplate":"https:\/\/apelespetitsbignolais.fr\/?s={search_term_string}"},"query-input":{"@type":"PropertyValueSpecification","valueRequired":true,"valueName":"search_term_string"}}],"inLanguage":"fr-FR"},{"@type":"Organization","@id":"https:\/\/apelespetitsbignolais.fr\/#organization","name":"APE Les Petits Bignolais","url":"https:\/\/apelespetitsbignolais.fr\/","logo":{"@type":"ImageObject","inLanguage":"fr-FR","@id":"https:\/\/apelespetitsbignolais.fr\/#\/schema\/logo\/image\/","url":"https:\/\/apelespetitsbignolais.fr\/wp-content\/uploads\/2024\/10\/cropped-LOGO-SITE.jpg","contentUrl":"https:\/\/apelespetitsbignolais.fr\/wp-content\/uploads\/2024\/10\/cropped-LOGO-SITE.jpg","width":1314,"height":558,"caption":"APE Les Petits Bignolais"},"image":{"@id":"https:\/\/apelespetitsbignolais.fr\/#\/schema\/logo\/image\/"}}]}},"_links":{"self":[{"href":"https:\/\/apelespetitsbignolais.fr\/index.php\/wp-json\/wp\/v2\/pages\/480","targetHints":{"allow":["GET"]}}],"collection":[{"href":"https:\/\/apelespetitsbignolais.fr\/index.php\/wp-json\/wp\/v2\/pages"}],"about":[{"href":"https:\/\/apelespetitsbignolais.fr\/index.php\/wp-json\/wp\/v2\/types\/page"}],"author":[{"embeddable":true,"href":"https:\/\/apelespetitsbignolais.fr\/index.php\/wp-json\/wp\/v2\/users\/1"}],"replies":[{"embeddable":true,"href":"https:\/\/apelespetitsbignolais.fr\/index.php\/wp-json\/wp\/v2\/comments?post=480"}],"version-history":[{"count":10,"href":"https:\/\/apelespetitsbignolais.fr\/index.php\/wp-json\/wp\/v2\/pages\/480\/revisions"}],"predecessor-version":[{"id":1284,"href":"https:\/\/apelespetitsbignolais.fr\/index.php\/wp-json\/wp\/v2\/pages\/480\/revisions\/1284"}],"wp:attachment":[{"href":"https:\/\/apelespetitsbignolais.fr\/index.php\/wp-json\/wp\/v2\/media?parent=480"}],"curies":[{"name":"wp","href":"https:\/\/api.w.org\/{rel}","templated":true}]}}