{"id":483,"date":"2024-10-24T01:22:40","date_gmt":"2024-10-23T23:22:40","guid":{"rendered":"http:\/\/apelespetitsbignolais.fr\/?page_id=483"},"modified":"2025-10-22T13:32:18","modified_gmt":"2025-10-22T11:32:18","slug":"assistante-maternelle","status":"publish","type":"page","link":"https:\/\/apelespetitsbignolais.fr\/index.php\/assistante-maternelle\/","title":{"rendered":"Assistante maternelle"},"content":{"rendered":"\t\t<div data-elementor-type=\"wp-page\" data-elementor-id=\"483\" class=\"elementor elementor-483\">\n\t\t\t\t<div class=\"elementor-element elementor-element-3c31721 e-flex e-con-boxed e-con e-parent\" data-id=\"3c31721\" data-element_type=\"container\" data-e-type=\"container\">\n\t\t\t\t\t<div class=\"e-con-inner\">\n\t\t<div class=\"elementor-element elementor-element-acb3ef8 e-con-full e-flex e-con e-child\" data-id=\"acb3ef8\" data-element_type=\"container\" data-e-type=\"container\">\n\t\t\t\t<div class=\"elementor-element elementor-element-e12eb2e elementor-widget__width-initial elementor-widget-tablet__width-initial elementor-widget elementor-widget-heading\" data-id=\"e12eb2e\" data-element_type=\"widget\" data-e-type=\"widget\" data-widget_type=\"heading.default\">\n\t\t\t\t<div class=\"elementor-widget-container\">\n\t\t\t\t\t<h2 class=\"elementor-heading-title elementor-size-default\">Aide aux parents<\/h2>\t\t\t\t<\/div>\n\t\t\t\t<\/div>\n\t\t\t\t<\/div>\n\t\t\t\t\t<\/div>\n\t\t\t\t<\/div>\n\t\t<div class=\"elementor-element elementor-element-523b1be e-con-full e-flex e-con e-parent\" data-id=\"523b1be\" data-element_type=\"container\" data-e-type=\"container\" data-settings=\"{&quot;background_background&quot;:&quot;classic&quot;}\">\n\t\t<div class=\"elementor-element elementor-element-707e28c e-grid e-con-boxed e-con e-child\" data-id=\"707e28c\" data-element_type=\"container\" data-e-type=\"container\">\n\t\t\t\t\t<div class=\"e-con-inner\">\n\t\t\t\t<div class=\"elementor-element elementor-element-f03aa3a elementor-widget elementor-widget-text-editor\" data-id=\"f03aa3a\" data-element_type=\"widget\" data-e-type=\"widget\" data-widget_type=\"text-editor.default\">\n\t\t\t\t<div class=\"elementor-widget-container\">\n\t\t\t\t\t\t\t\t\t<ul><li><span class=\"texte-bleu\"><strong>VOLTOLINI (DUBEAUD) Rachel<\/strong><\/span><\/li><\/ul><p>11 Chemin creux<br \/>18190 VALLENAY<\/p><p>T\u00e9l. :\u00a002.48.63.09.75<\/p><ul><li><p><span class=\"texte-bleu\"><strong>DORET Katheline<\/strong><\/span><\/p><p>5 route de Jariolles<br \/>18190 St LOUP DES CHAUMES<\/p><p>T\u00e9l. : 06.68.62.29.65 \/ <a href=\"mailto:kathelinedoret@gmail.com\" target=\"_blank\" rel=\"noopener\">kathelinedoret@gmail.com<\/a><\/p><\/li><\/ul><ul><li><p><span class=\"texte-bleu\"><strong>DE L&rsquo;HOMME Virginia<\/strong><\/span><\/p><p>8 route de Jariolles<br \/>18190 St LOUP DES CHAUMES<\/p><p>T\u00e9l. :\u00a006.32.78.74.32<\/p><\/li><\/ul>\t\t\t\t\t\t\t\t<\/div>\n\t\t\t\t<\/div>\n\t\t\t\t<div class=\"elementor-element elementor-element-02ee7f0 elementor-widget elementor-widget-text-editor\" data-id=\"02ee7f0\" data-element_type=\"widget\" data-e-type=\"widget\" data-widget_type=\"text-editor.default\">\n\t\t\t\t<div class=\"elementor-widget-container\">\n\t\t\t\t\t\t\t\t\t<ul><li style=\"list-style-type: none;\"><ul><li><span class=\"texte-bleu\"><strong>MAM HAKUMAMATATA \/ <\/strong><\/span><span class=\"texte-bleu\"><strong>FALIBARON Rachel &amp; TAILLANDIER Sophie<\/strong><\/span><\/li><\/ul><p>2 Route du Boischaut<br \/>18190 VALLENAY<\/p><p><a href=\"mailto:hakumamatata18190@gmail.com\" target=\"_blank\" rel=\"noopener\">hakumamatata18190@gmail.com<\/a><\/p><ul><li><span class=\"texte-bleu\"><strong>PLAULT Nathalie<\/strong><\/span><\/li><\/ul><p>2 route de Jariolles<br \/>18190 St LOUP DES CHAUMES<\/p><p>T\u00e9l. :\u00a002.48.60.40.81<\/p><\/li><li style=\"list-style-type: none;\"><p>\u00a0<\/p><p>Vous \u00eates assistante maternelle et vous souhaitez modifier vos informations ou \u00eatre r\u00e9f\u00e9renc\u00e9e sur notre site, <a href=\"https:\/\/apelespetitsbignolais.fr\/index.php\/contact\/\">contactez nous!<\/a><\/p><p>\u00a0<\/p><\/li><\/ul>\t\t\t\t\t\t\t\t<\/div>\n\t\t\t\t<\/div>\n\t\t\t\t\t<\/div>\n\t\t\t\t<\/div>\n\t\t\t\t<div class=\"elementor-element elementor-element-57aeda7 elementor-widget__width-initial elementor-widget elementor-widget-text-editor\" data-id=\"57aeda7\" data-element_type=\"widget\" data-e-type=\"widget\" data-widget_type=\"text-editor.default\">\n\t\t\t\t<div class=\"elementor-widget-container\">\n\t\t\t\t\t\t\t\t\t<p><b><u>Assistante maternelle \u00e0 Vallenay \/ Saint Loup des Chaumes<\/u><\/b><\/p>\t\t\t\t\t\t\t\t<\/div>\n\t\t\t\t<\/div>\n\t\t\t\t<\/div>\n\t\t\t\t<\/div>\n\t\t","protected":false},"excerpt":{"rendered":"<p>Aide aux parents VOLTOLINI (DUBEAUD) Rachel 11 Chemin creux18190 VALLENAY T\u00e9l. :\u00a002.48.63.09.75 DORET Katheline 5 route de Jariolles18190 St LOUP DES CHAUMES T\u00e9l. : 06.68.62.29.65 \/ kathelinedoret@gmail.com DE L&rsquo;HOMME Virginia 8 route de Jariolles18190 St LOUP DES CHAUMES T\u00e9l. :\u00a006.32.78.74.32 &hellip; <\/p>\n","protected":false},"author":1,"featured_media":0,"parent":0,"menu_order":0,"comment_status":"closed","ping_status":"closed","template":"elementor_header_footer","meta":{"footnotes":""},"class_list":["post-483","page","type-page","status-publish","hentry"],"yoast_head":"<!-- This site is optimized with the Yoast SEO plugin v27.3 - https:\/\/yoast.com\/product\/yoast-seo-wordpress\/ -->\n<title>Assistante maternelle - Les Petits Bignolais<\/title>\n<meta name=\"robots\" content=\"index, follow, max-snippet:-1, max-image-preview:large, max-video-preview:-1\" \/>\n<link rel=\"canonical\" href=\"https:\/\/apelespetitsbignolais.fr\/index.php\/assistante-maternelle\/\" \/>\n<meta property=\"og:locale\" content=\"fr_FR\" \/>\n<meta property=\"og:type\" content=\"article\" \/>\n<meta property=\"og:title\" content=\"Assistante maternelle - Les Petits Bignolais\" \/>\n<meta property=\"og:description\" content=\"Aide aux parents VOLTOLINI (DUBEAUD) Rachel 11 Chemin creux18190 VALLENAY T\u00e9l. :\u00a002.48.63.09.75 DORET Katheline 5 route de Jariolles18190 St LOUP DES CHAUMES T\u00e9l. : 06.68.62.29.65 \/ kathelinedoret@gmail.com DE L&rsquo;HOMME Virginia 8 route de Jariolles18190 St LOUP DES CHAUMES T\u00e9l. :\u00a006.32.78.74.32 &hellip;\" \/>\n<meta property=\"og:url\" content=\"https:\/\/apelespetitsbignolais.fr\/index.php\/assistante-maternelle\/\" \/>\n<meta property=\"og:site_name\" content=\"Les Petits Bignolais\" \/>\n<meta property=\"article:modified_time\" content=\"2025-10-22T11:32:18+00:00\" \/>\n<meta name=\"twitter:card\" content=\"summary_large_image\" \/>\n<meta name=\"twitter:label1\" content=\"Dur\u00e9e de lecture estim\u00e9e\" \/>\n\t<meta name=\"twitter:data1\" content=\"1 minute\" \/>\n<script type=\"application\/ld+json\" class=\"yoast-schema-graph\">{\"@context\":\"https:\\\/\\\/schema.org\",\"@graph\":[{\"@type\":\"WebPage\",\"@id\":\"https:\\\/\\\/apelespetitsbignolais.fr\\\/index.php\\\/assistante-maternelle\\\/\",\"url\":\"https:\\\/\\\/apelespetitsbignolais.fr\\\/index.php\\\/assistante-maternelle\\\/\",\"name\":\"Assistante maternelle - Les Petits Bignolais\",\"isPartOf\":{\"@id\":\"https:\\\/\\\/apelespetitsbignolais.fr\\\/#website\"},\"datePublished\":\"2024-10-23T23:22:40+00:00\",\"dateModified\":\"2025-10-22T11:32:18+00:00\",\"breadcrumb\":{\"@id\":\"https:\\\/\\\/apelespetitsbignolais.fr\\\/index.php\\\/assistante-maternelle\\\/#breadcrumb\"},\"inLanguage\":\"fr-FR\",\"potentialAction\":[{\"@type\":\"ReadAction\",\"target\":[\"https:\\\/\\\/apelespetitsbignolais.fr\\\/index.php\\\/assistante-maternelle\\\/\"]}]},{\"@type\":\"BreadcrumbList\",\"@id\":\"https:\\\/\\\/apelespetitsbignolais.fr\\\/index.php\\\/assistante-maternelle\\\/#breadcrumb\",\"itemListElement\":[{\"@type\":\"ListItem\",\"position\":1,\"name\":\"Accueil\",\"item\":\"https:\\\/\\\/apelespetitsbignolais.fr\\\/\"},{\"@type\":\"ListItem\",\"position\":2,\"name\":\"Assistante maternelle\"}]},{\"@type\":\"WebSite\",\"@id\":\"https:\\\/\\\/apelespetitsbignolais.fr\\\/#website\",\"url\":\"https:\\\/\\\/apelespetitsbignolais.fr\\\/\",\"name\":\"APE Les Petits Bignolais\",\"description\":\"Association des parents d&#039;\u00e9l\u00e8ves des \u00e9coles maternelle et primaire  de Bigny Vallenay\",\"publisher\":{\"@id\":\"https:\\\/\\\/apelespetitsbignolais.fr\\\/#organization\"},\"potentialAction\":[{\"@type\":\"SearchAction\",\"target\":{\"@type\":\"EntryPoint\",\"urlTemplate\":\"https:\\\/\\\/apelespetitsbignolais.fr\\\/?s={search_term_string}\"},\"query-input\":{\"@type\":\"PropertyValueSpecification\",\"valueRequired\":true,\"valueName\":\"search_term_string\"}}],\"inLanguage\":\"fr-FR\"},{\"@type\":\"Organization\",\"@id\":\"https:\\\/\\\/apelespetitsbignolais.fr\\\/#organization\",\"name\":\"APE Les Petits Bignolais\",\"url\":\"https:\\\/\\\/apelespetitsbignolais.fr\\\/\",\"logo\":{\"@type\":\"ImageObject\",\"inLanguage\":\"fr-FR\",\"@id\":\"https:\\\/\\\/apelespetitsbignolais.fr\\\/#\\\/schema\\\/logo\\\/image\\\/\",\"url\":\"https:\\\/\\\/apelespetitsbignolais.fr\\\/wp-content\\\/uploads\\\/2024\\\/10\\\/cropped-LOGO-SITE.jpg\",\"contentUrl\":\"https:\\\/\\\/apelespetitsbignolais.fr\\\/wp-content\\\/uploads\\\/2024\\\/10\\\/cropped-LOGO-SITE.jpg\",\"width\":1314,\"height\":558,\"caption\":\"APE Les Petits Bignolais\"},\"image\":{\"@id\":\"https:\\\/\\\/apelespetitsbignolais.fr\\\/#\\\/schema\\\/logo\\\/image\\\/\"}}]}<\/script>\n<!-- \/ Yoast SEO plugin. -->","yoast_head_json":{"title":"Assistante maternelle - Les Petits Bignolais","robots":{"index":"index","follow":"follow","max-snippet":"max-snippet:-1","max-image-preview":"max-image-preview:large","max-video-preview":"max-video-preview:-1"},"canonical":"https:\/\/apelespetitsbignolais.fr\/index.php\/assistante-maternelle\/","og_locale":"fr_FR","og_type":"article","og_title":"Assistante maternelle - Les Petits Bignolais","og_description":"Aide aux parents VOLTOLINI (DUBEAUD) Rachel 11 Chemin creux18190 VALLENAY T\u00e9l. :\u00a002.48.63.09.75 DORET Katheline 5 route de Jariolles18190 St LOUP DES CHAUMES T\u00e9l. : 06.68.62.29.65 \/ kathelinedoret@gmail.com DE L&rsquo;HOMME Virginia 8 route de Jariolles18190 St LOUP DES CHAUMES T\u00e9l. :\u00a006.32.78.74.32 &hellip;","og_url":"https:\/\/apelespetitsbignolais.fr\/index.php\/assistante-maternelle\/","og_site_name":"Les Petits Bignolais","article_modified_time":"2025-10-22T11:32:18+00:00","twitter_card":"summary_large_image","twitter_misc":{"Dur\u00e9e de lecture estim\u00e9e":"1 minute"},"schema":{"@context":"https:\/\/schema.org","@graph":[{"@type":"WebPage","@id":"https:\/\/apelespetitsbignolais.fr\/index.php\/assistante-maternelle\/","url":"https:\/\/apelespetitsbignolais.fr\/index.php\/assistante-maternelle\/","name":"Assistante maternelle - Les Petits Bignolais","isPartOf":{"@id":"https:\/\/apelespetitsbignolais.fr\/#website"},"datePublished":"2024-10-23T23:22:40+00:00","dateModified":"2025-10-22T11:32:18+00:00","breadcrumb":{"@id":"https:\/\/apelespetitsbignolais.fr\/index.php\/assistante-maternelle\/#breadcrumb"},"inLanguage":"fr-FR","potentialAction":[{"@type":"ReadAction","target":["https:\/\/apelespetitsbignolais.fr\/index.php\/assistante-maternelle\/"]}]},{"@type":"BreadcrumbList","@id":"https:\/\/apelespetitsbignolais.fr\/index.php\/assistante-maternelle\/#breadcrumb","itemListElement":[{"@type":"ListItem","position":1,"name":"Accueil","item":"https:\/\/apelespetitsbignolais.fr\/"},{"@type":"ListItem","position":2,"name":"Assistante maternelle"}]},{"@type":"WebSite","@id":"https:\/\/apelespetitsbignolais.fr\/#website","url":"https:\/\/apelespetitsbignolais.fr\/","name":"APE Les Petits Bignolais","description":"Association des parents d&#039;\u00e9l\u00e8ves des \u00e9coles maternelle et primaire  de Bigny Vallenay","publisher":{"@id":"https:\/\/apelespetitsbignolais.fr\/#organization"},"potentialAction":[{"@type":"SearchAction","target":{"@type":"EntryPoint","urlTemplate":"https:\/\/apelespetitsbignolais.fr\/?s={search_term_string}"},"query-input":{"@type":"PropertyValueSpecification","valueRequired":true,"valueName":"search_term_string"}}],"inLanguage":"fr-FR"},{"@type":"Organization","@id":"https:\/\/apelespetitsbignolais.fr\/#organization","name":"APE Les Petits Bignolais","url":"https:\/\/apelespetitsbignolais.fr\/","logo":{"@type":"ImageObject","inLanguage":"fr-FR","@id":"https:\/\/apelespetitsbignolais.fr\/#\/schema\/logo\/image\/","url":"https:\/\/apelespetitsbignolais.fr\/wp-content\/uploads\/2024\/10\/cropped-LOGO-SITE.jpg","contentUrl":"https:\/\/apelespetitsbignolais.fr\/wp-content\/uploads\/2024\/10\/cropped-LOGO-SITE.jpg","width":1314,"height":558,"caption":"APE Les Petits Bignolais"},"image":{"@id":"https:\/\/apelespetitsbignolais.fr\/#\/schema\/logo\/image\/"}}]}},"_links":{"self":[{"href":"https:\/\/apelespetitsbignolais.fr\/index.php\/wp-json\/wp\/v2\/pages\/483","targetHints":{"allow":["GET"]}}],"collection":[{"href":"https:\/\/apelespetitsbignolais.fr\/index.php\/wp-json\/wp\/v2\/pages"}],"about":[{"href":"https:\/\/apelespetitsbignolais.fr\/index.php\/wp-json\/wp\/v2\/types\/page"}],"author":[{"embeddable":true,"href":"https:\/\/apelespetitsbignolais.fr\/index.php\/wp-json\/wp\/v2\/users\/1"}],"replies":[{"embeddable":true,"href":"https:\/\/apelespetitsbignolais.fr\/index.php\/wp-json\/wp\/v2\/comments?post=483"}],"version-history":[{"count":13,"href":"https:\/\/apelespetitsbignolais.fr\/index.php\/wp-json\/wp\/v2\/pages\/483\/revisions"}],"predecessor-version":[{"id":1453,"href":"https:\/\/apelespetitsbignolais.fr\/index.php\/wp-json\/wp\/v2\/pages\/483\/revisions\/1453"}],"wp:attachment":[{"href":"https:\/\/apelespetitsbignolais.fr\/index.php\/wp-json\/wp\/v2\/media?parent=483"}],"curies":[{"name":"wp","href":"https:\/\/api.w.org\/{rel}","templated":true}]}}