{"id":658,"date":"2024-10-27T16:21:29","date_gmt":"2024-10-27T15:21:29","guid":{"rendered":"https:\/\/apelespetitsbignolais.fr\/?page_id=658"},"modified":"2026-01-24T12:03:18","modified_gmt":"2026-01-24T11:03:18","slug":"notre-boutique","status":"publish","type":"page","link":"https:\/\/apelespetitsbignolais.fr\/index.php\/notre-boutique\/","title":{"rendered":"Notre boutique"},"content":{"rendered":"\t\t<div data-elementor-type=\"wp-page\" data-elementor-id=\"658\" class=\"elementor elementor-658\">\n\t\t\t\t<div class=\"elementor-element elementor-element-513ee9f e-flex e-con-boxed e-con e-parent\" data-id=\"513ee9f\" data-element_type=\"container\" data-e-type=\"container\">\n\t\t\t\t\t<div class=\"e-con-inner\">\n\t\t\t\t<div class=\"elementor-element elementor-element-2ef2bbe elementor-widget elementor-widget-heading\" data-id=\"2ef2bbe\" data-element_type=\"widget\" data-e-type=\"widget\" data-widget_type=\"heading.default\">\n\t\t\t\t<div class=\"elementor-widget-container\">\n\t\t\t\t\t<h2 class=\"elementor-heading-title elementor-size-default\">\ud83c\udf6a Vente de biscuits Saint Michel \nau profit des enfants de l\u2019\u00e9cole<\/h2>\t\t\t\t<\/div>\n\t\t\t\t<\/div>\n\t\t\t\t\t<\/div>\n\t\t\t\t<\/div>\n\t\t<div class=\"elementor-element elementor-element-6ba574b e-flex e-con-boxed e-con e-parent\" data-id=\"6ba574b\" data-element_type=\"container\" data-e-type=\"container\">\n\t\t\t\t\t<div class=\"e-con-inner\">\n\t\t\t\t<div class=\"elementor-element elementor-element-d014b7b elementor-widget elementor-widget-text-editor\" data-id=\"d014b7b\" data-element_type=\"widget\" data-e-type=\"widget\" data-widget_type=\"text-editor.default\">\n\t\t\t\t<div class=\"elementor-widget-container\">\n\t\t\t\t\t\t\t\t\t<p>Participez \u00e0 notre grande vente de biscuits Saint Michel\u202f!<br \/>Tous les b\u00e9n\u00e9fices serviront \u00e0 financer les voyages scolaires et les activit\u00e9s p\u00e9dagogiques des enfants de l\u2019\u00e9cole.<br \/>C\u2019est gourmand, solidaire\u2026 et id\u00e9al \u00e0 partager en famille\u202f!<\/p><p>\ud83c\udf81 Pourquoi participer\u202f?<br \/>\u2022 Vous soutenez directement les enfants de l\u2019\u00e9cole<br \/>\u2022 Vous offrez des biscuits de qualit\u00e9, fabriqu\u00e9s en France<br \/>\u2022 Vous pouvez partager la vente avec vos proches : famille, amis, coll\u00e8gues\u2026<br \/>\u2022 Plus nous sommes nombreux, plus les projets scolaires pourront se r\u00e9aliser\u202f!<\/p>\t\t\t\t\t\t\t\t<\/div>\n\t\t\t\t<\/div>\n\t\t\t\t\t<\/div>\n\t\t\t\t<\/div>\n\t\t<div class=\"elementor-element elementor-element-c0933bf e-flex e-con-boxed e-con e-parent\" data-id=\"c0933bf\" data-element_type=\"container\" data-e-type=\"container\">\n\t\t\t\t\t<div class=\"e-con-inner\">\n\t\t<div class=\"elementor-element elementor-element-183446a e-con-full e-flex e-con e-child\" data-id=\"183446a\" data-element_type=\"container\" data-e-type=\"container\">\n\t\t\t\t<div class=\"elementor-element elementor-element-199ca6e elementor-widget elementor-widget-text-editor\" data-id=\"199ca6e\" data-element_type=\"widget\" data-e-type=\"widget\" data-widget_type=\"text-editor.default\">\n\t\t\t\t<div class=\"elementor-widget-container\">\n\t\t\t\t\t\t\t\t\t<p>\ud83d\udcf1 Commande en ligne<\/p><p>\u2022 Sur mobile : flashez le QR code<br \/>\u2022 Sur ordinateur : cliquez sur le QR code<br \/>\ud83d\udc49 Paiement s\u00e9curis\u00e9, choix des produits, tout est simple et rapide.<\/p><p>\ud83d\udcdd Commande papier<br \/>\u2022 Imprimez le bon de commande ci-dessous<br \/>\u2022 Remplissez-le et retournez-le \u00e0 l\u2019\u00e9cole avec votre r\u00e8glement<\/p>\t\t\t\t\t\t\t\t<\/div>\n\t\t\t\t<\/div>\n\t\t\t\t<\/div>\n\t\t<div class=\"elementor-element elementor-element-4e6399b e-con-full e-flex e-con e-child\" data-id=\"4e6399b\" data-element_type=\"container\" data-e-type=\"container\">\n\t\t\t\t<div class=\"elementor-element elementor-element-985c2f5 elementor-widget elementor-widget-image\" data-id=\"985c2f5\" data-element_type=\"widget\" data-e-type=\"widget\" data-widget_type=\"image.default\">\n\t\t\t\t<div class=\"elementor-widget-container\">\n\t\t\t\t\t\t\t\t\t\t\t\t\t\t\t\t<a href=\"https:\/\/boutique.stmichel.fr\/participer-vente-associative?sale_reference=XTMUFAHVCT\" target=\"_blank\">\n\t\t\t\t\t\t\t<img fetchpriority=\"high\" decoding=\"async\" width=\"320\" height=\"316\" src=\"https:\/\/apelespetitsbignolais.fr\/wp-content\/uploads\/2026\/01\/QRCODE-SAINT-MICHEL-2025-2026.png\" class=\"attachment-large size-large wp-image-1592\" alt=\"\" srcset=\"https:\/\/apelespetitsbignolais.fr\/wp-content\/uploads\/2026\/01\/QRCODE-SAINT-MICHEL-2025-2026.png 320w, https:\/\/apelespetitsbignolais.fr\/wp-content\/uploads\/2026\/01\/QRCODE-SAINT-MICHEL-2025-2026-300x296.png 300w, https:\/\/apelespetitsbignolais.fr\/wp-content\/uploads\/2026\/01\/QRCODE-SAINT-MICHEL-2025-2026-186x185.png 186w, https:\/\/apelespetitsbignolais.fr\/wp-content\/uploads\/2026\/01\/QRCODE-SAINT-MICHEL-2025-2026-60x60.png 60w\" sizes=\"(max-width: 320px) 100vw, 320px\" \/>\t\t\t\t\t\t\t\t<\/a>\n\t\t\t\t\t\t\t\t\t\t\t\t\t\t\t<\/div>\n\t\t\t\t<\/div>\n\t\t\t\t<\/div>\n\t\t\t\t\t<\/div>\n\t\t\t\t<\/div>\n\t\t<div class=\"elementor-element elementor-element-52258e4 e-flex e-con-boxed e-con e-parent\" data-id=\"52258e4\" data-element_type=\"container\" data-e-type=\"container\">\n\t\t\t\t\t<div class=\"e-con-inner\">\n\t\t\t\t<div class=\"elementor-element elementor-element-0ccc3fd elementor-widget elementor-widget-html\" data-id=\"0ccc3fd\" data-element_type=\"widget\" data-e-type=\"widget\" data-widget_type=\"html.default\">\n\t\t\t\t<div class=\"elementor-widget-container\">\n\t\t\t\t\t<iframe \n    src=\"http:\/\/apelespetitsbignolais.fr\/wp-content\/uploads\/2026\/01\/Catalogue_APE-1.pdf\"\n    width=\"100%\" \n    height=\"900px\" \n    style=\"border:none;\">\n<\/iframe>\t\t\t\t<\/div>\n\t\t\t\t<\/div>\n\t\t\t\t\t<\/div>\n\t\t\t\t<\/div>\n\t\t\t\t<\/div>\n\t\t","protected":false},"excerpt":{"rendered":"<p>\ud83c\udf6a Vente de biscuits Saint Michel au profit des enfants de l\u2019\u00e9cole Participez \u00e0 notre grande vente de biscuits Saint Michel\u202f!Tous les b\u00e9n\u00e9fices serviront \u00e0 financer les voyages scolaires et les activit\u00e9s p\u00e9dagogiques des enfants de l\u2019\u00e9cole.C\u2019est gourmand, solidaire\u2026 et &hellip; <\/p>\n","protected":false},"author":1,"featured_media":0,"parent":0,"menu_order":0,"comment_status":"closed","ping_status":"closed","template":"elementor_header_footer","meta":{"footnotes":""},"class_list":["post-658","page","type-page","status-publish","hentry"],"yoast_head":"<!-- This site is optimized with the Yoast SEO plugin v27.3 - https:\/\/yoast.com\/product\/yoast-seo-wordpress\/ -->\n<title>Notre boutique - Les Petits Bignolais<\/title>\n<meta name=\"robots\" content=\"index, follow, max-snippet:-1, max-image-preview:large, max-video-preview:-1\" \/>\n<link rel=\"canonical\" href=\"https:\/\/apelespetitsbignolais.fr\/index.php\/notre-boutique\/\" \/>\n<meta property=\"og:locale\" content=\"fr_FR\" \/>\n<meta property=\"og:type\" content=\"article\" \/>\n<meta property=\"og:title\" content=\"Notre boutique - Les Petits Bignolais\" \/>\n<meta property=\"og:description\" content=\"\ud83c\udf6a Vente de biscuits Saint Michel au profit des enfants de l\u2019\u00e9cole Participez \u00e0 notre grande vente de biscuits Saint Michel\u202f!Tous les b\u00e9n\u00e9fices serviront \u00e0 financer les voyages scolaires et les activit\u00e9s p\u00e9dagogiques des enfants de l\u2019\u00e9cole.C\u2019est gourmand, solidaire\u2026 et &hellip;\" \/>\n<meta property=\"og:url\" content=\"https:\/\/apelespetitsbignolais.fr\/index.php\/notre-boutique\/\" \/>\n<meta property=\"og:site_name\" content=\"Les Petits Bignolais\" \/>\n<meta property=\"article:modified_time\" content=\"2026-01-24T11:03:18+00:00\" \/>\n<meta property=\"og:image\" content=\"http:\/\/apelespetitsbignolais.fr\/wp-content\/uploads\/2026\/01\/QRCODE-SAINT-MICHEL-2025-2026.png\" \/>\n<meta name=\"twitter:card\" content=\"summary_large_image\" \/>\n<meta name=\"twitter:label1\" content=\"Dur\u00e9e de lecture estim\u00e9e\" \/>\n\t<meta name=\"twitter:data1\" content=\"2 minutes\" \/>\n<script type=\"application\/ld+json\" class=\"yoast-schema-graph\">{\"@context\":\"https:\\\/\\\/schema.org\",\"@graph\":[{\"@type\":\"WebPage\",\"@id\":\"https:\\\/\\\/apelespetitsbignolais.fr\\\/index.php\\\/notre-boutique\\\/\",\"url\":\"https:\\\/\\\/apelespetitsbignolais.fr\\\/index.php\\\/notre-boutique\\\/\",\"name\":\"Notre boutique - Les Petits Bignolais\",\"isPartOf\":{\"@id\":\"https:\\\/\\\/apelespetitsbignolais.fr\\\/#website\"},\"primaryImageOfPage\":{\"@id\":\"https:\\\/\\\/apelespetitsbignolais.fr\\\/index.php\\\/notre-boutique\\\/#primaryimage\"},\"image\":{\"@id\":\"https:\\\/\\\/apelespetitsbignolais.fr\\\/index.php\\\/notre-boutique\\\/#primaryimage\"},\"thumbnailUrl\":\"http:\\\/\\\/apelespetitsbignolais.fr\\\/wp-content\\\/uploads\\\/2026\\\/01\\\/QRCODE-SAINT-MICHEL-2025-2026.png\",\"datePublished\":\"2024-10-27T15:21:29+00:00\",\"dateModified\":\"2026-01-24T11:03:18+00:00\",\"breadcrumb\":{\"@id\":\"https:\\\/\\\/apelespetitsbignolais.fr\\\/index.php\\\/notre-boutique\\\/#breadcrumb\"},\"inLanguage\":\"fr-FR\",\"potentialAction\":[{\"@type\":\"ReadAction\",\"target\":[\"https:\\\/\\\/apelespetitsbignolais.fr\\\/index.php\\\/notre-boutique\\\/\"]}]},{\"@type\":\"ImageObject\",\"inLanguage\":\"fr-FR\",\"@id\":\"https:\\\/\\\/apelespetitsbignolais.fr\\\/index.php\\\/notre-boutique\\\/#primaryimage\",\"url\":\"https:\\\/\\\/apelespetitsbignolais.fr\\\/wp-content\\\/uploads\\\/2026\\\/01\\\/QRCODE-SAINT-MICHEL-2025-2026.png\",\"contentUrl\":\"https:\\\/\\\/apelespetitsbignolais.fr\\\/wp-content\\\/uploads\\\/2026\\\/01\\\/QRCODE-SAINT-MICHEL-2025-2026.png\",\"width\":320,\"height\":316},{\"@type\":\"BreadcrumbList\",\"@id\":\"https:\\\/\\\/apelespetitsbignolais.fr\\\/index.php\\\/notre-boutique\\\/#breadcrumb\",\"itemListElement\":[{\"@type\":\"ListItem\",\"position\":1,\"name\":\"Accueil\",\"item\":\"https:\\\/\\\/apelespetitsbignolais.fr\\\/\"},{\"@type\":\"ListItem\",\"position\":2,\"name\":\"Notre boutique\"}]},{\"@type\":\"WebSite\",\"@id\":\"https:\\\/\\\/apelespetitsbignolais.fr\\\/#website\",\"url\":\"https:\\\/\\\/apelespetitsbignolais.fr\\\/\",\"name\":\"APE Les Petits Bignolais\",\"description\":\"Association des parents d&#039;\u00e9l\u00e8ves des \u00e9coles maternelle et primaire  de Bigny Vallenay\",\"publisher\":{\"@id\":\"https:\\\/\\\/apelespetitsbignolais.fr\\\/#organization\"},\"potentialAction\":[{\"@type\":\"SearchAction\",\"target\":{\"@type\":\"EntryPoint\",\"urlTemplate\":\"https:\\\/\\\/apelespetitsbignolais.fr\\\/?s={search_term_string}\"},\"query-input\":{\"@type\":\"PropertyValueSpecification\",\"valueRequired\":true,\"valueName\":\"search_term_string\"}}],\"inLanguage\":\"fr-FR\"},{\"@type\":\"Organization\",\"@id\":\"https:\\\/\\\/apelespetitsbignolais.fr\\\/#organization\",\"name\":\"APE Les Petits Bignolais\",\"url\":\"https:\\\/\\\/apelespetitsbignolais.fr\\\/\",\"logo\":{\"@type\":\"ImageObject\",\"inLanguage\":\"fr-FR\",\"@id\":\"https:\\\/\\\/apelespetitsbignolais.fr\\\/#\\\/schema\\\/logo\\\/image\\\/\",\"url\":\"https:\\\/\\\/apelespetitsbignolais.fr\\\/wp-content\\\/uploads\\\/2024\\\/10\\\/cropped-LOGO-SITE.jpg\",\"contentUrl\":\"https:\\\/\\\/apelespetitsbignolais.fr\\\/wp-content\\\/uploads\\\/2024\\\/10\\\/cropped-LOGO-SITE.jpg\",\"width\":1314,\"height\":558,\"caption\":\"APE Les Petits Bignolais\"},\"image\":{\"@id\":\"https:\\\/\\\/apelespetitsbignolais.fr\\\/#\\\/schema\\\/logo\\\/image\\\/\"}}]}<\/script>\n<!-- \/ Yoast SEO plugin. -->","yoast_head_json":{"title":"Notre boutique - Les Petits Bignolais","robots":{"index":"index","follow":"follow","max-snippet":"max-snippet:-1","max-image-preview":"max-image-preview:large","max-video-preview":"max-video-preview:-1"},"canonical":"https:\/\/apelespetitsbignolais.fr\/index.php\/notre-boutique\/","og_locale":"fr_FR","og_type":"article","og_title":"Notre boutique - Les Petits Bignolais","og_description":"\ud83c\udf6a Vente de biscuits Saint Michel au profit des enfants de l\u2019\u00e9cole Participez \u00e0 notre grande vente de biscuits Saint Michel\u202f!Tous les b\u00e9n\u00e9fices serviront \u00e0 financer les voyages scolaires et les activit\u00e9s p\u00e9dagogiques des enfants de l\u2019\u00e9cole.C\u2019est gourmand, solidaire\u2026 et &hellip;","og_url":"https:\/\/apelespetitsbignolais.fr\/index.php\/notre-boutique\/","og_site_name":"Les Petits Bignolais","article_modified_time":"2026-01-24T11:03:18+00:00","og_image":[{"url":"http:\/\/apelespetitsbignolais.fr\/wp-content\/uploads\/2026\/01\/QRCODE-SAINT-MICHEL-2025-2026.png","type":"","width":"","height":""}],"twitter_card":"summary_large_image","twitter_misc":{"Dur\u00e9e de lecture estim\u00e9e":"2 minutes"},"schema":{"@context":"https:\/\/schema.org","@graph":[{"@type":"WebPage","@id":"https:\/\/apelespetitsbignolais.fr\/index.php\/notre-boutique\/","url":"https:\/\/apelespetitsbignolais.fr\/index.php\/notre-boutique\/","name":"Notre boutique - Les Petits Bignolais","isPartOf":{"@id":"https:\/\/apelespetitsbignolais.fr\/#website"},"primaryImageOfPage":{"@id":"https:\/\/apelespetitsbignolais.fr\/index.php\/notre-boutique\/#primaryimage"},"image":{"@id":"https:\/\/apelespetitsbignolais.fr\/index.php\/notre-boutique\/#primaryimage"},"thumbnailUrl":"http:\/\/apelespetitsbignolais.fr\/wp-content\/uploads\/2026\/01\/QRCODE-SAINT-MICHEL-2025-2026.png","datePublished":"2024-10-27T15:21:29+00:00","dateModified":"2026-01-24T11:03:18+00:00","breadcrumb":{"@id":"https:\/\/apelespetitsbignolais.fr\/index.php\/notre-boutique\/#breadcrumb"},"inLanguage":"fr-FR","potentialAction":[{"@type":"ReadAction","target":["https:\/\/apelespetitsbignolais.fr\/index.php\/notre-boutique\/"]}]},{"@type":"ImageObject","inLanguage":"fr-FR","@id":"https:\/\/apelespetitsbignolais.fr\/index.php\/notre-boutique\/#primaryimage","url":"https:\/\/apelespetitsbignolais.fr\/wp-content\/uploads\/2026\/01\/QRCODE-SAINT-MICHEL-2025-2026.png","contentUrl":"https:\/\/apelespetitsbignolais.fr\/wp-content\/uploads\/2026\/01\/QRCODE-SAINT-MICHEL-2025-2026.png","width":320,"height":316},{"@type":"BreadcrumbList","@id":"https:\/\/apelespetitsbignolais.fr\/index.php\/notre-boutique\/#breadcrumb","itemListElement":[{"@type":"ListItem","position":1,"name":"Accueil","item":"https:\/\/apelespetitsbignolais.fr\/"},{"@type":"ListItem","position":2,"name":"Notre boutique"}]},{"@type":"WebSite","@id":"https:\/\/apelespetitsbignolais.fr\/#website","url":"https:\/\/apelespetitsbignolais.fr\/","name":"APE Les Petits Bignolais","description":"Association des parents d&#039;\u00e9l\u00e8ves des \u00e9coles maternelle et primaire  de Bigny Vallenay","publisher":{"@id":"https:\/\/apelespetitsbignolais.fr\/#organization"},"potentialAction":[{"@type":"SearchAction","target":{"@type":"EntryPoint","urlTemplate":"https:\/\/apelespetitsbignolais.fr\/?s={search_term_string}"},"query-input":{"@type":"PropertyValueSpecification","valueRequired":true,"valueName":"search_term_string"}}],"inLanguage":"fr-FR"},{"@type":"Organization","@id":"https:\/\/apelespetitsbignolais.fr\/#organization","name":"APE Les Petits Bignolais","url":"https:\/\/apelespetitsbignolais.fr\/","logo":{"@type":"ImageObject","inLanguage":"fr-FR","@id":"https:\/\/apelespetitsbignolais.fr\/#\/schema\/logo\/image\/","url":"https:\/\/apelespetitsbignolais.fr\/wp-content\/uploads\/2024\/10\/cropped-LOGO-SITE.jpg","contentUrl":"https:\/\/apelespetitsbignolais.fr\/wp-content\/uploads\/2024\/10\/cropped-LOGO-SITE.jpg","width":1314,"height":558,"caption":"APE Les Petits Bignolais"},"image":{"@id":"https:\/\/apelespetitsbignolais.fr\/#\/schema\/logo\/image\/"}}]}},"_links":{"self":[{"href":"https:\/\/apelespetitsbignolais.fr\/index.php\/wp-json\/wp\/v2\/pages\/658","targetHints":{"allow":["GET"]}}],"collection":[{"href":"https:\/\/apelespetitsbignolais.fr\/index.php\/wp-json\/wp\/v2\/pages"}],"about":[{"href":"https:\/\/apelespetitsbignolais.fr\/index.php\/wp-json\/wp\/v2\/types\/page"}],"author":[{"embeddable":true,"href":"https:\/\/apelespetitsbignolais.fr\/index.php\/wp-json\/wp\/v2\/users\/1"}],"replies":[{"embeddable":true,"href":"https:\/\/apelespetitsbignolais.fr\/index.php\/wp-json\/wp\/v2\/comments?post=658"}],"version-history":[{"count":130,"href":"https:\/\/apelespetitsbignolais.fr\/index.php\/wp-json\/wp\/v2\/pages\/658\/revisions"}],"predecessor-version":[{"id":1612,"href":"https:\/\/apelespetitsbignolais.fr\/index.php\/wp-json\/wp\/v2\/pages\/658\/revisions\/1612"}],"wp:attachment":[{"href":"https:\/\/apelespetitsbignolais.fr\/index.php\/wp-json\/wp\/v2\/media?parent=658"}],"curies":[{"name":"wp","href":"https:\/\/api.w.org\/{rel}","templated":true}]}}