{"id":699,"date":"2024-10-27T19:58:58","date_gmt":"2024-10-27T18:58:58","guid":{"rendered":"https:\/\/apelespetitsbignolais.fr\/?page_id=699"},"modified":"2025-09-11T21:34:00","modified_gmt":"2025-09-11T19:34:00","slug":"marche-de-noel","status":"publish","type":"page","link":"https:\/\/apelespetitsbignolais.fr\/index.php\/marche-de-noel\/","title":{"rendered":"March\u00e9 de No\u00ebl"},"content":{"rendered":"\t\t<div data-elementor-type=\"wp-page\" data-elementor-id=\"699\" class=\"elementor elementor-699\">\n\t\t\t\t<div class=\"elementor-element elementor-element-44445cc e-flex e-con-boxed e-con e-parent\" data-id=\"44445cc\" data-element_type=\"container\" data-e-type=\"container\">\n\t\t\t\t\t<div class=\"e-con-inner\">\n\t\t\t\t<div class=\"elementor-element elementor-element-034945e elementor-widget__width-initial elementor-widget-tablet__width-initial elementor-widget elementor-widget-heading\" data-id=\"034945e\" data-element_type=\"widget\" data-e-type=\"widget\" data-widget_type=\"heading.default\">\n\t\t\t\t<div class=\"elementor-widget-container\">\n\t\t\t\t\t<h2 class=\"elementor-heading-title elementor-size-default\">March\u00e9 de No\u00ebl<\/h2>\t\t\t\t<\/div>\n\t\t\t\t<\/div>\n\t\t\t\t\t<\/div>\n\t\t\t\t<\/div>\n\t\t<div class=\"elementor-element elementor-element-80ef592 e-con-full e-flex e-con e-parent\" data-id=\"80ef592\" data-element_type=\"container\" data-e-type=\"container\" data-settings=\"{&quot;background_background&quot;:&quot;classic&quot;}\">\n\t\t\t\t<div class=\"elementor-element elementor-element-9c8b824 elementor-position-top elementor-widget elementor-widget-image-box\" data-id=\"9c8b824\" data-element_type=\"widget\" data-e-type=\"widget\" data-widget_type=\"image-box.default\">\n\t\t\t\t<div class=\"elementor-widget-container\">\n\t\t\t\t\t<div class=\"elementor-image-box-wrapper\"><figure class=\"elementor-image-box-img\"><img fetchpriority=\"high\" decoding=\"async\" width=\"314\" height=\"234\" src=\"https:\/\/apelespetitsbignolais.fr\/wp-content\/uploads\/2024\/10\/marche-de-noel.jpg\" class=\"attachment-1536x1536 size-1536x1536 wp-image-692\" alt=\"\" srcset=\"https:\/\/apelespetitsbignolais.fr\/wp-content\/uploads\/2024\/10\/marche-de-noel.jpg 314w, https:\/\/apelespetitsbignolais.fr\/wp-content\/uploads\/2024\/10\/marche-de-noel-300x224.jpg 300w\" sizes=\"(max-width: 314px) 100vw, 314px\" \/><\/figure><div class=\"elementor-image-box-content\"><h3 class=\"elementor-image-box-title\">Les samedi 22 et dimanche 23 novembre 2025<br><br>Venez d\u00e9couvrir le March\u00e9 de Noel avec nous !<\/h3><\/div><\/div>\t\t\t\t<\/div>\n\t\t\t\t<\/div>\n\t\t\t\t<\/div>\n\t\t\t\t<\/div>\n\t\t","protected":false},"excerpt":{"rendered":"<p>March\u00e9 de No\u00ebl Les samedi 22 et dimanche 23 novembre 2025 Venez d\u00e9couvrir le March\u00e9 de Noel avec nous !<\/p>\n","protected":false},"author":1,"featured_media":0,"parent":0,"menu_order":0,"comment_status":"closed","ping_status":"closed","template":"elementor_header_footer","meta":{"footnotes":""},"class_list":["post-699","page","type-page","status-publish","hentry"],"yoast_head":"<!-- This site is optimized with the Yoast SEO plugin v27.3 - https:\/\/yoast.com\/product\/yoast-seo-wordpress\/ -->\n<title>March\u00e9 de No\u00ebl - Les Petits Bignolais<\/title>\n<meta name=\"robots\" content=\"index, follow, max-snippet:-1, max-image-preview:large, max-video-preview:-1\" \/>\n<link rel=\"canonical\" href=\"https:\/\/apelespetitsbignolais.fr\/index.php\/marche-de-noel\/\" \/>\n<meta property=\"og:locale\" content=\"fr_FR\" \/>\n<meta property=\"og:type\" content=\"article\" \/>\n<meta property=\"og:title\" content=\"March\u00e9 de No\u00ebl - Les Petits Bignolais\" \/>\n<meta property=\"og:description\" content=\"March\u00e9 de No\u00ebl Les samedi 22 et dimanche 23 novembre 2025 Venez d\u00e9couvrir le March\u00e9 de Noel avec nous !\" \/>\n<meta property=\"og:url\" content=\"https:\/\/apelespetitsbignolais.fr\/index.php\/marche-de-noel\/\" \/>\n<meta property=\"og:site_name\" content=\"Les Petits Bignolais\" \/>\n<meta property=\"article:modified_time\" content=\"2025-09-11T19:34:00+00:00\" \/>\n<meta property=\"og:image\" content=\"http:\/\/apelespetitsbignolais.fr\/wp-content\/uploads\/2024\/10\/marche-de-noel.jpg\" \/>\n<meta name=\"twitter:card\" content=\"summary_large_image\" \/>\n<meta name=\"twitter:label1\" content=\"Dur\u00e9e de lecture estim\u00e9e\" \/>\n\t<meta name=\"twitter:data1\" content=\"1 minute\" \/>\n<script type=\"application\/ld+json\" class=\"yoast-schema-graph\">{\"@context\":\"https:\\\/\\\/schema.org\",\"@graph\":[{\"@type\":\"WebPage\",\"@id\":\"https:\\\/\\\/apelespetitsbignolais.fr\\\/index.php\\\/marche-de-noel\\\/\",\"url\":\"https:\\\/\\\/apelespetitsbignolais.fr\\\/index.php\\\/marche-de-noel\\\/\",\"name\":\"March\u00e9 de No\u00ebl - Les Petits Bignolais\",\"isPartOf\":{\"@id\":\"https:\\\/\\\/apelespetitsbignolais.fr\\\/#website\"},\"primaryImageOfPage\":{\"@id\":\"https:\\\/\\\/apelespetitsbignolais.fr\\\/index.php\\\/marche-de-noel\\\/#primaryimage\"},\"image\":{\"@id\":\"https:\\\/\\\/apelespetitsbignolais.fr\\\/index.php\\\/marche-de-noel\\\/#primaryimage\"},\"thumbnailUrl\":\"http:\\\/\\\/apelespetitsbignolais.fr\\\/wp-content\\\/uploads\\\/2024\\\/10\\\/marche-de-noel.jpg\",\"datePublished\":\"2024-10-27T18:58:58+00:00\",\"dateModified\":\"2025-09-11T19:34:00+00:00\",\"breadcrumb\":{\"@id\":\"https:\\\/\\\/apelespetitsbignolais.fr\\\/index.php\\\/marche-de-noel\\\/#breadcrumb\"},\"inLanguage\":\"fr-FR\",\"potentialAction\":[{\"@type\":\"ReadAction\",\"target\":[\"https:\\\/\\\/apelespetitsbignolais.fr\\\/index.php\\\/marche-de-noel\\\/\"]}]},{\"@type\":\"ImageObject\",\"inLanguage\":\"fr-FR\",\"@id\":\"https:\\\/\\\/apelespetitsbignolais.fr\\\/index.php\\\/marche-de-noel\\\/#primaryimage\",\"url\":\"https:\\\/\\\/apelespetitsbignolais.fr\\\/wp-content\\\/uploads\\\/2024\\\/10\\\/marche-de-noel.jpg\",\"contentUrl\":\"https:\\\/\\\/apelespetitsbignolais.fr\\\/wp-content\\\/uploads\\\/2024\\\/10\\\/marche-de-noel.jpg\",\"width\":314,\"height\":234},{\"@type\":\"BreadcrumbList\",\"@id\":\"https:\\\/\\\/apelespetitsbignolais.fr\\\/index.php\\\/marche-de-noel\\\/#breadcrumb\",\"itemListElement\":[{\"@type\":\"ListItem\",\"position\":1,\"name\":\"Accueil\",\"item\":\"https:\\\/\\\/apelespetitsbignolais.fr\\\/\"},{\"@type\":\"ListItem\",\"position\":2,\"name\":\"March\u00e9 de No\u00ebl\"}]},{\"@type\":\"WebSite\",\"@id\":\"https:\\\/\\\/apelespetitsbignolais.fr\\\/#website\",\"url\":\"https:\\\/\\\/apelespetitsbignolais.fr\\\/\",\"name\":\"APE Les Petits Bignolais\",\"description\":\"Association des parents d&#039;\u00e9l\u00e8ves des \u00e9coles maternelle et primaire  de Bigny Vallenay\",\"publisher\":{\"@id\":\"https:\\\/\\\/apelespetitsbignolais.fr\\\/#organization\"},\"potentialAction\":[{\"@type\":\"SearchAction\",\"target\":{\"@type\":\"EntryPoint\",\"urlTemplate\":\"https:\\\/\\\/apelespetitsbignolais.fr\\\/?s={search_term_string}\"},\"query-input\":{\"@type\":\"PropertyValueSpecification\",\"valueRequired\":true,\"valueName\":\"search_term_string\"}}],\"inLanguage\":\"fr-FR\"},{\"@type\":\"Organization\",\"@id\":\"https:\\\/\\\/apelespetitsbignolais.fr\\\/#organization\",\"name\":\"APE Les Petits Bignolais\",\"url\":\"https:\\\/\\\/apelespetitsbignolais.fr\\\/\",\"logo\":{\"@type\":\"ImageObject\",\"inLanguage\":\"fr-FR\",\"@id\":\"https:\\\/\\\/apelespetitsbignolais.fr\\\/#\\\/schema\\\/logo\\\/image\\\/\",\"url\":\"https:\\\/\\\/apelespetitsbignolais.fr\\\/wp-content\\\/uploads\\\/2024\\\/10\\\/cropped-LOGO-SITE.jpg\",\"contentUrl\":\"https:\\\/\\\/apelespetitsbignolais.fr\\\/wp-content\\\/uploads\\\/2024\\\/10\\\/cropped-LOGO-SITE.jpg\",\"width\":1314,\"height\":558,\"caption\":\"APE Les Petits Bignolais\"},\"image\":{\"@id\":\"https:\\\/\\\/apelespetitsbignolais.fr\\\/#\\\/schema\\\/logo\\\/image\\\/\"}}]}<\/script>\n<!-- \/ Yoast SEO plugin. -->","yoast_head_json":{"title":"March\u00e9 de No\u00ebl - Les Petits Bignolais","robots":{"index":"index","follow":"follow","max-snippet":"max-snippet:-1","max-image-preview":"max-image-preview:large","max-video-preview":"max-video-preview:-1"},"canonical":"https:\/\/apelespetitsbignolais.fr\/index.php\/marche-de-noel\/","og_locale":"fr_FR","og_type":"article","og_title":"March\u00e9 de No\u00ebl - Les Petits Bignolais","og_description":"March\u00e9 de No\u00ebl Les samedi 22 et dimanche 23 novembre 2025 Venez d\u00e9couvrir le March\u00e9 de Noel avec nous !","og_url":"https:\/\/apelespetitsbignolais.fr\/index.php\/marche-de-noel\/","og_site_name":"Les Petits Bignolais","article_modified_time":"2025-09-11T19:34:00+00:00","og_image":[{"url":"http:\/\/apelespetitsbignolais.fr\/wp-content\/uploads\/2024\/10\/marche-de-noel.jpg","type":"","width":"","height":""}],"twitter_card":"summary_large_image","twitter_misc":{"Dur\u00e9e de lecture estim\u00e9e":"1 minute"},"schema":{"@context":"https:\/\/schema.org","@graph":[{"@type":"WebPage","@id":"https:\/\/apelespetitsbignolais.fr\/index.php\/marche-de-noel\/","url":"https:\/\/apelespetitsbignolais.fr\/index.php\/marche-de-noel\/","name":"March\u00e9 de No\u00ebl - Les Petits Bignolais","isPartOf":{"@id":"https:\/\/apelespetitsbignolais.fr\/#website"},"primaryImageOfPage":{"@id":"https:\/\/apelespetitsbignolais.fr\/index.php\/marche-de-noel\/#primaryimage"},"image":{"@id":"https:\/\/apelespetitsbignolais.fr\/index.php\/marche-de-noel\/#primaryimage"},"thumbnailUrl":"http:\/\/apelespetitsbignolais.fr\/wp-content\/uploads\/2024\/10\/marche-de-noel.jpg","datePublished":"2024-10-27T18:58:58+00:00","dateModified":"2025-09-11T19:34:00+00:00","breadcrumb":{"@id":"https:\/\/apelespetitsbignolais.fr\/index.php\/marche-de-noel\/#breadcrumb"},"inLanguage":"fr-FR","potentialAction":[{"@type":"ReadAction","target":["https:\/\/apelespetitsbignolais.fr\/index.php\/marche-de-noel\/"]}]},{"@type":"ImageObject","inLanguage":"fr-FR","@id":"https:\/\/apelespetitsbignolais.fr\/index.php\/marche-de-noel\/#primaryimage","url":"https:\/\/apelespetitsbignolais.fr\/wp-content\/uploads\/2024\/10\/marche-de-noel.jpg","contentUrl":"https:\/\/apelespetitsbignolais.fr\/wp-content\/uploads\/2024\/10\/marche-de-noel.jpg","width":314,"height":234},{"@type":"BreadcrumbList","@id":"https:\/\/apelespetitsbignolais.fr\/index.php\/marche-de-noel\/#breadcrumb","itemListElement":[{"@type":"ListItem","position":1,"name":"Accueil","item":"https:\/\/apelespetitsbignolais.fr\/"},{"@type":"ListItem","position":2,"name":"March\u00e9 de No\u00ebl"}]},{"@type":"WebSite","@id":"https:\/\/apelespetitsbignolais.fr\/#website","url":"https:\/\/apelespetitsbignolais.fr\/","name":"APE Les Petits Bignolais","description":"Association des parents d&#039;\u00e9l\u00e8ves des \u00e9coles maternelle et primaire  de Bigny Vallenay","publisher":{"@id":"https:\/\/apelespetitsbignolais.fr\/#organization"},"potentialAction":[{"@type":"SearchAction","target":{"@type":"EntryPoint","urlTemplate":"https:\/\/apelespetitsbignolais.fr\/?s={search_term_string}"},"query-input":{"@type":"PropertyValueSpecification","valueRequired":true,"valueName":"search_term_string"}}],"inLanguage":"fr-FR"},{"@type":"Organization","@id":"https:\/\/apelespetitsbignolais.fr\/#organization","name":"APE Les Petits Bignolais","url":"https:\/\/apelespetitsbignolais.fr\/","logo":{"@type":"ImageObject","inLanguage":"fr-FR","@id":"https:\/\/apelespetitsbignolais.fr\/#\/schema\/logo\/image\/","url":"https:\/\/apelespetitsbignolais.fr\/wp-content\/uploads\/2024\/10\/cropped-LOGO-SITE.jpg","contentUrl":"https:\/\/apelespetitsbignolais.fr\/wp-content\/uploads\/2024\/10\/cropped-LOGO-SITE.jpg","width":1314,"height":558,"caption":"APE Les Petits Bignolais"},"image":{"@id":"https:\/\/apelespetitsbignolais.fr\/#\/schema\/logo\/image\/"}}]}},"_links":{"self":[{"href":"https:\/\/apelespetitsbignolais.fr\/index.php\/wp-json\/wp\/v2\/pages\/699","targetHints":{"allow":["GET"]}}],"collection":[{"href":"https:\/\/apelespetitsbignolais.fr\/index.php\/wp-json\/wp\/v2\/pages"}],"about":[{"href":"https:\/\/apelespetitsbignolais.fr\/index.php\/wp-json\/wp\/v2\/types\/page"}],"author":[{"embeddable":true,"href":"https:\/\/apelespetitsbignolais.fr\/index.php\/wp-json\/wp\/v2\/users\/1"}],"replies":[{"embeddable":true,"href":"https:\/\/apelespetitsbignolais.fr\/index.php\/wp-json\/wp\/v2\/comments?post=699"}],"version-history":[{"count":10,"href":"https:\/\/apelespetitsbignolais.fr\/index.php\/wp-json\/wp\/v2\/pages\/699\/revisions"}],"predecessor-version":[{"id":1205,"href":"https:\/\/apelespetitsbignolais.fr\/index.php\/wp-json\/wp\/v2\/pages\/699\/revisions\/1205"}],"wp:attachment":[{"href":"https:\/\/apelespetitsbignolais.fr\/index.php\/wp-json\/wp\/v2\/media?parent=699"}],"curies":[{"name":"wp","href":"https:\/\/api.w.org\/{rel}","templated":true}]}}