{"id":8,"date":"2024-10-18T22:22:23","date_gmt":"2024-10-18T20:22:23","guid":{"rendered":"http:\/\/apelespetitsbignolais.fr\/?page_id=8"},"modified":"2025-09-22T22:33:48","modified_gmt":"2025-09-22T20:33:48","slug":"ape-les-petits-bignolais","status":"publish","type":"page","link":"https:\/\/apelespetitsbignolais.fr\/","title":{"rendered":"Votre A.P.E."},"content":{"rendered":"\t\t<div data-elementor-type=\"wp-page\" data-elementor-id=\"8\" class=\"elementor elementor-8\">\n\t\t\t\t<div class=\"elementor-element elementor-element-a49cb69 e-con-full e-flex e-con e-parent\" data-id=\"a49cb69\" data-element_type=\"container\" data-e-type=\"container\">\n\t\t\t\t<div class=\"elementor-element elementor-element-14842dd elementor-widget__width-initial elementor-widget-tablet__width-initial elementor-widget-mobile__width-initial elementor-widget elementor-widget-heading\" data-id=\"14842dd\" data-element_type=\"widget\" data-e-type=\"widget\" data-widget_type=\"heading.default\">\n\t\t\t\t<div class=\"elementor-widget-container\">\n\t\t\t\t\t<h2 class=\"elementor-heading-title elementor-size-default\">Votre A.P.E.<\/h2>\t\t\t\t<\/div>\n\t\t\t\t<\/div>\n\t\t\t\t<\/div>\n\t\t<div class=\"elementor-element elementor-element-9d2d700 e-con-full e-flex e-con e-parent\" data-id=\"9d2d700\" data-element_type=\"container\" data-e-type=\"container\" data-settings=\"{&quot;background_background&quot;:&quot;classic&quot;}\">\n\t\t\t\t<div class=\"elementor-element elementor-element-e1ee84b elementor-widget elementor-widget-heading\" data-id=\"e1ee84b\" data-element_type=\"widget\" data-e-type=\"widget\" data-widget_type=\"heading.default\">\n\t\t\t\t<div class=\"elementor-widget-container\">\n\t\t\t\t\t<h2 class=\"elementor-heading-title elementor-size-default\"><br>Bienvenue \u00e0 l'APE Les Petits Bignolais<br><br>Votre association des parents d'\u00e9l\u00e8ves de l'\u00e9cole primaire de Bigny Vallenay<\/h2>\t\t\t\t<\/div>\n\t\t\t\t<\/div>\n\t\t<div class=\"elementor-element elementor-element-1decf4f e-grid e-con-full e-con e-child\" data-id=\"1decf4f\" data-element_type=\"container\" data-e-type=\"container\">\n\t\t\t\t<div class=\"elementor-element elementor-element-395d11b elementor-widget-tablet__width-initial elementor-widget elementor-widget-image\" data-id=\"395d11b\" data-element_type=\"widget\" data-e-type=\"widget\" data-widget_type=\"image.default\">\n\t\t\t\t<div class=\"elementor-widget-container\">\n\t\t\t\t\t\t\t\t\t\t\t\t\t\t\t<img fetchpriority=\"high\" decoding=\"async\" width=\"1024\" height=\"983\" src=\"https:\/\/apelespetitsbignolais.fr\/wp-content\/uploads\/2024\/11\/DALL\u00b7E-2024-11-22-15.38.59-A-vibrant-and-nostalgic-illustration-showing-various-scenes-from-childhood.-A-joyful-school-playground-with-children-playing-games-like-hopscotch-bal-e1732302471157.webp\" class=\"attachment-large size-large wp-image-1057\" alt=\"\" srcset=\"https:\/\/apelespetitsbignolais.fr\/wp-content\/uploads\/2024\/11\/DALL\u00b7E-2024-11-22-15.38.59-A-vibrant-and-nostalgic-illustration-showing-various-scenes-from-childhood.-A-joyful-school-playground-with-children-playing-games-like-hopscotch-bal-e1732302471157.webp 1024w, https:\/\/apelespetitsbignolais.fr\/wp-content\/uploads\/2024\/11\/DALL\u00b7E-2024-11-22-15.38.59-A-vibrant-and-nostalgic-illustration-showing-various-scenes-from-childhood.-A-joyful-school-playground-with-children-playing-games-like-hopscotch-bal-e1732302471157-300x288.webp 300w, https:\/\/apelespetitsbignolais.fr\/wp-content\/uploads\/2024\/11\/DALL\u00b7E-2024-11-22-15.38.59-A-vibrant-and-nostalgic-illustration-showing-various-scenes-from-childhood.-A-joyful-school-playground-with-children-playing-games-like-hopscotch-bal-e1732302471157-768x737.webp 768w\" sizes=\"(max-width: 1024px) 100vw, 1024px\" \/>\t\t\t\t\t\t\t\t\t\t\t\t\t\t\t<\/div>\n\t\t\t\t<\/div>\n\t\t\t\t<div class=\"elementor-element elementor-element-482dbf7 elementor-widget__width-initial elementor-widget-mobile__width-inherit elementor-widget elementor-widget-text-editor\" data-id=\"482dbf7\" data-element_type=\"widget\" data-e-type=\"widget\" data-widget_type=\"text-editor.default\">\n\t\t\t\t<div class=\"elementor-widget-container\">\n\t\t\t\t\t\t\t\t\t<h2><span style=\"font-weight: 400; font-size: 18px;\">Nous avons tous dans un coin de notre t\u00eate de fabuleux souvenirs de notre enfance !<\/span><\/h2><p>Etre avec ses amis dans la cour de r\u00e9cr\u00e9ation ; vivre un voyage scolaire ; apprendre \u00e0 lire, \u00e9crire et compter ; jouer \u00e0 la marelle,\u00a0<span style=\"font-family: var( --e-global-typography-text-font-family ), Sans-serif; font-weight: var( --e-global-typography-text-font-weight );\">au ballon ou faire du tricycle ; \u00eatre interrog\u00e9 par son ma\u00eetre ou sa ma\u00eetresse devant la classe ; apprendre \u00e0 nager \u00e0 la piscine ; s&rsquo;amuser \u00e0 la kermesse de fin d&rsquo;ann\u00e9e &#8230;sont autant de choses que nous avons pu faire et que nous souhaitons pour nos enfants.<\/span><\/p><p>Votre APE Les Petits Bignolais est l\u00e0 pour cela : Aider les parents et les ma\u00eetresses d&rsquo;\u00e9cole a faire que nos enfants vivent de nombreuses exp\u00e9riences et aient des souvenirs plein la t\u00eate.<\/p><h3><b>Alors suivez l&rsquo;APE Les Petits Bignolais et aidez nos enfants!<\/b><\/h3><div>\u00a0<\/div>\t\t\t\t\t\t\t\t<\/div>\n\t\t\t\t<\/div>\n\t\t\t\t<div class=\"elementor-element elementor-element-630ea54 elementor-widget__width-initial elementor-widget elementor-widget-text-editor\" data-id=\"630ea54\" data-element_type=\"widget\" data-e-type=\"widget\" data-widget_type=\"text-editor.default\">\n\t\t\t\t<div class=\"elementor-widget-container\">\n\t\t\t\t\t\t\t\t\t<p>\u00a0<\/p><h2><span style=\"font-weight: 400; font-size: 18px;\">\u00a0<\/span><\/h2><h2><span style=\"font-weight: 400; font-size: 18px;\">Partez \u00e0 la d\u00e9couverte de\u00a0<\/span><a style=\"font-weight: 400; font-size: 18px;\" href=\"http:\/\/apelespetitsbignolais.fr\/index.php\/notre-ecole\/\" target=\"_blank\" rel=\"noopener\">l&rsquo;\u00e9cole primaire<\/a><span style=\"font-weight: 400; font-size: 18px;\">, de l&rsquo;\u00e9quipe p\u00e9dagogique et de leur projet pour cette ann\u00e9e !<\/span><\/h2><p>Participez \u00e0 <a href=\"https:\/\/apelespetitsbignolais.fr\/index.php\/notre-boutique\/\">nos op\u00e9rations<\/a> ! chocolats, madeleine, biscuits, sapin de no\u00ebl&#8230;, et <a href=\"https:\/\/apelespetitsbignolais.fr\/index.php\/nos-manifestations\/\">nos manifestations<\/a> ! rifle, kermesse, P\u00e2ques, halloween&#8230;<\/p><p>Remerciez\u00a0<a href=\"http:\/\/apelespetitsbignolais.fr\/index.php\/nos-partenaires\/\" target=\"_blank\" rel=\"noopener\">nos partenaires<\/a>\u00a0! ils aident vos enfants!<\/p><p>Retrouvez\u00a0<a href=\"http:\/\/apelespetitsbignolais.fr\/index.php\/aides-aux-parents\/\" target=\"_blank\" rel=\"noopener\">toutes les informations<\/a>\u00a0qui vous sont n\u00e9cessaires durant le parcours scolaire de vos enfants\u00a0<\/p><p>Alicia SILVERI (pr\u00e9sidente), Alicia PERA (vice pr\u00e9sidente), Maud GUILLAUMIN (secr\u00e9taire), Lola FOURNIER (vice secr\u00e9taire), Maeva BEGUE (tr\u00e9sori\u00e8re) et Emilie CHAPELIN (vice tr\u00e9sori\u00e8re)\u00a0<\/p><p>sont l\u00e0 pour vous alors n&rsquo;h\u00e9sitez pas \u00e0\u00a0<a href=\"https:\/\/apelespetitsbignolais.fr\/index.php\/contact\/\" target=\"_blank\" rel=\"noopener\">nous contacter<\/a>\u00a0!<\/p><p>Vous nous trouverez \u00e9galement sur\u00a0<a href=\"https:\/\/www.facebook.com\/apelespetits.bignolais.7\/\" target=\"_blank\" rel=\"noopener\">facebook\u00a0<\/a>!<\/p>\t\t\t\t\t\t\t\t<\/div>\n\t\t\t\t<\/div>\n\t\t\t\t<div class=\"elementor-element elementor-element-0af14ca elementor-widget-tablet__width-auto elementor-widget elementor-widget-image\" data-id=\"0af14ca\" data-element_type=\"widget\" data-e-type=\"widget\" data-widget_type=\"image.default\">\n\t\t\t\t<div class=\"elementor-widget-container\">\n\t\t\t\t\t\t\t\t\t\t\t\t\t\t\t<img decoding=\"async\" width=\"1024\" height=\"1024\" src=\"https:\/\/apelespetitsbignolais.fr\/wp-content\/uploads\/2024\/11\/DALL\u00b7E-2024-11-22-15.39.14-A-joyful-and-colorful-illustration-depicting-childhood-memories-in-a-school-setting.-Different-scenes-include-children-playing-games-like-hopscotch-an.webp\" class=\"attachment-large size-large wp-image-1058\" alt=\"\" srcset=\"https:\/\/apelespetitsbignolais.fr\/wp-content\/uploads\/2024\/11\/DALL\u00b7E-2024-11-22-15.39.14-A-joyful-and-colorful-illustration-depicting-childhood-memories-in-a-school-setting.-Different-scenes-include-children-playing-games-like-hopscotch-an.webp 1024w, https:\/\/apelespetitsbignolais.fr\/wp-content\/uploads\/2024\/11\/DALL\u00b7E-2024-11-22-15.39.14-A-joyful-and-colorful-illustration-depicting-childhood-memories-in-a-school-setting.-Different-scenes-include-children-playing-games-like-hopscotch-an-300x300.webp 300w, https:\/\/apelespetitsbignolais.fr\/wp-content\/uploads\/2024\/11\/DALL\u00b7E-2024-11-22-15.39.14-A-joyful-and-colorful-illustration-depicting-childhood-memories-in-a-school-setting.-Different-scenes-include-children-playing-games-like-hopscotch-an-150x150.webp 150w, https:\/\/apelespetitsbignolais.fr\/wp-content\/uploads\/2024\/11\/DALL\u00b7E-2024-11-22-15.39.14-A-joyful-and-colorful-illustration-depicting-childhood-memories-in-a-school-setting.-Different-scenes-include-children-playing-games-like-hopscotch-an-768x768.webp 768w, https:\/\/apelespetitsbignolais.fr\/wp-content\/uploads\/2024\/11\/DALL\u00b7E-2024-11-22-15.39.14-A-joyful-and-colorful-illustration-depicting-childhood-memories-in-a-school-setting.-Different-scenes-include-children-playing-games-like-hopscotch-an-186x185.webp 186w, https:\/\/apelespetitsbignolais.fr\/wp-content\/uploads\/2024\/11\/DALL\u00b7E-2024-11-22-15.39.14-A-joyful-and-colorful-illustration-depicting-childhood-memories-in-a-school-setting.-Different-scenes-include-children-playing-games-like-hopscotch-an-220x220.webp 220w, https:\/\/apelespetitsbignolais.fr\/wp-content\/uploads\/2024\/11\/DALL\u00b7E-2024-11-22-15.39.14-A-joyful-and-colorful-illustration-depicting-childhood-memories-in-a-school-setting.-Different-scenes-include-children-playing-games-like-hopscotch-an-60x60.webp 60w\" sizes=\"(max-width: 1024px) 100vw, 1024px\" \/>\t\t\t\t\t\t\t\t\t\t\t\t\t\t\t<\/div>\n\t\t\t\t<\/div>\n\t\t\t\t<\/div>\n\t\t\t\t<\/div>\n\t\t\t\t<\/div>\n\t\t","protected":false},"excerpt":{"rendered":"<p>Votre A.P.E. Bienvenue \u00e0 l&rsquo;APE Les Petits Bignolais Votre association des parents d&rsquo;\u00e9l\u00e8ves de l&rsquo;\u00e9cole primaire de Bigny Vallenay Nous avons tous dans un coin de notre t\u00eate de fabuleux souvenirs de notre enfance ! Etre avec ses amis dans &hellip; <\/p>\n","protected":false},"author":1,"featured_media":0,"parent":0,"menu_order":0,"comment_status":"closed","ping_status":"closed","template":"elementor_header_footer","meta":{"footnotes":""},"class_list":["post-8","page","type-page","status-publish","hentry"],"yoast_head":"<!-- This site is optimized with the Yoast SEO plugin v27.3 - https:\/\/yoast.com\/product\/yoast-seo-wordpress\/ -->\n<title>Votre APE Les Petits Bignolais<\/title>\n<meta name=\"description\" content=\"D\u00e9couvrez l&#039;APE Les Petits Bignolais | votre association des parents d&#039;\u00e9l\u00e8ves de l&#039;\u00e9cole primaire de Bigny Vallenay.\" \/>\n<meta name=\"robots\" content=\"index, follow, max-snippet:-1, max-image-preview:large, max-video-preview:-1\" \/>\n<link rel=\"canonical\" href=\"https:\/\/apelespetitsbignolais.fr\/\" \/>\n<meta property=\"og:locale\" content=\"fr_FR\" \/>\n<meta property=\"og:type\" content=\"article\" \/>\n<meta property=\"og:title\" content=\"Votre APE Les Petits Bignolais\" \/>\n<meta property=\"og:description\" content=\"D\u00e9couvrez l&#039;APE Les Petits Bignolais | votre association des parents d&#039;\u00e9l\u00e8ves de l&#039;\u00e9cole primaire de Bigny Vallenay.\" \/>\n<meta property=\"og:url\" content=\"https:\/\/apelespetitsbignolais.fr\/\" \/>\n<meta property=\"og:site_name\" content=\"Les Petits Bignolais\" \/>\n<meta property=\"article:modified_time\" content=\"2025-09-22T20:33:48+00:00\" \/>\n<meta name=\"twitter:card\" content=\"summary_large_image\" \/>\n<meta name=\"twitter:label1\" content=\"Dur\u00e9e de lecture estim\u00e9e\" \/>\n\t<meta name=\"twitter:data1\" content=\"2 minutes\" \/>\n<script type=\"application\/ld+json\" class=\"yoast-schema-graph\">{\"@context\":\"https:\\\/\\\/schema.org\",\"@graph\":[{\"@type\":\"WebPage\",\"@id\":\"https:\\\/\\\/apelespetitsbignolais.fr\\\/\",\"url\":\"https:\\\/\\\/apelespetitsbignolais.fr\\\/\",\"name\":\"Votre APE Les Petits Bignolais\",\"isPartOf\":{\"@id\":\"https:\\\/\\\/apelespetitsbignolais.fr\\\/#website\"},\"datePublished\":\"2024-10-18T20:22:23+00:00\",\"dateModified\":\"2025-09-22T20:33:48+00:00\",\"description\":\"D\u00e9couvrez l'APE Les Petits Bignolais | votre association des parents d'\u00e9l\u00e8ves de l'\u00e9cole primaire de Bigny Vallenay.\",\"breadcrumb\":{\"@id\":\"https:\\\/\\\/apelespetitsbignolais.fr\\\/#breadcrumb\"},\"inLanguage\":\"fr-FR\",\"potentialAction\":[{\"@type\":\"ReadAction\",\"target\":[\"https:\\\/\\\/apelespetitsbignolais.fr\\\/\"]}]},{\"@type\":\"BreadcrumbList\",\"@id\":\"https:\\\/\\\/apelespetitsbignolais.fr\\\/#breadcrumb\",\"itemListElement\":[{\"@type\":\"ListItem\",\"position\":1,\"name\":\"Accueil\",\"item\":\"https:\\\/\\\/apelespetitsbignolais.fr\\\/\"},{\"@type\":\"ListItem\",\"position\":2,\"name\":\"Votre A.P.E.\"}]},{\"@type\":\"WebSite\",\"@id\":\"https:\\\/\\\/apelespetitsbignolais.fr\\\/#website\",\"url\":\"https:\\\/\\\/apelespetitsbignolais.fr\\\/\",\"name\":\"APE Les Petits Bignolais\",\"description\":\"Association des parents d&#039;\u00e9l\u00e8ves des \u00e9coles maternelle et primaire  de Bigny Vallenay\",\"publisher\":{\"@id\":\"https:\\\/\\\/apelespetitsbignolais.fr\\\/#organization\"},\"potentialAction\":[{\"@type\":\"SearchAction\",\"target\":{\"@type\":\"EntryPoint\",\"urlTemplate\":\"https:\\\/\\\/apelespetitsbignolais.fr\\\/?s={search_term_string}\"},\"query-input\":{\"@type\":\"PropertyValueSpecification\",\"valueRequired\":true,\"valueName\":\"search_term_string\"}}],\"inLanguage\":\"fr-FR\"},{\"@type\":\"Organization\",\"@id\":\"https:\\\/\\\/apelespetitsbignolais.fr\\\/#organization\",\"name\":\"APE Les Petits Bignolais\",\"url\":\"https:\\\/\\\/apelespetitsbignolais.fr\\\/\",\"logo\":{\"@type\":\"ImageObject\",\"inLanguage\":\"fr-FR\",\"@id\":\"https:\\\/\\\/apelespetitsbignolais.fr\\\/#\\\/schema\\\/logo\\\/image\\\/\",\"url\":\"https:\\\/\\\/apelespetitsbignolais.fr\\\/wp-content\\\/uploads\\\/2024\\\/10\\\/cropped-LOGO-SITE.jpg\",\"contentUrl\":\"https:\\\/\\\/apelespetitsbignolais.fr\\\/wp-content\\\/uploads\\\/2024\\\/10\\\/cropped-LOGO-SITE.jpg\",\"width\":1314,\"height\":558,\"caption\":\"APE Les Petits Bignolais\"},\"image\":{\"@id\":\"https:\\\/\\\/apelespetitsbignolais.fr\\\/#\\\/schema\\\/logo\\\/image\\\/\"}}]}<\/script>\n<!-- \/ Yoast SEO plugin. -->","yoast_head_json":{"title":"Votre APE Les Petits Bignolais","description":"D\u00e9couvrez l'APE Les Petits Bignolais | votre association des parents d'\u00e9l\u00e8ves de l'\u00e9cole primaire de Bigny Vallenay.","robots":{"index":"index","follow":"follow","max-snippet":"max-snippet:-1","max-image-preview":"max-image-preview:large","max-video-preview":"max-video-preview:-1"},"canonical":"https:\/\/apelespetitsbignolais.fr\/","og_locale":"fr_FR","og_type":"article","og_title":"Votre APE Les Petits Bignolais","og_description":"D\u00e9couvrez l'APE Les Petits Bignolais | votre association des parents d'\u00e9l\u00e8ves de l'\u00e9cole primaire de Bigny Vallenay.","og_url":"https:\/\/apelespetitsbignolais.fr\/","og_site_name":"Les Petits Bignolais","article_modified_time":"2025-09-22T20:33:48+00:00","twitter_card":"summary_large_image","twitter_misc":{"Dur\u00e9e de lecture estim\u00e9e":"2 minutes"},"schema":{"@context":"https:\/\/schema.org","@graph":[{"@type":"WebPage","@id":"https:\/\/apelespetitsbignolais.fr\/","url":"https:\/\/apelespetitsbignolais.fr\/","name":"Votre APE Les Petits Bignolais","isPartOf":{"@id":"https:\/\/apelespetitsbignolais.fr\/#website"},"datePublished":"2024-10-18T20:22:23+00:00","dateModified":"2025-09-22T20:33:48+00:00","description":"D\u00e9couvrez l'APE Les Petits Bignolais | votre association des parents d'\u00e9l\u00e8ves de l'\u00e9cole primaire de Bigny Vallenay.","breadcrumb":{"@id":"https:\/\/apelespetitsbignolais.fr\/#breadcrumb"},"inLanguage":"fr-FR","potentialAction":[{"@type":"ReadAction","target":["https:\/\/apelespetitsbignolais.fr\/"]}]},{"@type":"BreadcrumbList","@id":"https:\/\/apelespetitsbignolais.fr\/#breadcrumb","itemListElement":[{"@type":"ListItem","position":1,"name":"Accueil","item":"https:\/\/apelespetitsbignolais.fr\/"},{"@type":"ListItem","position":2,"name":"Votre A.P.E."}]},{"@type":"WebSite","@id":"https:\/\/apelespetitsbignolais.fr\/#website","url":"https:\/\/apelespetitsbignolais.fr\/","name":"APE Les Petits Bignolais","description":"Association des parents d&#039;\u00e9l\u00e8ves des \u00e9coles maternelle et primaire  de Bigny Vallenay","publisher":{"@id":"https:\/\/apelespetitsbignolais.fr\/#organization"},"potentialAction":[{"@type":"SearchAction","target":{"@type":"EntryPoint","urlTemplate":"https:\/\/apelespetitsbignolais.fr\/?s={search_term_string}"},"query-input":{"@type":"PropertyValueSpecification","valueRequired":true,"valueName":"search_term_string"}}],"inLanguage":"fr-FR"},{"@type":"Organization","@id":"https:\/\/apelespetitsbignolais.fr\/#organization","name":"APE Les Petits Bignolais","url":"https:\/\/apelespetitsbignolais.fr\/","logo":{"@type":"ImageObject","inLanguage":"fr-FR","@id":"https:\/\/apelespetitsbignolais.fr\/#\/schema\/logo\/image\/","url":"https:\/\/apelespetitsbignolais.fr\/wp-content\/uploads\/2024\/10\/cropped-LOGO-SITE.jpg","contentUrl":"https:\/\/apelespetitsbignolais.fr\/wp-content\/uploads\/2024\/10\/cropped-LOGO-SITE.jpg","width":1314,"height":558,"caption":"APE Les Petits Bignolais"},"image":{"@id":"https:\/\/apelespetitsbignolais.fr\/#\/schema\/logo\/image\/"}}]}},"_links":{"self":[{"href":"https:\/\/apelespetitsbignolais.fr\/index.php\/wp-json\/wp\/v2\/pages\/8","targetHints":{"allow":["GET"]}}],"collection":[{"href":"https:\/\/apelespetitsbignolais.fr\/index.php\/wp-json\/wp\/v2\/pages"}],"about":[{"href":"https:\/\/apelespetitsbignolais.fr\/index.php\/wp-json\/wp\/v2\/types\/page"}],"author":[{"embeddable":true,"href":"https:\/\/apelespetitsbignolais.fr\/index.php\/wp-json\/wp\/v2\/users\/1"}],"replies":[{"embeddable":true,"href":"https:\/\/apelespetitsbignolais.fr\/index.php\/wp-json\/wp\/v2\/comments?post=8"}],"version-history":[{"count":162,"href":"https:\/\/apelespetitsbignolais.fr\/index.php\/wp-json\/wp\/v2\/pages\/8\/revisions"}],"predecessor-version":[{"id":1316,"href":"https:\/\/apelespetitsbignolais.fr\/index.php\/wp-json\/wp\/v2\/pages\/8\/revisions\/1316"}],"wp:attachment":[{"href":"https:\/\/apelespetitsbignolais.fr\/index.php\/wp-json\/wp\/v2\/media?parent=8"}],"curies":[{"name":"wp","href":"https:\/\/api.w.org\/{rel}","templated":true}]}}